{"id":1974,"date":"2022-12-01T19:52:09","date_gmt":"2022-12-01T22:52:09","guid":{"rendered":"https:\/\/www.aleyork.com\/?page_id=1974"},"modified":"2024-06-07T17:37:19","modified_gmt":"2024-06-07T20:37:19","slug":"lugares-para-visitar-com-decoracao-natalina","status":"publish","type":"page","link":"https:\/\/www.aleyork.com\/en\/dicas-dos-eua\/lugares-para-visitar-com-decoracao-natalina\/","title":{"rendered":"Lugares para visitar com decora\u00e7\u00e3o natalina"},"content":{"rendered":"<p><strong>1. A \u00c1RVORE DE NATAL DO ROCKERFELLER CENTER<\/strong><\/p>\n<p>Um dos pontos tur\u00edsticos mais conhecidos em NYC. Todo ano eles colocam a \u00e1rvore e \u00e9 a coisa mais linda. Tem pista de patina\u00e7\u00e3o tamb\u00e9m.<\/p>\n<p>Endere\u00e7o: 45 Rockefeller Plaza, New York, NY 10111<\/p>\n<p>Tel: +1 (212) 588.8601<\/p>\n<p><strong><a href=\"https:\/\/www.rockefellercenter.com\/?webview=true&amp;%2525252525253Butm_source=reshet.tv&amp;%2525252525253Butm_medium=app&amp;%2525252525253Butm_=undefined%25252525252525253A368%25252525252525253A2064&amp;gclid=Cj0KCQiAsoycBhC6ARIsAPPbeLvf1Cp14whwTeGgqJ-7G6f3IafT1L8-Kq0kI4gWPIVs7RPkkPwOvP8aAvmnEALw_wcB\">https:\/\/www.rockefellercenter.com<\/a><\/strong><\/p>\n<p>&nbsp;<\/p>\n<p><strong>2. HUDSON YARDS<\/strong><\/p>\n<p>Adoro esse lugar! Virou um centro cultural de Manhattan. Tem uma vista incr\u00edvel, restaurantes e v\u00e1rias lojas para voc\u00ea comprar!<\/p>\n<p>Endere\u00e7o: 42nd &amp; 8th Ave., 33rd &amp; 11th Ave, New York, New York &#8211; NY 10036.<\/p>\n<p><strong><a href=\"https:\/\/www.hudsonyardsnewyork.com\">https:\/\/www.hudsonyardsnewyork.com<\/a><\/strong><\/p>\n<p>&nbsp;<\/p>\n<p><strong>3. TIMES SQUARE<\/strong><\/p>\n<p>Esse ponto tur\u00edstico vale para qualquer \u00e9poca do ano. N\u00e3o tem como pensar em NYC e n\u00e3o lembrar da Times Square. Tem tantas coisas para fazer por l\u00e1 que vale a pena dar uma olhada no site. Uma lista enorme de restaurantes, bares, shows da Broadway, lojas, tours e etc.<\/p>\n<p>A Times Square fica entre as ruas 42nd e 47th Streets, da Broadway at\u00e9 a Seventh Avenue.<\/p>\n<p><strong><a href=\"https:\/\/www.timessquarenyc.org\">https:\/\/www.timessquarenyc.org<\/a><\/strong><\/p>\n<p>&nbsp;<\/p>\n<p><strong>4. ENFEITES DE NATAL GIGANTES<\/strong><\/p>\n<p>\u00d3timo para tirar fotos em frente ao pr\u00e9dio com os enfeites de natal.<\/p>\n<p>Endere\u00e7o: 1251 Sixth Avenue, New York, NY 10020<\/p>\n<p>&nbsp;<\/p>\n<p><strong>5. NEW YORK BOTANICAL GARDEN<\/strong><\/p>\n<p>Lugar lindo para ver as luzes , as atra\u00e7\u00f5es e tirar foto. Precisa comprar o ticket para entrar.<\/p>\n<p>Endere\u00e7o: 2900 Southern Boulevard \u2028Bronx, NY 10458<\/p>\n<p>Tel: +1 (718) 817.8700<\/p>\n<p><strong><a href=\"https:\/\/www.nybg.org\/event\/holiday-train-show\/nybg-glow\/\">https:\/\/www.nybg.org\/event\/holiday-train-show\/nybg-glow\/<\/a><\/strong><\/p>\n<p><strong><a href=\"https:\/\/youtu.be\/lAGWTee-BUU\">https:\/\/youtu.be\/lAGWTee-BUU<\/a><\/strong><\/p>\n<p>&nbsp;<\/p>\n<p><strong>6. BRYANT PARK<\/strong><\/p>\n<p>Outro lugar para voc\u00ea ir em qualquer \u00e9poca do ano, mas principalmente durante o natal. Voc\u00ea pode reservar o iglu onde eles oferecem comidas e bebidas festivas. Tem tamb\u00e9m a pista de patina\u00e7\u00e3o no gelo e muito mais. Confira o site deles.<\/p>\n<p><strong><a href=\"https:\/\/bryantpark.org\">https:\/\/bryantpark.org<\/a><\/strong><\/p>\n<p>&nbsp;<\/p>\n<p><strong>7. 230 FIFTH ROOFTOP<\/strong><\/p>\n<p>Rooftop fica linda durante o final do ano. Eles disponibilizam casaco, aquecedor nas mesas e tem iglus no terra\u00e7o. Melhor vista da cidade. N\u00e3o precisa reservar, mas recomendo chegar antes das 8 da noite.<\/p>\n<p>Endere\u00e7o: 230 Fifth Avenue (Corner 27th) Manhattan, NY,<\/p>\n<p>Tel: +1 (212) 725.4300<\/p>\n<p><strong><a href=\"https:\/\/www.230-fifth.com\/?gclid=Cj0KCQiAsoycBhC6ARIsAPPbeLt1yAd2Tm2g-wqCHiBb7UHWYJ-mVX_0AIVAFpZNpqZRUZbVAz9rLpQaAq7lEALw_wcB\">https:\/\/www.230-fifth.com\/<\/a><\/strong><\/p>\n<p>&nbsp;<\/p>\n<p><strong>8. DENTRO DO PLAZA HOTEL<\/strong><\/p>\n<p>O hotel \u00e9 caro, mas vale a pena visitar. Muito lindo e voc\u00ea ir\u00e1 lembrar de v\u00e1rias cenas de filmes.<\/p>\n<p>Endere\u00e7o: 768 Fifth Avenue, New York, NY 10019<\/p>\n<p>Tel: +1 (212) 759.3000<\/p>\n<p><strong><a href=\"https:\/\/www.fairmont.com\/the-plaza-new-york\/\">https:\/\/www.fairmont.com\/the-plaza-new-york\/<\/a><\/strong><\/p>\n<p>&nbsp;<\/p>\n<p><strong>9. DENTRO DO LOTTE NEW YORK PALACE<\/strong><\/p>\n<p>Hotel elegante e luxuoso! Lindo para voc\u00ea tirar foto da decora\u00e7\u00e3o de natalina.<\/p>\n<p>Endere\u00e7o: 455 Madison Avenue at 50th Street &#8211; New York, NY 10022<\/p>\n<p>Tel:+1 (212) 888.7000<\/p>\n<p><strong><a href=\"https:\/\/www.lottenypalace.com\/?utm_source=google&amp;utm_medium=organic&amp;utm_campaign=business-listing\">https:\/\/www.lottenypalace.com\/<\/a><\/strong><\/p>\n<p>&nbsp;<\/p>\n<p><strong>10. THE PENINSULA HOTEL<\/strong><\/p>\n<p>Hotel lindo por fora e por dentro. \u00d3timo para se hospedar e tirar fotos!<\/p>\n<p>Endere\u00e7o: 700 Fifth Avenue at 55th Street, New York, NY.<\/p>\n<p><strong><a href=\"https:\/\/www.peninsula.com\/en\/new-york\/festive\">https:\/\/www.peninsula.com\/en\/new-york\/festive<\/a><\/strong><\/p>\n<p>&nbsp;<\/p>\n<p><strong>11. MACY&#8217;S AT HERALD SQUARE<\/strong><\/p>\n<p>Voc\u00ea n\u00e3o pode deixar de visitar a Macy&#8217;s e ver as decora\u00e7\u00f5es de natal. N\u00e3o paga nada para entrar at\u00e9 porque \u00e9 uma loja. Mas precisa fazer a sua reserva pra tirar foto com o Noel. Confira o site.<\/p>\n<p>Endere\u00e7o: 151 West 34th Street<\/p>\n<p>New York, NY 10001<\/p>\n<p><strong><a href=\"https:\/\/www.macys.com\/s\/holiday-celebrations\/nyc\/?lid=holidaycelebrations-cta_nyc&amp;cache=1669607982263\">https:\/\/www.macys.com\/s\/holiday-celebrations\/nyc\/<\/a><\/strong><\/p>\n<p>&nbsp;<\/p>\n<p><strong>12. THE OCULUS CENTER<\/strong><\/p>\n<p>Lugar hist\u00f3rico que foi reconstru\u00eddo depois do ataque das torres em 11 de setembro de 2001. Foi inaugurado em 2016 para substituir a esta\u00e7\u00e3o de trem PATH, que foi destru\u00edda.\u00a0 O Oculus conecta v\u00e1rias linhas pela cidade e oferece marcas de varejo de primeira linha, restaurantes com culin\u00e1ria refinadas e eventos. Lugar que precisa ser visitado o ano inteiro, mas as decora\u00e7\u00f5es ficam lindas no final do ano.<\/p>\n<p>Endere\u00e7o: 185 Greenwich Street, Manhattan, NY 10007<\/p>\n<p>Tel: +1 (212) 284.9982<\/p>\n<p><strong><a href=\"https:\/\/www.westfield.com\/westfieldworldtradecenter\/traveler-info\">https:\/\/www.westfield.com\/westfieldworldtradecenter\/traveler-info<\/a><\/strong><\/p>\n<p>&nbsp;<\/p>\n<p><strong>13. RADIO CITY MUSIC HALL<\/strong><\/p>\n<p>Teatro super famoso em New York. Voc\u00ea pode escolher algum espet\u00e1culo ou show para assistir durante a sua visita ou simplesmente tirar fotos e passear pelo lugar.<\/p>\n<p>Endere\u00e7o:<\/p>\n<p>Tel: +1 (212) 465.6000<\/p>\n<p><strong><a href=\"https:\/\/www.msg.com\/radio-city-music-hall?cmp=van_radiocity\">https:\/\/www.msg.com\/radio-city-music-hall<\/a><\/strong><\/p>\n<p>&nbsp;<\/p>\n<p><strong>14. HOLLY JOLLY HOLIDAY BAR AT MAD MORTON<\/strong><\/p>\n<p>Bar lindo todo decorado e tem bebidas especiais. Voc\u00ea precisa comprar o ticket.<\/p>\n<p>Endere\u00e7o: 47 7th Ave S, New York, NY 10014<\/p>\n<p><strong><a href=\"https:\/\/linktr.ee\/hollyjollybar\">https:\/\/linktr.ee\/hollyjollybar<\/a><\/strong><\/p>\n<p><strong><a href=\"https:\/\/bucketlisters.com\/event\/holly-jolly-holiday-bar-at-mad-morton?utm_medium=social&amp;utm_source=holly-jolly_instagram&amp;utm_content=post&amp;utm_campaign=holly-jolly-holiday-bar-at-mad-morton\">https:\/\/bucketlisters.com\/event\/holly-jolly-holiday-bar-at-mad-morton<\/a><\/strong><\/p>\n<p>&nbsp;<\/p>\n<p><strong>15. TINSELTOWN: WHERE EVERYDAY IS CHRISTMAS<\/strong><\/p>\n<p>Uma atra\u00e7\u00e3o imperd\u00edvel. Tinseltown tem Papai Noel, elfos, presentes, enfeites, m\u00fasicas festivas e muitas bebidas quentes de inverno.\u00a0 \u00c9 preciso comprar o ticket e levar sua identidade.<\/p>\n<p>Endere\u00e7o: Pekarna NYC 594 Amsterdam Avenue New York, NY 10024<\/p>\n<p><strong><a href=\"https:\/\/explorehidden.com\/event\/details\/tinseltown-where-everyday-is-christmas-new-york-1551567\">https:\/\/explorehidden.com\/event\/details\/tinseltown-where-everyday-is-christmas-new-york-1551567<\/a><\/strong><\/p>\n<p><strong><a href=\"https:\/\/youtu.be\/VlJ0fas6L-g\">https:\/\/youtu.be\/VlJ0fas6L-g<\/a><\/strong><\/p>\n<p>&nbsp;<\/p>\n<p><strong>16. ROLFS GERMAN RESTAURANT<\/strong><\/p>\n<p>Lindo esse restaurante alem\u00e3o todo decorado e fica perto do Gramercy Park.<\/p>\n<p>Endere\u00e7o: 281 3rd avenue New York, New York<\/p>\n<p><strong><a href=\"https:\/\/rolfsnyc.com\">https:\/\/rolfsnyc.com<\/a><\/strong><\/p>\n<p>&nbsp;<\/p>\n<p><strong>17. LEYENDA BROOKLYN COCTELAR\u00cdA<\/strong><\/p>\n<p>Endere\u00e7o: 221 Smith Street, Brooklyn, NY<\/p>\n<p><strong><a href=\"https:\/\/www.leyendabk.com\">https:\/\/www.leyendabk.com<\/a><\/strong><\/p>\n<p>&nbsp;<\/p>\n<p><strong>18. GRAND CENTRAL TERMINA<\/strong>L<\/p>\n<p>Grand Central \u00e9 um terminal mais conhecido em NYC e aparece em quase todos os filmes que mostra a cidade. Qualquer \u00e9poca do ano \u00e9 legal, mas durante o natal \u00e9 lindo e tem feira de natal.<\/p>\n<p><strong><a href=\"https:\/\/www.grandcentralterminal.com\/event\/the-2022-holiday-fair\/\">https:\/\/www.grandcentralterminal.com\/event\/the-2022-holiday-fair\/<\/a><\/strong><\/p>\n<p>&nbsp;<\/p>\n<p><strong>19. THE CABINET NYC<\/strong><\/p>\n<p>Endere\u00e7o: 649 E 9th St, New York, NY<\/p>\n<p><strong><a href=\"https:\/\/www.thecabinetnyc.com\/\">https:\/\/www.thecabinetnyc.com\/<\/a><\/strong><\/p>\n<p>&nbsp;<\/p>\n<p><strong>20. NORTH POLE EXPRESS EXPERIENCE<\/strong><\/p>\n<p>\u00c9 uma tour de \u00f4nibus que acontece por Manhattan e voc\u00ea tem uma experi\u00eancia \u00fanica. Custa em torno de $109 d\u00f3lares.<\/p>\n<p>Acesse o site e compre o ticket.<\/p>\n<p>O lugar de partida do \u00f4nibus \u00e9 geralmente na 42nd street between 5th and 6th avenue.<\/p>\n<p><strong><a href=\"https:\/\/www.topviewnyc.com\/holiday-lights-tours\">https:\/\/www.topviewnyc.com\/holiday-lights-tours<\/a><\/strong><\/p>\n<p><strong><a href=\"https:\/\/instagram.com\/northpoleexpressnyc?igshid=YmMyMTA2M2Y\">https:\/\/instagram.com\/northpoleexpressnyc?igshid=YmMyMTA2M2Y<\/a><\/strong><\/p>\n<p>&nbsp;<\/p>\n<p><strong>21. OSCAR WILDE NYC<\/strong><\/p>\n<p>Bar e restaurante irland\u00eas lindo que fica super decorado no natal.<\/p>\n<p>Endere\u00e7o: 45 West 27 Street, New York, NY<\/p>\n<p>Tel: +1 (212) 213.3066<\/p>\n<p><strong><a href=\"https:\/\/www.oscarwildenyc.com\/about\">https:\/\/www.oscarwildenyc.com\/about<\/a><\/strong><\/p>\n<p><strong><a href=\"https:\/\/instagram.com\/oscarwildenyc?igshid=YmMyMTA2M2Y\">https:\/\/instagram.com\/oscarwildenyc?igshid=YmMyMTA2M2Y<\/a><\/strong><\/p>\n\t<p><strong>Did you like the tips? Share!<\/strong><\/p>\n\t\t\t\t\t\t\t\t\t\t<a class=\"uabb-ss-grid-button-link\" href=\"https:\/\/www.facebook.com\/sharer.php?u=https%3A%2F%2Fwww.aleyork.com%2F%3Fpage_id%3D1974%26fl_builder\" target=\"_blank\" onclick=\"window.open(this.href,'social-share','left=20,top=20,width=500,height=500,toolbar=1,resizable=0');return false;\" rel=\"noopener\">\n\t\t\t\t\t\t\t\t\t\t<\/a>\n\t\t\t\t\t\t\t\t\t\t<a class=\"uabb-ss-grid-button-link\" href=\"https:\/\/twitter.com\/share?url=https%3A%2F%2Fwww.aleyork.com%2F%3Fpage_id%3D1974%26fl_builder\" target=\"_blank\" onclick=\"window.open(this.href,'social-share','left=20,top=20,width=500,height=500,toolbar=1,resizable=0');return false;\" rel=\"noopener\">\n\t\t\t\t\t\t\t\t\t\t<\/a>\n\t\t\t\t\t\t\t\t\t\t<a class=\"uabb-ss-grid-button-link\" href=\"https:\/\/www.linkedin.com\/shareArticle?url=https%3A%2F%2Fwww.aleyork.com%2F%3Fpage_id%3D1974%26fl_builder\" target=\"_blank\" onclick=\"window.open(this.href,'social-share','left=20,top=20,width=500,height=500,toolbar=1,resizable=0');return false;\" rel=\"noopener\">\n\t\t\t\t\t\t\t\t\t\t<\/a>\n\t\t\t\t\t\t\t\t\t\t<a class=\"uabb-ss-grid-button-link\" href=\"mailto:?body=https%3A%2F%2Fwww.aleyork.com%2F%3Fpage_id%3D1974%26fl_builder\" target=\"_blank\" onclick=\"window.open(this.href,'social-share','left=20,top=20,width=500,height=500,toolbar=1,resizable=0');return false;\" rel=\"noopener\">\n\t\t\t\t\t\t\t\t\t\t<\/a>\n\t\t\t\t\t\t\t\t\t\t<a class=\"uabb-ss-grid-button-link\" href=\"https:\/\/api.whatsapp.com\/send?text=https%3A%2F%2Fwww.aleyork.com%2F%3Fpage_id%3D1974%26fl_builder\" target=\"_blank\" onclick=\"window.open(this.href,'social-share','left=20,top=20,width=500,height=500,toolbar=1,resizable=0');return false;\" rel=\"noopener\">\n\t\t\t\t\t\t\t\t\t\t<\/a>","protected":false},"excerpt":{"rendered":"<p>1. A \u00c1RVORE DE NATAL DO ROCKERFELLER CENTER Um dos pontos tur\u00edsticos mais conhecidos em NYC. Todo ano eles colocam a \u00e1rvore e \u00e9 a coisa mais linda. Tem pista de patina\u00e7\u00e3o tamb\u00e9m. Endere\u00e7o: 45 Rockefeller Plaza, New York, NY 10111 Tel: +1 (212) 588.8601 https:\/\/www.rockefellercenter.com &nbsp; 2. HUDSON YARDS Adoro esse lugar! Virou um [&hellip;]<\/p>\n","protected":false},"author":3,"featured_media":0,"parent":1942,"menu_order":0,"comment_status":"closed","ping_status":"closed","template":"","meta":{"site-sidebar-layout":"no-sidebar","site-content-layout":"page-builder","ast-site-content-layout":"default","site-content-style":"default","site-sidebar-style":"default","ast-global-header-display":"","ast-banner-title-visibility":"","ast-main-header-display":"","ast-hfb-above-header-display":"","ast-hfb-below-header-display":"","ast-hfb-mobile-header-display":"","site-post-title":"disabled","ast-breadcrumbs-content":"disabled","ast-featured-img":"disabled","footer-sml-layout":"","ast-disable-related-posts":"","theme-transparent-header-meta":"enabled","adv-header-id-meta":"","stick-header-meta":"default","header-above-stick-meta":"","header-main-stick-meta":"","header-below-stick-meta":"","astra-migrate-meta-layouts":"default","ast-page-background-enabled":"default","ast-page-background-meta":{"desktop":{"background-color":"","background-image":"","background-repeat":"repeat","background-position":"center center","background-size":"auto","background-attachment":"scroll","background-type":"","background-media":"","overlay-type":"","overlay-color":"","overlay-opacity":"","overlay-gradient":""},"tablet":{"background-color":"","background-image":"","background-repeat":"repeat","background-position":"center center","background-size":"auto","background-attachment":"scroll","background-type":"","background-media":"","overlay-type":"","overlay-color":"","overlay-opacity":"","overlay-gradient":""},"mobile":{"background-color":"","background-image":"","background-repeat":"repeat","background-position":"center center","background-size":"auto","background-attachment":"scroll","background-type":"","background-media":"","overlay-type":"","overlay-color":"","overlay-opacity":"","overlay-gradient":""}},"ast-content-background-meta":{"desktop":{"background-color":"var(--ast-global-color-5)","background-image":"","background-repeat":"repeat","background-position":"center center","background-size":"auto","background-attachment":"scroll","background-type":"","background-media":"","overlay-type":"","overlay-color":"","overlay-opacity":"","overlay-gradient":""},"tablet":{"background-color":"var(--ast-global-color-5)","background-image":"","background-repeat":"repeat","background-position":"center center","background-size":"auto","background-attachment":"scroll","background-type":"","background-media":"","overlay-type":"","overlay-color":"","overlay-opacity":"","overlay-gradient":""},"mobile":{"background-color":"var(--ast-global-color-5)","background-image":"","background-repeat":"repeat","background-position":"center center","background-size":"auto","background-attachment":"scroll","background-type":"","background-media":"","overlay-type":"","overlay-color":"","overlay-opacity":"","overlay-gradient":""}},"footnotes":""},"class_list":["post-1974","page","type-page","status-publish","hentry"],"aioseo_notices":[],"jetpack_sharing_enabled":true,"_links":{"self":[{"href":"https:\/\/www.aleyork.com\/en\/wp-json\/wp\/v2\/pages\/1974","targetHints":{"allow":["GET"]}}],"collection":[{"href":"https:\/\/www.aleyork.com\/en\/wp-json\/wp\/v2\/pages"}],"about":[{"href":"https:\/\/www.aleyork.com\/en\/wp-json\/wp\/v2\/types\/page"}],"author":[{"embeddable":true,"href":"https:\/\/www.aleyork.com\/en\/wp-json\/wp\/v2\/users\/3"}],"replies":[{"embeddable":true,"href":"https:\/\/www.aleyork.com\/en\/wp-json\/wp\/v2\/comments?post=1974"}],"version-history":[{"count":26,"href":"https:\/\/www.aleyork.com\/en\/wp-json\/wp\/v2\/pages\/1974\/revisions"}],"predecessor-version":[{"id":5077,"href":"https:\/\/www.aleyork.com\/en\/wp-json\/wp\/v2\/pages\/1974\/revisions\/5077"}],"up":[{"embeddable":true,"href":"https:\/\/www.aleyork.com\/en\/wp-json\/wp\/v2\/pages\/1942"}],"wp:attachment":[{"href":"https:\/\/www.aleyork.com\/en\/wp-json\/wp\/v2\/media?parent=1974"}],"curies":[{"name":"wp","href":"https:\/\/api.w.org\/{rel}","templated":true}]}}