{"id":2020,"date":"2022-12-08T18:55:04","date_gmt":"2022-12-08T21:55:04","guid":{"rendered":"https:\/\/www.aleyork.com\/?page_id=2020"},"modified":"2024-06-07T16:56:32","modified_gmt":"2024-06-07T19:56:32","slug":"canais-no-youtube-focados-em-saude-mental","status":"publish","type":"page","link":"https:\/\/www.aleyork.com\/en\/saude-mental\/canais-no-youtube-focados-em-saude-mental\/","title":{"rendered":"YouTube channels focused in \nMental health"},"content":{"rendered":"\n\n\t\t\t\t\t<a href=\"https:\/\/www.youtube.com\/watch?v=aC0aGaBI__0\" aria-label=\"uabb-video-gallery\" data-fancybox=\"uabb-video-gallery\" data-url=\"https:\/\/www.youtube.com\/embed\/aC0aGaBI__0?autoplay=1&#038;version=3&#038;enablejsapi=1\"class=\"uabb-video-gallery-fancybox uabb-vg__play_full \">\t\t\t\t\t\t\n\t\t\t\t\t<\/a>\t\t\t\t\n\t<strong>1. Canal Dra. Ana Beatriz Barbosa<br \/>\n<\/strong><strong><a href=\"https:\/\/youtube.com\/c\/anabeatrizbsilva\">https:\/\/youtube.com\/c\/anabeatrizbsilva<\/a><\/strong>\n\t\t\t\t\t<a href=\"https:\/\/www.youtube.com\/watch?v=TuSoWEkh6cY\" aria-label=\"uabb-video-gallery\" data-fancybox=\"uabb-video-gallery\" data-url=\"https:\/\/www.youtube.com\/embed\/TuSoWEkh6cY?autoplay=1&#038;version=3&#038;enablejsapi=1\"class=\"uabb-video-gallery-fancybox uabb-vg__play_full \">\t\t\t\t\t\t\n\t\t\t\t\t<\/a>\t\t\t\t\n\t<strong>2. Canal da Psic\u00f3loga Pamela Guimalh\u00e3es<br \/>\n<\/strong><strong><a href=\"https:\/\/youtube.com\/c\/PamelaMagalh%C3%A3espsicologa\">https:\/\/youtube.com\/c\/PamelaMagalh%C3%A3espsicologa<\/a><\/strong>\n\t\t\t\t\t<a href=\"https:\/\/www.youtube.com\/watch?v=Ek2LmQ5d6Jo\" aria-label=\"uabb-video-gallery\" data-fancybox=\"uabb-video-gallery\" data-url=\"https:\/\/www.youtube.com\/embed\/Ek2LmQ5d6Jo?autoplay=1&#038;version=3&#038;enablejsapi=1\"class=\"uabb-video-gallery-fancybox uabb-vg__play_full \">\t\t\t\t\t\t\n\t\t\t\t\t<\/a>\t\t\t\t\n\t<strong>3. Canal do Cortella<br \/>\n<\/strong><strong><a href=\"https:\/\/youtube.com\/c\/CanaldoCortella\">https:\/\/youtube.com\/c\/CanaldoCortella<\/a><\/strong>\n\t<strong>4. Minutos Ps\u00edquicos<br \/>\n<\/strong><strong><a href=\"https:\/\/youtube.com\/c\/minutospsiquicos\">https:\/\/youtube.com\/c\/minutospsiquicos<\/a><\/strong>\n<strong>5. Yoga Para Voc\u00ea<br \/>\n<\/strong><strong><a href=\"https:\/\/youtube.com\/c\/YogaparaVoc%C3%AA\">https:\/\/youtube.com\/c\/YogaparaVoc%C3%AA<\/a><\/strong>\n<strong>6. Clube da Medita\u00e7\u00e3o<br \/>\n<\/strong><strong><a href=\"https:\/\/youtu.be\/wFJeTeeXicU\">https:\/\/youtu.be\/wFJeTeeXicU<\/a><\/strong>\n<strong>7. Canal do Leandro Karnal<br \/>\n<\/strong><strong><a href=\"https:\/\/youtube.com\/c\/PrazerKarnal\">https:\/\/youtube.com\/c\/PrazerKarnal<\/a><\/strong>\n<strong>8. Canal da Oprah &#8211; Super Soul Sunday<\/strong>\ud83c\uddfa\ud83c\uddf8<br \/>\n<strong><a href=\"https:\/\/youtube.com\/playlist?list=PLFAF0HGlvTj4h40CfiLmjY4mDoHdVJNQa\">https:\/\/youtube.com\/playlist?list=PLFAF0HGlvTj4h40CfiLmjY4mDoHdVJNQa<\/a><\/strong>\n<strong>9. Canal Mova da Monja<br \/>\n<\/strong><strong><a href=\"https:\/\/www.youtube.com\/@MonjaCoen\">https:\/\/www.youtube.com\/@MonjaCoen<\/a><\/strong>\n<strong>10. TEDx Talk<\/strong> \ud83c\uddfa\ud83c\uddf8<br \/>\n<strong><a href=\"https:\/\/www.youtube.com\/watch?v=w-HYZv6HzAs\">https:\/\/www.youtube.com\/watch?v=w-HYZv6HzAs<\/a><\/strong>\n<strong>11. Playlist dos melhores v\u00eddeos da Bren\u00e9 Brown<\/strong>\ud83c\uddfa\ud83c\uddf8<br \/>\n<strong><a href=\"https:\/\/youtube.com\/playlist?list=PLmiPsabET-W_hjesjTZaITh2s1WbM-Kd0\">https:\/\/youtube.com\/playlist?list=PLmiPsabET-W_hjesjTZaITh2s1WbM-Kd0<\/a><\/strong>\n<strong>12. How to ADHD<\/strong> \ud83c\uddfa\ud83c\uddf8<br \/>\n<strong><a href=\"https:\/\/youtube.com\/c\/HowtoADHD\">https:\/\/youtube.com\/c\/HowtoADHD<\/a> <\/strong>\n<strong>13. Canal da Kati Morton<\/strong> \ud83c\uddfa\ud83c\uddf8<br \/>\n<strong><a href=\"https:\/\/youtube.com\/c\/Katimorton\">https:\/\/youtube.com\/c\/Katimorton<\/a><\/strong>\n<strong>14. Canal do Prince Ea<\/strong> \ud83c\uddfa\ud83c\uddf8<br \/>\n<strong><a href=\"https:\/\/youtube.com\/c\/PrinceEa\">https:\/\/youtube.com\/c\/PrinceEa<\/a><\/strong>\n<strong>15. Canal do Prince Ea em Portugu\u00eas<br \/>\n<\/strong><strong><a href=\"https:\/\/youtube.com\/c\/PrinceEaPortugu%C3%AAs\">https:\/\/youtube.com\/c\/PrinceEaPortugu%C3%AAs<\/a><\/strong>\n<strong>16. Webinars da MHA<br \/>\n<\/strong><strong><a href=\"https:\/\/youtube.com\/playlist?list=PLEKsqmsooidTPHgsw6cGZgbqmOxetCFlC\">https:\/\/youtube.com\/playlist?list=PLEKsqmsooidTPHgsw6cGZgbqmOxetCFlC<\/a><\/strong>\n<p><strong>17. Canal da NAMI<\/strong> \ud83c\uddfa\ud83c\uddf8<\/p>\n<p>Alian\u00e7a Nacional de Doen\u00e7as Mentais<\/p>\n<p>(NAMI) National Alliance on Mental Illness<\/p>\n<p><strong><a href=\"https:\/\/youtube.com\/channel\/UCbV60AGIHKz2xIGvbk0LLvg\">https:\/\/youtube.com\/channel\/UCbV60AGIHKz2xIGvbk0LLvg<\/a><\/strong><\/p>\n<strong>18. Canal do Jay Shetty<br \/>\n<\/strong><strong><a href=\"https:\/\/youtube.com\/channel\/UCbV60AGIHKz2xIGvbk0LLvg\">https:\/\/youtube.com\/channel\/UCbV60AGIHKz2xIGvbk0LLvg<\/a><\/strong>\n<p>&nbsp;<\/p>\n<p>Alguns canais que n\u00e3o s\u00e3o focados em sa\u00fade mental, mas que voc\u00ea aprende muito, se emociona e tem risada garantida:<br aria-hidden=\"true\" \/><br aria-hidden=\"true\" \/><strong>* Evelyn Regly<\/strong><br aria-hidden=\"true\" \/><strong><a href=\"https:\/\/youtube.com\/@evelynregly\">https:\/\/youtube.com\/@evelynregly<\/a><\/strong><\/p>\n<p><strong>* Lisa York<\/strong><br aria-hidden=\"true\" \/><strong><a href=\"https:\/\/youtube.com\/@lisayork\">https:\/\/youtube.com\/@lisayork<\/a><\/strong><\/p>\n<p><strong>* Pietra Parker<\/strong><br aria-hidden=\"true\" \/><strong><a href=\"https:\/\/youtube.com\/@PietraParker\">https:\/\/youtube.com\/@PietraParker<\/a><\/strong><\/p>\n<p><strong>* Flavia Calina<\/strong><br aria-hidden=\"true\" \/><strong><a href=\"https:\/\/youtube.com\/@flaviacalina\">https:\/\/youtube.com\/@flaviacalina<\/a><\/strong><\/p>\n<p><strong>\u00a0<\/strong><\/p>\n\t<p><strong>Gostou das dicas? Compartilhe!<\/strong><\/p>\n\t\t\t\t\t\t\t\t\t\t<a class=\"uabb-ss-grid-button-link\" href=\"https:\/\/www.facebook.com\/sharer.php?u=https%3A%2F%2Fwww.aleyork.com%2F%3Fpage_id%3D2020%26fl_builder\" target=\"_blank\" onclick=\"window.open(this.href,'social-share','left=20,top=20,width=500,height=500,toolbar=1,resizable=0');return false;\" rel=\"noopener\">\n\t\t\t\t\t\t\t\t\t\t<\/a>\n\t\t\t\t\t\t\t\t\t\t<a class=\"uabb-ss-grid-button-link\" href=\"https:\/\/twitter.com\/share?url=https%3A%2F%2Fwww.aleyork.com%2F%3Fpage_id%3D2020%26fl_builder\" target=\"_blank\" onclick=\"window.open(this.href,'social-share','left=20,top=20,width=500,height=500,toolbar=1,resizable=0');return false;\" rel=\"noopener\">\n\t\t\t\t\t\t\t\t\t\t<\/a>\n\t\t\t\t\t\t\t\t\t\t<a class=\"uabb-ss-grid-button-link\" href=\"https:\/\/www.linkedin.com\/shareArticle?url=https%3A%2F%2Fwww.aleyork.com%2F%3Fpage_id%3D2020%26fl_builder\" target=\"_blank\" onclick=\"window.open(this.href,'social-share','left=20,top=20,width=500,height=500,toolbar=1,resizable=0');return false;\" rel=\"noopener\">\n\t\t\t\t\t\t\t\t\t\t<\/a>\n\t\t\t\t\t\t\t\t\t\t<a class=\"uabb-ss-grid-button-link\" href=\"mailto:?body=https%3A%2F%2Fwww.aleyork.com%2F%3Fpage_id%3D2020%26fl_builder\" target=\"_blank\" onclick=\"window.open(this.href,'social-share','left=20,top=20,width=500,height=500,toolbar=1,resizable=0');return false;\" rel=\"noopener\">\n\t\t\t\t\t\t\t\t\t\t<\/a>\n\t\t\t\t\t\t\t\t\t\t<a class=\"uabb-ss-grid-button-link\" href=\"https:\/\/api.whatsapp.com\/send?text=https%3A%2F%2Fwww.aleyork.com%2F%3Fpage_id%3D2020%26fl_builder\" target=\"_blank\" onclick=\"window.open(this.href,'social-share','left=20,top=20,width=500,height=500,toolbar=1,resizable=0');return false;\" rel=\"noopener\">\n\t\t\t\t\t\t\t\t\t\t<\/a>\n\t\t\t<h3>Quero saber sua opini\u00e3o!<\/h3><h4>Gostou dos Canais? Quer indicar algum que n\u00e3o esteja na nossa lista?<\/h4>\t\t\t\n\t\t\t\t<p>Escreve para mim!<\/p>\n                <form method='post' enctype='multipart\/form-data' target='gform_ajax_frame_4' id='gform_4'  action='\/?page_id=2020&#038;fl_builder#gf_4' data-formid='4' novalidate>\n                        <label class='gfield_label gform-field-label' for='input_4_1'>Seu Nome<\/label><input name='input_1' id='input_4_1' type='text' value='' class='large'   tabindex='100' placeholder='Seu Nome'  aria-invalid=\"false\"   \/> <fieldset id=\"field_4_6\"  data-js-reload=\"field_4_6\"><legend class='gfield_label gform-field-label gfield_label_before_complex'>E-mail(obrigat\u00f3rio)<\/legend>\n                                    <input class='' type='email' name='input_6' id='input_4_6' value='' tabindex='101'  placeholder='Seu Email' aria-required=\"true\" aria-invalid=\"false\"  \/>\n                                    <label for='input_4_6' class='gform-field-label gform-field-label--type-sub hidden_sub_label screen-reader-text'>Digite um e-mail<\/label>\n                                    <input class='' type='email' name='input_6_2' id='input_4_6_2' value='' tabindex='102'  placeholder='Confirmar Email' aria-required=\"true\" aria-invalid=\"false\"  \/>\n                                    <label for='input_4_6_2' class='gform-field-label gform-field-label--type-sub hidden_sub_label screen-reader-text'>Confirmar e-mail<\/label>\n                            <\/fieldset><label class='gfield_label gform-field-label' for='input_4_5'>Mensagem<\/label><textarea name='input_5' id='input_4_5' class='textarea medium' tabindex='103'   placeholder='Deixe sua mensagem...'  aria-invalid=\"false\"   rows='10' cols='50'><\/textarea>\n         <input type='submit' id='gform_submit_button_4' class='gform_button button' value='Enviar' tabindex='104' onclick='if(window[\"gf_submitting_4\"]){return false;}  if( !jQuery(\"#gform_4\")[0].checkValidity || jQuery(\"#gform_4\")[0].checkValidity()){window[\"gf_submitting_4\"]=true;}  ' onkeypress='if( event.keyCode == 13 ){ if(window[\"gf_submitting_4\"]){return false;} if( !jQuery(\"#gform_4\")[0].checkValidity || jQuery(\"#gform_4\")[0].checkValidity()){window[\"gf_submitting_4\"]=true;}  jQuery(\"#gform_4\").trigger(\"submit\",[true]); }' \/> <input type='hidden' name='gform_ajax' value='form_id=4&amp;title=&amp;description=&amp;tabindex=100&amp;theme=gravity-theme' \/>\n            <input type='hidden' class='gform_hidden' name='is_submit_4' value='1' \/>\n            <input type='hidden' class='gform_hidden' name='gform_submit' value='4' \/>\n            <input type='hidden' class='gform_hidden' name='gform_unique_id' value='' \/>\n            <input type='hidden' class='gform_hidden' name='state_4' value='WyJbXSIsIjljNTdkZDNhZmMyMWJhYjU0M2M1OTljYzAzMTllZjdiIl0=' \/>\n            <input type='hidden' class='gform_hidden' name='gform_target_page_number_4' id='gform_target_page_number_4' value='0' \/>\n            <input type='hidden' class='gform_hidden' name='gform_source_page_number_4' id='gform_source_page_number_4' value='1' \/>\n            <input type='hidden' name='gform_field_values' value='' \/>\n                        <\/form>\n\t\t                <iframe style='display:none;width:0px;height:0px;' src='about:blank' name='gform_ajax_frame_4' id='gform_ajax_frame_4' title='Este iframe cont\u00e9m a l\u00f3gica necess\u00e1ria para manusear os formul\u00e1rios Gravity Forms movidos a AJAX.'><\/iframe>\n\n","protected":false},"excerpt":{"rendered":"<p>1. Canal Dra. Ana Beatriz Barbosa https:\/\/youtube.com\/c\/anabeatrizbsilva 2. Canal da Psic\u00f3loga Pamela Guimalh\u00e3es https:\/\/youtube.com\/c\/PamelaMagalh%C3%A3espsicologa 3. Canal do Cortella https:\/\/youtube.com\/c\/CanaldoCortella 4. Minutos Ps\u00edquicos https:\/\/youtube.com\/c\/minutospsiquicos 5. Yoga Para Voc\u00ea https:\/\/youtube.com\/c\/YogaparaVoc%C3%AA 6. Clube da Medita\u00e7\u00e3o https:\/\/youtu.be\/wFJeTeeXicU 7. Canal do Leandro Karnal https:\/\/youtube.com\/c\/PrazerKarnal 8. Canal da Oprah &#8211; Super Soul Sunday\ud83c\uddfa\ud83c\uddf8 https:\/\/youtube.com\/playlist?list=PLFAF0HGlvTj4h40CfiLmjY4mDoHdVJNQa 9. Canal Mova da Monja https:\/\/www.youtube.com\/@MonjaCoen 10. [&hellip;]<\/p>\n","protected":false},"author":3,"featured_media":0,"parent":1955,"menu_order":0,"comment_status":"closed","ping_status":"closed","template":"","meta":{"site-sidebar-layout":"no-sidebar","site-content-layout":"page-builder","ast-site-content-layout":"default","site-content-style":"default","site-sidebar-style":"default","ast-global-header-display":"","ast-banner-title-visibility":"","ast-main-header-display":"","ast-hfb-above-header-display":"","ast-hfb-below-header-display":"","ast-hfb-mobile-header-display":"","site-post-title":"disabled","ast-breadcrumbs-content":"disabled","ast-featured-img":"disabled","footer-sml-layout":"","ast-disable-related-posts":"","theme-transparent-header-meta":"enabled","adv-header-id-meta":"","stick-header-meta":"","header-above-stick-meta":"","header-main-stick-meta":"","header-below-stick-meta":"","astra-migrate-meta-layouts":"default","ast-page-background-enabled":"default","ast-page-background-meta":{"desktop":{"background-color":"","background-image":"","background-repeat":"repeat","background-position":"center center","background-size":"auto","background-attachment":"scroll","background-type":"","background-media":"","overlay-type":"","overlay-color":"","overlay-opacity":"","overlay-gradient":""},"tablet":{"background-color":"","background-image":"","background-repeat":"repeat","background-position":"center center","background-size":"auto","background-attachment":"scroll","background-type":"","background-media":"","overlay-type":"","overlay-color":"","overlay-opacity":"","overlay-gradient":""},"mobile":{"background-color":"","background-image":"","background-repeat":"repeat","background-position":"center center","background-size":"auto","background-attachment":"scroll","background-type":"","background-media":"","overlay-type":"","overlay-color":"","overlay-opacity":"","overlay-gradient":""}},"ast-content-background-meta":{"desktop":{"background-color":"var(--ast-global-color-5)","background-image":"","background-repeat":"repeat","background-position":"center center","background-size":"auto","background-attachment":"scroll","background-type":"","background-media":"","overlay-type":"","overlay-color":"","overlay-opacity":"","overlay-gradient":""},"tablet":{"background-color":"var(--ast-global-color-5)","background-image":"","background-repeat":"repeat","background-position":"center center","background-size":"auto","background-attachment":"scroll","background-type":"","background-media":"","overlay-type":"","overlay-color":"","overlay-opacity":"","overlay-gradient":""},"mobile":{"background-color":"var(--ast-global-color-5)","background-image":"","background-repeat":"repeat","background-position":"center center","background-size":"auto","background-attachment":"scroll","background-type":"","background-media":"","overlay-type":"","overlay-color":"","overlay-opacity":"","overlay-gradient":""}},"footnotes":""},"class_list":["post-2020","page","type-page","status-publish","hentry"],"aioseo_notices":[],"jetpack_sharing_enabled":true,"_links":{"self":[{"href":"https:\/\/www.aleyork.com\/en\/wp-json\/wp\/v2\/pages\/2020","targetHints":{"allow":["GET"]}}],"collection":[{"href":"https:\/\/www.aleyork.com\/en\/wp-json\/wp\/v2\/pages"}],"about":[{"href":"https:\/\/www.aleyork.com\/en\/wp-json\/wp\/v2\/types\/page"}],"author":[{"embeddable":true,"href":"https:\/\/www.aleyork.com\/en\/wp-json\/wp\/v2\/users\/3"}],"replies":[{"embeddable":true,"href":"https:\/\/www.aleyork.com\/en\/wp-json\/wp\/v2\/comments?post=2020"}],"version-history":[{"count":45,"href":"https:\/\/www.aleyork.com\/en\/wp-json\/wp\/v2\/pages\/2020\/revisions"}],"predecessor-version":[{"id":5056,"href":"https:\/\/www.aleyork.com\/en\/wp-json\/wp\/v2\/pages\/2020\/revisions\/5056"}],"up":[{"embeddable":true,"href":"https:\/\/www.aleyork.com\/en\/wp-json\/wp\/v2\/pages\/1955"}],"wp:attachment":[{"href":"https:\/\/www.aleyork.com\/en\/wp-json\/wp\/v2\/media?parent=2020"}],"curies":[{"name":"wp","href":"https:\/\/api.w.org\/{rel}","templated":true}]}}