{"id":2218,"date":"2022-12-13T11:20:19","date_gmt":"2022-12-13T14:20:19","guid":{"rendered":"https:\/\/www.aleyork.com\/?page_id=2218"},"modified":"2023-01-05T20:10:46","modified_gmt":"2023-01-05T23:10:46","slug":"ebook","status":"publish","type":"page","link":"https:\/\/www.aleyork.com\/en\/ebook\/","title":{"rendered":"E-book"},"content":{"rendered":"<p><strong>Baixe o E-book &#8220;Como melhorar a sa\u00fade mental&#8221; de Al\u00ea York.<\/strong><\/p>\n\t\t\t<a href=\"https:\/\/www.aleyork.com\/e-book-ale-york.pdf\" target=\"_blank\" rel=\"noopener\" role=\"button\" aria-label=\"Baixar E-Book\">\n\t\t\t\t\t\t\tBaixar E-Book\n\t\t<\/a>\n\t\t\t<a href=\"https:\/\/www.aleyork.com\/wp-content\/uploads\/2023\/01\/e-book-ale-york-impressao.pdf\" target=\"_blank\" rel=\"noopener\" role=\"button\" aria-label=\"Baixar E-Book para impress\u00e3o\">\n\t\t\t\t\t\t\tBaixar E-Book para impress\u00e3o\n\t\t<\/a>","protected":false},"excerpt":{"rendered":"<p>Baixe o E-book &#8220;Como melhorar a sa\u00fade mental&#8221; de Al\u00ea York. Baixar E-Book Baixar E-Book para impress\u00e3o<\/p>","protected":false},"author":3,"featured_media":0,"parent":0,"menu_order":0,"comment_status":"closed","ping_status":"closed","template":"","meta":{"site-sidebar-layout":"no-sidebar","site-content-layout":"page-builder","ast-site-content-layout":"default","site-content-style":"default","site-sidebar-style":"default","ast-global-header-display":"","ast-banner-title-visibility":"","ast-main-header-display":"","ast-hfb-above-header-display":"","ast-hfb-below-header-display":"","ast-hfb-mobile-header-display":"","site-post-title":"disabled","ast-breadcrumbs-content":"disabled","ast-featured-img":"disabled","footer-sml-layout":"","ast-disable-related-posts":"","theme-transparent-header-meta":"enabled","adv-header-id-meta":"","stick-header-meta":"","header-above-stick-meta":"","header-main-stick-meta":"","header-below-stick-meta":"","astra-migrate-meta-layouts":"default","ast-page-background-enabled":"default","ast-page-background-meta":{"desktop":{"background-color":"","background-image":"","background-repeat":"repeat","background-position":"center center","background-size":"auto","background-attachment":"scroll","background-type":"","background-media":"","overlay-type":"","overlay-color":"","overlay-opacity":"","overlay-gradient":""},"tablet":{"background-color":"","background-image":"","background-repeat":"repeat","background-position":"center center","background-size":"auto","background-attachment":"scroll","background-type":"","background-media":"","overlay-type":"","overlay-color":"","overlay-opacity":"","overlay-gradient":""},"mobile":{"background-color":"","background-image":"","background-repeat":"repeat","background-position":"center center","background-size":"auto","background-attachment":"scroll","background-type":"","background-media":"","overlay-type":"","overlay-color":"","overlay-opacity":"","overlay-gradient":""}},"ast-content-background-meta":{"desktop":{"background-color":"var(--ast-global-color-5)","background-image":"","background-repeat":"repeat","background-position":"center center","background-size":"auto","background-attachment":"scroll","background-type":"","background-media":"","overlay-type":"","overlay-color":"","overlay-opacity":"","overlay-gradient":""},"tablet":{"background-color":"var(--ast-global-color-5)","background-image":"","background-repeat":"repeat","background-position":"center center","background-size":"auto","background-attachment":"scroll","background-type":"","background-media":"","overlay-type":"","overlay-color":"","overlay-opacity":"","overlay-gradient":""},"mobile":{"background-color":"var(--ast-global-color-5)","background-image":"","background-repeat":"repeat","background-position":"center center","background-size":"auto","background-attachment":"scroll","background-type":"","background-media":"","overlay-type":"","overlay-color":"","overlay-opacity":"","overlay-gradient":""}},"footnotes":""},"class_list":["post-2218","page","type-page","status-publish","hentry"],"aioseo_notices":[],"jetpack_sharing_enabled":true,"_links":{"self":[{"href":"https:\/\/www.aleyork.com\/en\/wp-json\/wp\/v2\/pages\/2218","targetHints":{"allow":["GET"]}}],"collection":[{"href":"https:\/\/www.aleyork.com\/en\/wp-json\/wp\/v2\/pages"}],"about":[{"href":"https:\/\/www.aleyork.com\/en\/wp-json\/wp\/v2\/types\/page"}],"author":[{"embeddable":true,"href":"https:\/\/www.aleyork.com\/en\/wp-json\/wp\/v2\/users\/3"}],"replies":[{"embeddable":true,"href":"https:\/\/www.aleyork.com\/en\/wp-json\/wp\/v2\/comments?post=2218"}],"version-history":[{"count":17,"href":"https:\/\/www.aleyork.com\/en\/wp-json\/wp\/v2\/pages\/2218\/revisions"}],"predecessor-version":[{"id":2569,"href":"https:\/\/www.aleyork.com\/en\/wp-json\/wp\/v2\/pages\/2218\/revisions\/2569"}],"wp:attachment":[{"href":"https:\/\/www.aleyork.com\/en\/wp-json\/wp\/v2\/media?parent=2218"}],"curies":[{"name":"wp","href":"https:\/\/api.w.org\/{rel}","templated":true}]}}