{"id":3009,"date":"2023-02-16T16:40:32","date_gmt":"2023-02-16T19:40:32","guid":{"rendered":"https:\/\/www.aleyork.com\/?page_id=3009"},"modified":"2024-06-07T17:46:54","modified_gmt":"2024-06-07T20:46:54","slug":"sites-para-procurar-emprego-no-brasil","status":"publish","type":"page","link":"https:\/\/www.aleyork.com\/en\/dicas-de-emprego-no-brasil\/sites-para-procurar-emprego-no-brasil\/","title":{"rendered":"Job search websites in Brazil"},"content":{"rendered":"\n\n\t<p>Procurar emprego pode ser estimulante e divertido para algumas pessoas. Por\u00e9m, muitas vezes \u00e9 estressante e gera muita ansiedade por diversos motivos.<\/p>\n<p>\u00c9 estressante para o jovem que n\u00e3o sabe por onde come\u00e7ar a procurar e n\u00e3o tem experi\u00eancia. Para as pessoas que j\u00e1 possuem trabalho h\u00e1 muitos anos que n\u00e3o sabem os lugares atuais para procurar emprego. Pessoas que est\u00e3o em um trabalho que odeiam e querem achar outro no mesmo setor.<\/p>\n<p>\u00c9 estressante tamb\u00e9m para as pessoas que buscam uma nova carreira ou simplesmente algum trabalho que tenha uma remunera\u00e7\u00e3o melhor. Sem contar a ansiedade das pessoas desempregadas que precisam pagar as contas e sustentar a fam\u00edlia. Perder o emprego \u00e9 umas das coisas mais estressantes na vida adulta.<\/p>\n<p>Procurar emprego pode parecer f\u00e1cil, mas envolve muitos fatores incluindo a sa\u00fade mental. Falaremos sobre esses fatores com mais detalhes nos pr\u00f3ximos t\u00f3picos aqui do site porque o assunto \u00e9 longo e o foco aqui s\u00e3o os sites de empregos.<\/p>\n<p>\u00c9 fato que o avan\u00e7o da tecnologia nos permitiu procurar emprego no conforto do nosso lar ou em qualquer lugar com acesso a internet.<\/p>\n<p>Os sites de empregos s\u00e3o fontes de pesquisa e bancos de dados para vagas abertas. Facilitam a busca para candidatos que tenha diferentes n\u00edveis de educa\u00e7\u00e3o e experi\u00eancia a encontrar emprego em qualquer setor.<\/p>\n<p>Existem sites que oferecem servi\u00e7os gratuitos e pagos para candidatos a emprego, como preparar o curr\u00edculo, reda\u00e7\u00e3o de cartas de apresenta\u00e7\u00e3o e coaching de carreira.<\/p>\n<p>Na verdade, esse \u00e9 o meu trabalho com os meus clientes diariamente. Tento guiar e mostro recursos para eles aprimorarem as suas habilidades para conseguir o emprego desejado. Aqui no interior de Nova York o governo investe em projetos de qualifica\u00e7\u00e3o para as pessoas de baixa renda e existem muitos programas gratuitos como o meu. Gostaria que tivesse mais iniciativas como essa no Brasil. Mas infelizmente n\u00e3o \u00e9 em todo lugar do pa\u00eds que oferece esse tipo de suporte.<\/p>\n<p>Ent\u00e3o, a minha ideia \u00e9 dar dicas de emprego gratuitamente para ajudar as pessoas encontrarem as melhores op\u00e7\u00f5es de trabalho de acordos com as suas necessidades e prefer\u00eancias.<\/p>\n<p>Selecionei os principais sites no Brasil atrav\u00e9s de pesquisas e com a ajuda de amigos no Instagram que j\u00e1 utilizaram e recomendaram esses sites.<\/p>\n<p>Essa lista foi criada para facilitar o seu trabalho na hora de procurar emprego ou est\u00e1gio e possivelmente reduzir um pouco a sua ansiedade. Tente manter o pensamento positivo durante a busca. Por mais que seja dif\u00edcil, \u00e9 importante focar em coisas positivas, ter determina\u00e7\u00e3o e n\u00e3o perder a esperan\u00e7a.<\/p>\n<p>N\u00e3o esque\u00e7a de atualizar o seu curr\u00edculo antes de entrar nos sites de busca. Tendo o curr\u00edculo atualizado \u00e9 mais pr\u00e1tico e voc\u00ea s\u00f3 precisar\u00e1 fazer o download no site.<\/p>\n<p><strong>Caso voc\u00ea tenha d\u00favidas de como fazer um curr\u00edculo, eu tenho v\u00eddeos que podem te ajudar.<\/strong><\/p>\n\t\t\t\t\t<a href=\"https:\/\/www.youtube.com\/watch?v=4fMRLfHgBW4\" aria-label=\"uabb-video-gallery\" data-fancybox=\"uabb-video-gallery\" data-url=\"https:\/\/www.youtube.com\/embed\/4fMRLfHgBW4?autoplay=1&#038;version=3&#038;enablejsapi=1\"class=\"uabb-video-gallery-fancybox uabb-vg__play_full \">\t\t\t\t\t\t\n\t\t\t\t\t<\/a>\t\t\t\t\n\t\t\t\t\t<a href=\"https:\/\/www.youtube.com\/watch?v=4v8VbA7XLGU\" aria-label=\"uabb-video-gallery\" data-fancybox=\"uabb-video-gallery\" data-url=\"https:\/\/www.youtube.com\/embed\/4v8VbA7XLGU?autoplay=1&#038;version=3&#038;enablejsapi=1\"class=\"uabb-video-gallery-fancybox uabb-vg__play_full \">\t\t\t\t\t\t\n\t\t\t\t\t<\/a>\t\t\t\t\n\t<p><strong>Com o curr\u00edculo atualizado utilize essa lista de sites de empregos no Brasil para escolher aqueles que funcionam na sua cidade de acordo com o seu setor e as vagas em aberto. Boa sorte!<\/strong><\/p>\n\t\t\t\t<img decoding=\"async\" src=\"https:\/\/www.aleyork.com\/wp-content\/uploads\/2023\/02\/logo-linkedin-23.png\" alt=\"\" title=\"\" itemprop=\"image\"\/>\n\t\t<h3>Linkedin<\/h3>\t\t\t\n\t\t\t\t<p>Tamb\u00e9m utilizado nos EUA<br \/><strong><a href=\"https:\/\/www.linkedin.com\/\">https:\/\/www.linkedin.com\/<\/a><\/strong><br \/><em>Baixe o aplicativo<br \/><\/em><strong><a href=\"https:\/\/www.linkedinmobileapp.com\/login?trk=homepage-basic_guest_apptivation\">https:\/\/www.linkedinmobileapp.com\/login?trk=homepage-basic_guest_apptivation<\/a><\/strong><\/p>\n\t\t\t\t<img decoding=\"async\" src=\"https:\/\/www.aleyork.com\/wp-content\/uploads\/2023\/02\/logo-99.png\" alt=\"\" title=\"\" itemprop=\"image\"\/>\n\t\t<h3>99 Jobs<\/h3>\t\t\t\n\t\t\t\t<p><strong><a href=\"https:\/\/99jobs.com\/\">https:\/\/99jobs.com<\/a><\/strong><\/p>\n\t\t\t\t\t<a href=\"https:\/\/www.youtube.com\/watch?v=kExD_yexOls\" aria-label=\"uabb-video-gallery\" data-fancybox=\"uabb-video-gallery\" data-url=\"https:\/\/www.youtube.com\/embed\/kExD_yexOls?autoplay=1&#038;version=3&#038;enablejsapi=1\"class=\"uabb-video-gallery-fancybox uabb-vg__play_full \">\t\t\t\t\t\t\n\t\t\t\t\t<\/a>\t\t\t\t\n\t\t\t\t<img decoding=\"async\" src=\"https:\/\/www.aleyork.com\/wp-content\/uploads\/2023\/02\/logo-indeed.png\" alt=\"\" title=\"\" itemprop=\"image\"\/>\n\t\t<h3>Indeed<\/h3>\t\t\t\n\t\t\t\t<p>Tamb\u00e9m utilizado nos EUA<br \/><strong><a href=\"https:\/\/br.indeed.com\/m\/\">https:\/\/br.indeed.com\/m\/<\/a><br \/><\/strong><em>Baixe o aplicativo<br \/><\/em><strong><a href=\"https:\/\/app.appsflyer.com\/id309735670?pid=button_hp&amp;indeed_sub1=sid%3Dwshv.org%26kw%3D%252F%26type%3DREF&amp;indeed_sub2=1gmcnap9vk6rq801\">http:\/\/app.appsflyer.com\/id309735670?pid=button_hp&amp;indeed_sub1=sid%3Dwshv.org%26kw%3D%252F%26type%3DREF&amp;indeed_sub2=1gmcnap9vk6rq801<\/a><\/strong><\/p>\n\t\t\t\t<img decoding=\"async\" src=\"https:\/\/www.aleyork.com\/wp-content\/uploads\/2023\/02\/logo-gupy.png\" alt=\"\" title=\"\" itemprop=\"image\"\/>\n\t\t<h3>Gupy<\/h3>\t\t\t\n\t\t\t\t<p><strong><a href=\"https:\/\/www.gupy.io\/gupy-para-pessoas-candidatas\">https:\/\/www.gupy.io\/gupy-para-pessoas-candidatas<\/a><\/strong><\/p>\n\t\t\t\t<img decoding=\"async\" src=\"https:\/\/www.aleyork.com\/wp-content\/uploads\/2023\/02\/logo-catho.png\" alt=\"\" title=\"\" itemprop=\"image\"\/>\n\t\t<h3>Catho<\/h3>\t\t\t\n\t\t\t\t<p><strong><a href=\"https:\/\/www.catho.com.br\/\">https:\/\/www.catho.com.br<\/a><br \/><\/strong><em>Baixe o aplicativo:<br \/><\/em><em><u>Google Play<br \/><\/u><\/em><strong><a href=\"https:\/\/play.google.com\/store\/apps\/details?id=br.com.catho.app.vagas.empregos\">https:\/\/play.google.com\/store\/apps\/details?id=br.com.catho.app.vagas.empregos<\/a><br \/><\/strong><em><u>App Store<br \/><\/u><\/em><strong><a href=\"https:\/\/apps.apple.com\/br\/app\/vagas-de-emprego-catho\/id549669768\">https:\/\/apps.apple.com\/br\/app\/vagas-de-emprego-catho\/id549669768<\/a><\/strong><\/p>\n\t\t\t\t<img decoding=\"async\" src=\"https:\/\/www.aleyork.com\/wp-content\/uploads\/2023\/02\/logo-deficiente.png\" alt=\"\" title=\"\" itemprop=\"image\"\/>\n\t\t<h3>Deficiente Online<\/h3>\t\t\t\n\t\t\t\t<p>Site de an\u00fancio de vagas de emprego e banco de curr\u00edculos exclusivo para Profissionais com defici\u00eancia<br \/><strong><a href=\"https:\/\/www.deficienteonline.com.br\/\">https:\/\/www.deficienteonline.com.br<\/a><\/strong>\u00a0<\/p>\n\t\t\t\t\t<a href=\"https:\/\/www.youtube.com\/watch?v=245vgA11Sj0\" aria-label=\"uabb-video-gallery\" data-fancybox=\"uabb-video-gallery\" data-url=\"https:\/\/www.youtube.com\/embed\/245vgA11Sj0?autoplay=1&#038;version=3&#038;enablejsapi=1\"class=\"uabb-video-gallery-fancybox uabb-vg__play_full \">\t\t\t\t\t\t\n\t\t\t\t\t<\/a>\t\t\t\t\n\t\t\t\t<img decoding=\"async\" src=\"https:\/\/www.aleyork.com\/wp-content\/uploads\/2023\/02\/logo-abler.png\" alt=\"\" title=\"\" itemprop=\"image\"\/>\n\t\t<h3>Abler<\/h3>\t\t\t\n\t\t\t\t<p><strong><a href=\"https:\/\/abler.com.br\/\">https:\/\/abler.com.br<\/a><\/strong><\/p>\n\t\t\t\t<img decoding=\"async\" src=\"https:\/\/www.aleyork.com\/wp-content\/uploads\/2023\/02\/logo-info-jobs.png\" alt=\"\" title=\"\" itemprop=\"image\"\/>\n\t\t<h3>Info Jobs<\/h3>\t\t\t\n\t\t\t\t<p><strong><a href=\"https:\/\/www.infojobs.com.br\/\">https:\/\/www.infojobs.com.br<\/a><br \/><\/strong><em>Baixe o aplicativo:<br \/><\/em><em><u>iOS<br \/><\/u><\/em><strong><a href=\"https:\/\/apps.apple.com\/us\/app\/infojobs-vagas-de-emprego\/id981457216\">https:\/\/apps.apple.com\/us\/app\/infojobs-vagas-de-emprego\/id981457216<\/a><\/strong><\/p>\n\t\t\t\t<img decoding=\"async\" src=\"https:\/\/www.aleyork.com\/wp-content\/uploads\/2023\/02\/logo-trabalha.png\" alt=\"\" title=\"\" itemprop=\"image\"\/>\n\t\t<h3>Trabalha Brasil<\/h3>\t\t\t\n\t\t\t\t<p><strong><a href=\"https:\/\/www.trabalhabrasil.com.br\/\">https:\/\/www.trabalhabrasil.com.br<\/a><\/strong><\/p>\n\t\t\t<h3>Emprega Brasil<\/h3>\t\t\t\n\t\t\t\t<p>O site re\u00fane uma s\u00e9rie de servi\u00e7os ao cidad\u00e3o, atendendo aos requisitos do Programa Brasil Eficiente. Voc\u00ea encontra informa\u00e7\u00f5es sobre Seguro-Desemprego e o Abono Salarial. Em breve, uma nova funcionalidade do portal permitir\u00e1 que o processo de habilita\u00e7\u00e3o do Seguro-Desemprego ocorra pela Internet.<br \/><strong><a href=\"https:\/\/empregabrasil.mte.gov.br\/\">https:\/\/empregabrasil.mte.gov.br<\/a><\/strong><\/p>\n\t\t\t\t<img decoding=\"async\" src=\"https:\/\/www.aleyork.com\/wp-content\/uploads\/2023\/02\/logo-ciee.png\" alt=\"\" title=\"\" itemprop=\"image\"\/>\n\t\t<h3>CIEE (Centro de Integra\u00e7\u00e3o Empresa Escola)<\/h3>\t\t\t\n\t\t\t\t<p>Empresa conecta jovens com milhares de vagas de est\u00e1gio e aprendizagem.<br \/><strong><a href=\"https:\/\/portal.ciee.org.br\/para-voce\/vagas\/\">https:\/\/portal.ciee.org.br\/para-voce\/vagas\/<\/a><br \/><\/strong><em>Baixe o aplicativo:<br \/><\/em><em><u>iOS<br \/><\/u><\/em><strong><a href=\"https:\/\/apps.apple.com\/br\/app\/meu-ciee\/id1475509767\">https:\/\/apps.apple.com\/br\/app\/meu-ciee\/id1475509767<\/a><br \/><\/strong><em><u>Google Play<br \/><\/u><\/em><strong><a href=\"https:\/\/play.google.com\/store\/apps\/details?id=br.com.ciee.student\">https:\/\/play.google.com\/store\/apps\/details?id=br.com.ciee.student<\/a><\/strong><\/p>\n\t\t\t\t<img decoding=\"async\" src=\"https:\/\/www.aleyork.com\/wp-content\/uploads\/2023\/02\/logo-vagas.png\" alt=\"\" title=\"\" itemprop=\"image\"\/>\n\t\t<h3>Vagas<\/h3>\t\t\t\n\t\t\t\t<p><strong><a href=\"https:\/\/www.vagas.com.br\/\">https:\/\/www.vagas.com.br<\/a><\/strong><\/p>\n\t\t\t\t<img decoding=\"async\" src=\"https:\/\/www.aleyork.com\/wp-content\/uploads\/2023\/02\/logo-riovagas.png\" alt=\"\" title=\"\" itemprop=\"image\"\/>\n\t\t<h3>Rio Vagas<\/h3>\t\t\t\n\t\t\t\t<p><strong><a href=\"https:\/\/riovagas.com.br\/\">https:\/\/riovagas.com.br<\/a><br \/><\/strong><strong><em>Grupos de empregos no WhatsApp (Rio de Janeiro)<br \/><\/em><\/strong><strong><a href=\"https:\/\/cariocaempregos.com.br\/grupos-de-emprego-whatsapp\/\">https:\/\/cariocaempregos.com.br\/grupos-de-emprego-whatsapp\/<\/a><\/strong><\/p>\n\t\t\t\t<img decoding=\"async\" src=\"https:\/\/www.aleyork.com\/wp-content\/uploads\/2023\/02\/logo-carioca-empregos.png\" alt=\"\" title=\"\" itemprop=\"image\"\/>\n\t\t<h3>Site do Carioca Empregos<\/h3>\t\t\t\n\t\t\t\t<p><strong><a href=\"https:\/\/cariocaempregos.com.br\/auxiliar-administrativo-mercado-penha-r-1-55000-3\/\">https:\/\/cariocaempregos.com.br\/auxiliar-administrativo-mercado-penha-r-1-55000-3\/<\/a><\/strong><\/p>\n\t<h4><strong>Sites para trabalho remoto<\/strong><\/h4>\n\t\t\t\t<img decoding=\"async\" src=\"https:\/\/www.aleyork.com\/wp-content\/uploads\/2023\/09\/logo-home-agent.jpg\" alt=\"\" title=\"\" itemprop=\"image\"\/>\n\t\t<h3>Home Agent<\/h3>\t\t\t\n\t\t\t\t<p><a href=\"https:\/\/www.homeagent.com.br\"><strong>https:\/\/www.homeagent.com.br<\/strong><\/a><\/p>\n\t\t\t\t<img decoding=\"async\" src=\"https:\/\/www.aleyork.com\/wp-content\/uploads\/2023\/09\/logo-upwork.jpg\" alt=\"\" title=\"\" itemprop=\"image\"\/>\n\t\t<h3>UpWork<\/h3>\t\t\t\n\t\t\t\t<p><strong><a href=\"https:\/\/www.upwork.com\/freelance-jobs\/portuguese-brazil\/\">https:\/\/www.upwork.com\/freelance-jobs\/portuguese-brazil\/<\/a><\/strong><\/p>\n\t\t\t\t<img decoding=\"async\" src=\"https:\/\/www.aleyork.com\/wp-content\/uploads\/2023\/09\/logo-workana.jpg\" alt=\"\" title=\"\" itemprop=\"image\"\/>\n\t\t<h3>Workana<\/h3>\t\t\t\n\t\t\t\t<p><a href=\"https:\/\/www.workana.com\/pt\/jobs?country=BR&amp;language=pt\"><strong>https:\/\/www.workana.com\/pt\/jobs?country=BR&amp;language=pt<\/strong><\/a><\/p>\n\t\t\t\t<img decoding=\"async\" src=\"https:\/\/www.aleyork.com\/wp-content\/uploads\/2023\/09\/logo-working-nomads.jpg\" alt=\"\" title=\"\" itemprop=\"image\"\/>\n\t\t<h3>Working Nomads<\/h3>\t\t\t\n\t\t\t\t<p><a href=\"https:\/\/www.workingnomads.com\/jobs\"><strong>https:\/\/www.workingnomads.com\/jobs<\/strong><\/a><\/p>\n\t\t\t\t<img decoding=\"async\" src=\"https:\/\/www.aleyork.com\/wp-content\/uploads\/2023\/09\/logo-remotar.jpg\" alt=\"\" title=\"\" itemprop=\"image\"\/>\n\t\t<h3>Remotar Jobs<\/h3>\t\t\t\n\t\t\t\t<p><strong><a href=\"https:\/\/remotar.com.br\">https:\/\/remotar.com.br<\/a><\/strong><\/p>\n\t\t\t\t<img decoding=\"async\" src=\"https:\/\/www.aleyork.com\/wp-content\/uploads\/2023\/09\/logo-landing-jobs.jpg\" alt=\"\" title=\"\" itemprop=\"image\"\/>\n\t\t<h3>Landing Jobs<\/h3>\t\t\t\n\t\t\t\t<p><strong><a href=\"https:\/\/landing.jobs\/remoteworking\">https:\/\/landing.jobs\/remoteworking<\/a><\/strong><\/p>\n\t\t\t\t<img decoding=\"async\" src=\"https:\/\/www.aleyork.com\/wp-content\/uploads\/2023\/09\/logo-jobatus.jpg\" alt=\"\" title=\"\" itemprop=\"image\"\/>\n\t\t<h3>Jobatus<\/h3>\t\t\t\n\t\t\t\t<p><strong><a href=\"https:\/\/www.jobatus.com.br\">https:\/\/www.jobatus.com.br<\/a><\/strong><\/p>\n\t\t\t\t<img decoding=\"async\" src=\"https:\/\/www.aleyork.com\/wp-content\/uploads\/2023\/09\/logo-remote-ok.jpg\" alt=\"\" title=\"\" itemprop=\"image\"\/>\n\t\t<h3>Remoteok<\/h3>\t\t\t\n\t\t\t\t<p><a href=\"https:\/\/remoteok.com\"><strong>https:\/\/remoteok.com<\/strong><\/a><\/p>\n\t<h4><strong>Curso gratuito completo com tudo que voc\u00ea precisa saber sobre treinamento e desenvolvimento:<\/strong><\/h4>\n<ul>\n<li>5 cursos gratuitos com certifica\u00e7\u00e3o inclusa;<\/li>\n<li>Estude por aplicativo ou plataforma, online e offline;<\/li>\n<li>Metodologia gamificada: aprenda de forma pr\u00e1tica e motivante;<\/li>\n<li>Dinamismo: p\u00edlulas de conte\u00fado para assimila\u00e7\u00e3o r\u00e1pida.<\/li>\n<\/ul>\n<h4><strong>5 cursos gratuitos com certificado<\/strong><\/h4>\n<ol>\n<li>Treinamento &amp; Desenvolvimento &#8211; Fundamentos<\/li>\n<li>A nova era da aprendizagem: do modelo tradicional ao tecnol\u00f3gico<\/li>\n<li>Como gerenciar treinamentos: do planejamento \u00e0 execu\u00e7\u00e3o<\/li>\n<li>Gest\u00e3o do conhecimento: como aplicar para criar sua universidade corporativa<\/li>\n<li>Gest\u00e3o para resultados: como medir e impulsionar o sucesso das equipeso<\/li>\n<\/ol>\n<p>&nbsp;<\/p>\n<strong>Para mais informa\u00e7\u00f5es:<br \/>\n<img loading=\"lazy\" decoding=\"async\" src=\"https:\/\/www.aleyork.com\/wp-content\/uploads\/2023\/07\/logo-gupy.jpg\" alt=\"\" width=\"154\" height=\"105\" \/><br \/>\n<\/strong><strong><a href=\"https:\/\/info.gupy.io\/edc\/material\/campanha\/jornada-da-educacao-corporativa\/?utm_source=gupy&amp;utm_medium=social&amp;utm_campaign=jornadaedcb2c&amp;utm_content=jornadaedcfasedoisgupy\">https:\/\/info.gupy.io\/edc\/material\/campanha\/jornada-da-educacao-corporativa\/?utm_source=gupy&amp;utm_medium=social&amp;utm_campaign=jornadaedcb2c&amp;utm_content=jornadaedcfasedoisgupy<\/a><\/strong>\n\t<p><strong>Gostou das dicas? Compartilhe!<\/strong><\/p>\n\t\t\t\t\t\t\t\t\t\t<a class=\"uabb-ss-grid-button-link\" href=\"https:\/\/www.facebook.com\/sharer.php?u=https%3A%2F%2Fwww.aleyork.com%2F%3Fpage_id%3D3009%26fl_builder\" target=\"_blank\" onclick=\"window.open(this.href,'social-share','left=20,top=20,width=500,height=500,toolbar=1,resizable=0');return false;\" rel=\"noopener\">\n\t\t\t\t\t\t\t\t\t\t<\/a>\n\t\t\t\t\t\t\t\t\t\t<a class=\"uabb-ss-grid-button-link\" href=\"https:\/\/twitter.com\/share?url=https%3A%2F%2Fwww.aleyork.com%2F%3Fpage_id%3D3009%26fl_builder\" target=\"_blank\" onclick=\"window.open(this.href,'social-share','left=20,top=20,width=500,height=500,toolbar=1,resizable=0');return false;\" rel=\"noopener\">\n\t\t\t\t\t\t\t\t\t\t<\/a>\n\t\t\t\t\t\t\t\t\t\t<a class=\"uabb-ss-grid-button-link\" href=\"https:\/\/www.linkedin.com\/shareArticle?url=https%3A%2F%2Fwww.aleyork.com%2F%3Fpage_id%3D3009%26fl_builder\" target=\"_blank\" onclick=\"window.open(this.href,'social-share','left=20,top=20,width=500,height=500,toolbar=1,resizable=0');return false;\" rel=\"noopener\">\n\t\t\t\t\t\t\t\t\t\t<\/a>\n\t\t\t\t\t\t\t\t\t\t<a class=\"uabb-ss-grid-button-link\" href=\"mailto:?body=https%3A%2F%2Fwww.aleyork.com%2F%3Fpage_id%3D3009%26fl_builder\" target=\"_blank\" onclick=\"window.open(this.href,'social-share','left=20,top=20,width=500,height=500,toolbar=1,resizable=0');return false;\" rel=\"noopener\">\n\t\t\t\t\t\t\t\t\t\t<\/a>\n\t\t\t\t\t\t\t\t\t\t<a class=\"uabb-ss-grid-button-link\" href=\"https:\/\/api.whatsapp.com\/send?text=https%3A%2F%2Fwww.aleyork.com%2F%3Fpage_id%3D3009%26fl_builder\" target=\"_blank\" onclick=\"window.open(this.href,'social-share','left=20,top=20,width=500,height=500,toolbar=1,resizable=0');return false;\" rel=\"noopener\">\n\t\t\t\t\t\t\t\t\t\t<\/a>\n\t\t\t<h3>Quero saber sua opini\u00e3o!<\/h3><h4>Gostou dos sites de emprego? Quer indicar algum que n\u00e3o esteja na nossa lista?<\/h4>\t\t\t\n\t\t\t\t<p>Escreve para mim!<\/p>\n                <form method='post' enctype='multipart\/form-data' target='gform_ajax_frame_4' id='gform_4'  action='\/?page_id=3009&#038;fl_builder#gf_4' data-formid='4' novalidate>\n                        <label class='gfield_label gform-field-label' for='input_4_1'>Seu Nome<\/label><input name='input_1' id='input_4_1' type='text' value='' class='large'   tabindex='100' placeholder='Seu Nome'  aria-invalid=\"false\"   \/> <fieldset id=\"field_4_6\"  data-js-reload=\"field_4_6\"><legend class='gfield_label gform-field-label gfield_label_before_complex'>E-mail(obrigat\u00f3rio)<\/legend>\n                                    <input class='' type='email' name='input_6' id='input_4_6' value='' tabindex='101'  placeholder='Seu Email' aria-required=\"true\" aria-invalid=\"false\"  \/>\n                                    <label for='input_4_6' class='gform-field-label gform-field-label--type-sub hidden_sub_label screen-reader-text'>Digite um e-mail<\/label>\n                                    <input class='' type='email' name='input_6_2' id='input_4_6_2' value='' tabindex='102'  placeholder='Confirmar Email' aria-required=\"true\" aria-invalid=\"false\"  \/>\n                                    <label for='input_4_6_2' class='gform-field-label gform-field-label--type-sub hidden_sub_label screen-reader-text'>Confirmar e-mail<\/label>\n                            <\/fieldset><label class='gfield_label gform-field-label' for='input_4_5'>Mensagem<\/label><textarea name='input_5' id='input_4_5' class='textarea medium' tabindex='103'   placeholder='Deixe sua mensagem...'  aria-invalid=\"false\"   rows='10' cols='50'><\/textarea>\n         <input type='submit' id='gform_submit_button_4' class='gform_button button' value='Enviar' tabindex='104' onclick='if(window[\"gf_submitting_4\"]){return false;}  if( !jQuery(\"#gform_4\")[0].checkValidity || jQuery(\"#gform_4\")[0].checkValidity()){window[\"gf_submitting_4\"]=true;}  ' onkeypress='if( event.keyCode == 13 ){ if(window[\"gf_submitting_4\"]){return false;} if( !jQuery(\"#gform_4\")[0].checkValidity || jQuery(\"#gform_4\")[0].checkValidity()){window[\"gf_submitting_4\"]=true;}  jQuery(\"#gform_4\").trigger(\"submit\",[true]); }' \/> <input type='hidden' name='gform_ajax' value='form_id=4&amp;title=&amp;description=&amp;tabindex=100&amp;theme=gravity-theme' \/>\n            <input type='hidden' class='gform_hidden' name='is_submit_4' value='1' \/>\n            <input type='hidden' class='gform_hidden' name='gform_submit' value='4' \/>\n            <input type='hidden' class='gform_hidden' name='gform_unique_id' value='' \/>\n            <input type='hidden' class='gform_hidden' name='state_4' value='WyJbXSIsIjljNTdkZDNhZmMyMWJhYjU0M2M1OTljYzAzMTllZjdiIl0=' \/>\n            <input type='hidden' class='gform_hidden' name='gform_target_page_number_4' id='gform_target_page_number_4' value='0' \/>\n            <input type='hidden' class='gform_hidden' name='gform_source_page_number_4' id='gform_source_page_number_4' value='1' \/>\n            <input type='hidden' name='gform_field_values' value='' \/>\n                        <\/form>\n\t\t                <iframe style='display:none;width:0px;height:0px;' src='about:blank' name='gform_ajax_frame_4' id='gform_ajax_frame_4' title='Este iframe cont\u00e9m a l\u00f3gica necess\u00e1ria para manusear os formul\u00e1rios Gravity Forms movidos a AJAX.'><\/iframe>\n\n","protected":false},"excerpt":{"rendered":"<p>Procurar emprego pode ser estimulante e divertido para algumas pessoas. Por\u00e9m, muitas vezes \u00e9 estressante e gera muita ansiedade por diversos motivos. \u00c9 estressante para o jovem que n\u00e3o sabe por onde come\u00e7ar a procurar e n\u00e3o tem experi\u00eancia. Para as pessoas que j\u00e1 possuem trabalho h\u00e1 muitos anos que n\u00e3o sabem os lugares atuais [&hellip;]<\/p>\n","protected":false},"author":3,"featured_media":0,"parent":2822,"menu_order":0,"comment_status":"closed","ping_status":"closed","template":"","meta":{"site-sidebar-layout":"no-sidebar","site-content-layout":"page-builder","ast-site-content-layout":"default","site-content-style":"default","site-sidebar-style":"default","ast-global-header-display":"","ast-banner-title-visibility":"","ast-main-header-display":"","ast-hfb-above-header-display":"","ast-hfb-below-header-display":"","ast-hfb-mobile-header-display":"","site-post-title":"disabled","ast-breadcrumbs-content":"disabled","ast-featured-img":"disabled","footer-sml-layout":"","ast-disable-related-posts":"","theme-transparent-header-meta":"enabled","adv-header-id-meta":"","stick-header-meta":"default","header-above-stick-meta":"","header-main-stick-meta":"","header-below-stick-meta":"","astra-migrate-meta-layouts":"default","ast-page-background-enabled":"default","ast-page-background-meta":{"desktop":{"background-color":"","background-image":"","background-repeat":"repeat","background-position":"center center","background-size":"auto","background-attachment":"scroll","background-type":"","background-media":"","overlay-type":"","overlay-color":"","overlay-opacity":"","overlay-gradient":""},"tablet":{"background-color":"","background-image":"","background-repeat":"repeat","background-position":"center center","background-size":"auto","background-attachment":"scroll","background-type":"","background-media":"","overlay-type":"","overlay-color":"","overlay-opacity":"","overlay-gradient":""},"mobile":{"background-color":"","background-image":"","background-repeat":"repeat","background-position":"center center","background-size":"auto","background-attachment":"scroll","background-type":"","background-media":"","overlay-type":"","overlay-color":"","overlay-opacity":"","overlay-gradient":""}},"ast-content-background-meta":{"desktop":{"background-color":"var(--ast-global-color-5)","background-image":"","background-repeat":"repeat","background-position":"center center","background-size":"auto","background-attachment":"scroll","background-type":"","background-media":"","overlay-type":"","overlay-color":"","overlay-opacity":"","overlay-gradient":""},"tablet":{"background-color":"var(--ast-global-color-5)","background-image":"","background-repeat":"repeat","background-position":"center center","background-size":"auto","background-attachment":"scroll","background-type":"","background-media":"","overlay-type":"","overlay-color":"","overlay-opacity":"","overlay-gradient":""},"mobile":{"background-color":"var(--ast-global-color-5)","background-image":"","background-repeat":"repeat","background-position":"center center","background-size":"auto","background-attachment":"scroll","background-type":"","background-media":"","overlay-type":"","overlay-color":"","overlay-opacity":"","overlay-gradient":""}},"footnotes":""},"class_list":["post-3009","page","type-page","status-publish","hentry"],"aioseo_notices":[],"jetpack_sharing_enabled":true,"_links":{"self":[{"href":"https:\/\/www.aleyork.com\/en\/wp-json\/wp\/v2\/pages\/3009","targetHints":{"allow":["GET"]}}],"collection":[{"href":"https:\/\/www.aleyork.com\/en\/wp-json\/wp\/v2\/pages"}],"about":[{"href":"https:\/\/www.aleyork.com\/en\/wp-json\/wp\/v2\/types\/page"}],"author":[{"embeddable":true,"href":"https:\/\/www.aleyork.com\/en\/wp-json\/wp\/v2\/users\/3"}],"replies":[{"embeddable":true,"href":"https:\/\/www.aleyork.com\/en\/wp-json\/wp\/v2\/comments?post=3009"}],"version-history":[{"count":22,"href":"https:\/\/www.aleyork.com\/en\/wp-json\/wp\/v2\/pages\/3009\/revisions"}],"predecessor-version":[{"id":5080,"href":"https:\/\/www.aleyork.com\/en\/wp-json\/wp\/v2\/pages\/3009\/revisions\/5080"}],"up":[{"embeddable":true,"href":"https:\/\/www.aleyork.com\/en\/wp-json\/wp\/v2\/pages\/2822"}],"wp:attachment":[{"href":"https:\/\/www.aleyork.com\/en\/wp-json\/wp\/v2\/media?parent=3009"}],"curies":[{"name":"wp","href":"https:\/\/api.w.org\/{rel}","templated":true}]}}