{"id":3156,"date":"2023-04-24T17:47:56","date_gmt":"2023-04-24T20:47:56","guid":{"rendered":"https:\/\/www.aleyork.com\/?page_id=3156"},"modified":"2025-02-06T20:39:41","modified_gmt":"2025-02-06T23:39:41","slug":"passeio-de-helicoptero-em-nyc","status":"publish","type":"page","link":"https:\/\/www.aleyork.com\/en\/dicas-dos-eua\/passeio-de-helicoptero-em-nyc\/","title":{"rendered":"Helicopter Tour in NYC"},"content":{"rendered":"Passear de helic\u00f3ptero \u00e9 uma experi\u00eancia incr\u00edvel e inesquec\u00edvel. Para as pessoas que gostam de aventura sobrevoar pela cidade de Nova York seria um sonho! Claro que n\u00e3o \u00e9 para todo mundo, pois muitas pessoas tem medo de altura. Cada um possui um tipo de receio em rela\u00e7\u00e3o a alguma coisa e isso \u00e9 extremamente normal.\nQuero passar essa dica para as pessoas que est\u00e3o planejando passear em Nova York e querem fazer um passeio de helic\u00f3ptero.\nEu tenho o esp\u00edrito aventureiro com algumas limita\u00e7\u00f5es. Ter autoconhecimento \u00e9 fundamental na nossa vida. Aprenda como respeitar as suas limita\u00e7\u00f5es.\nEssa foi a segunda vez que eu andei de helic\u00f3ptero na minha vida. A primeira vez que eu fiz um passeio de helic\u00f3ptero foi no Rio de Janeiro em 2015. Muitos anos atr\u00e1s!\nMe mudei para os Estados Unidos em 2008, mas nunca tinha feito um passeio desse. Minha amiga Eve, que tamb\u00e9m \u00e9 super aventureira, me chamou para curtimos o meu \u00faltimo dia no Brasil fazendo um passeio. Ent\u00e3o combinamos de sobrevoar pelo Rio de Janeiro.\nFoi lindo, n\u00f3s amamos a experi\u00eancia. \u00c9 incr\u00edvel ver toda a cidade l\u00e1 de cima. N\u00e3o gravava tanto v\u00eddeos nessa \u00e9poca e literalmente descobri que a Eve fez vlog do passeio escrevendo para site quando fui procurar no canal dela. Assisti o v\u00eddeo pela primeira vez depois de 8 anos. Fiquei at\u00e9 emocionada vendo as imagens e o quanto recebo carinho da minha amiga. Evelyn querendo me matar pelo meu atraso, mas trouxe biscoito fitness \u00a0porque eu estava com fome. Tenho as melhores amigas do mundo!\nEnt\u00e3o vou colocar algumas fotos aqui e o v\u00eddeo para voc\u00eas assistirem! Deixa um coment\u00e1rio l\u00e1 no v\u00eddeo dela se voc\u00ea tamb\u00e9m s\u00f3 descobriu esse v\u00eddeo depois que leu aqui no site.\n\t\t\t\t\t<a href=\"https:\/\/www.youtube.com\/watch?v=t5ZjLYlJE3w\" aria-label=\"uabb-video-gallery\" data-fancybox=\"uabb-video-gallery\" data-url=\"https:\/\/www.youtube.com\/embed\/t5ZjLYlJE3w?autoplay=1&#038;version=3&#038;enablejsapi=1\"class=\"uabb-video-gallery-fancybox uabb-vg__play_full\">\t\t\t\t\t\t\n\t\t\t\t\t<\/a>\t\t\t\t\n<p><strong>Lots of memories!!!!  I love remembering the things I've experienced!<\/strong><\/p>\n\t<h3>\n\t\t\t\tWhat about you?  Would you have the courage to fly over a place you like in a helicopter? \n\t\t\t<\/h3>\n\t<p>I had courage after 8 years of my first experience.  Now the tour was in New York with my friend Lisa.<\/p>\n<p>This experience was a dream for me and I  recommend it to anyone who wants to take this tour in NY with Flynyon<\/p>\n<p>The company is super safe and you have the option to do it with doors or without doors on the helicopter.<\/p>\n<p>The ride was 30 minutes!  Lisa was also scared just like Evelyn.  I think I'm more adventurous than them.<\/p>\n<p>Nowadays I record a lot more and I have a YouTube channel, despite being busy and not post very very often. I have dedicated myself more to the website and my regular job.  But we recorded our experience in New York.<\/p>\n<p><strong>Flynyon<\/strong> is located in Kearny, NJ.  The price is super cheap and they give several discounts.<\/p>\n<p>Visit <strong><a href=\"https:\/\/www.flynyon.com\/\">www.flynyon.com<\/a><\/strong> for more information on pricing and flight options.<\/p>\n<p><strong>Instagram:<\/strong> <strong><a href=\"https:\/\/www.instagram.com\/flynyon\/\">@flynyon<\/a><\/strong> &amp; <strong><a href=\"https:\/\/www.instagram.com\/nyonair\/\">@nyonair<\/a><\/strong><\/p>\n<p>Phone: +18556966247<\/p>\n<p>&nbsp;<\/p>\n\t\t\t\t\t<a href=\"https:\/\/www.youtube.com\/watch?v=8IlQeUzkPFE\" aria-label=\"uabb-video-gallery\" data-fancybox=\"uabb-video-gallery\" data-url=\"https:\/\/www.youtube.com\/embed\/8IlQeUzkPFE?autoplay=1&#038;version=3&#038;enablejsapi=1\"class=\"uabb-video-gallery-fancybox uabb-vg__play_full\">\t\t\t\t\t\t\n\t\t\t\t\t<\/a>\t\t\t\t\n\t\t\t\t\t<a href=\"https:\/\/www.youtube.com\/watch?v=VK77uW-njW8\" aria-label=\"uabb-video-gallery\" data-fancybox=\"uabb-video-gallery\" data-url=\"https:\/\/www.youtube.com\/embed\/VK77uW-njW8?autoplay=1&#038;version=3&#038;enablejsapi=1\"class=\"uabb-video-gallery-fancybox uabb-vg__play_full\">\t\t\t\t\t\t\n\t\t\t\t\t<\/a>\t\t\t\t\n\t<p>One cool tip I wanted to share was to add the car service option to FlyNYON flights if you don't have a car and don't want to take public transportation.<\/p>\n<p>They will arrange a car service to ensure you arrive on time and ensure you take off.<\/p>\n<p>If you are driving yourself: Use GPS address: 78 John Miller Way, Kearny, NJ.<\/p>\n<p>If you want to use public transportation, take the NJ Path train to Journal Square in Jersey City OR NJ Transit to Newark Penn Station, then take an Uber or taxi to the heliport. To be easier, it is recommended to download Uber before arriving at the heliport.<\/p>\n<p>When arriving at the heliport, ring the bell or call 973-849-6423 and someone will let you in.<\/p>\n<h4><strong>RESPECT YOUR LIMITS<\/strong><\/h4>\n<p>Do not do this type of tour if you are afraid.<\/p>\n<p>I often say that people have lost common sense and no longer have limits. Unfortunately, it is true for many people.  This idea applies to this example of the helicopter ride as it does to other things in our lives.<\/p>\n<p>Although some personal boundaries can be difficult to navigate.  We need to define and know how to communicate in regards to our limits because it is essential for our physical and mental health, well-being and even our safety.<\/p>\n<h4><strong>You can set limits for:<\/strong><\/h4>\n<ul>\n<li><strong>Personal space<\/strong><\/li>\n<li><strong>Emotions<\/strong><\/li>\n<li><strong>Thoughts<\/strong><\/li>\n<li><strong>Your time and energy<\/strong><\/li>\n<li><strong>Relationships<\/strong><\/li>\n<li><strong>Adventures<\/strong><\/li>\n<li><strong>Family<\/strong><\/li>\n<li><strong>Religion<\/strong><\/li>\n<li><strong>Culture<\/strong><\/li>\n<li><strong>Ethic<\/strong><\/li>\n<\/ul>\n<p>We need to normalize the importance of setting boundaries. Setting boundaries for yourself and respecting the boundaries of others is not textbook science as some may think.<\/p>\n<p>We can learn ways to take control of our lives.<\/p>\n<p>When we set limits we can improve many things in our life.  For example:<\/p>\n<ul>\n<li><strong>Improves self-esteem<\/strong><\/li>\n<li><strong>Relationships<\/strong><\/li>\n<li><strong>Conserves emotional energy<\/strong><\/li>\n<li><strong>Gives room to grow and work on vulnerabilities<\/strong><\/li>\n<\/ul>\n<p>Do you know your limits?  If the answer is no, stop to think about what you would like to set as boundaries and make a list.<\/p>\n<p>I will be writing tips for the website on how to set boundaries and how it can help your mental health soon.<\/p>\n<p>I hope you enjoyed the NY tour tip and reflected a little about boundaries as well.<\/p>\n\t\t\t\t<a\n\t\t\thref=\"https:\/\/www.aleyork.com\/wp-content\/uploads\/2023\/04\/helicoptero-ny-1.jpg\"\n\t\t\t\t\t\tdata-fancybox=\"images\" \n\t\t\ttitle=\"\" \n\t\t\t\t\t\tdata-caption=\"\"\n\t\t\t\t\t\tdata-description=\"\" \n\t\t\titemprop=\"contentUrl\">\n\t\t\t<img loading=\"lazy\" decoding=\"async\" src=\"https:\/\/www.aleyork.com\/wp-content\/uploads\/2023\/04\/helicoptero-ny-1.jpg\" alt=\"\" data-no-lazy=\"1\" itemprop=\"thumbnail\" width=\"384\" height=\"512\" \/>\n\t\t\t<!-- Overlay Wrapper -->\n\t\t\t <!-- Overlay Wrapper Closed -->\n\t\t\t\t<\/a>\n\t\t\t\t\t\t\t<meta itemprop=\"width\" content=\"384\" \/>\n\t\t\t<meta itemprop=\"height\" content=\"512\" \/>\n\t\t\t\t<a\n\t\t\thref=\"https:\/\/www.aleyork.com\/wp-content\/uploads\/2023\/04\/helicoptero-ny-2.jpg\"\n\t\t\t\t\t\tdata-fancybox=\"images\" \n\t\t\ttitle=\"\" \n\t\t\t\t\t\tdata-caption=\"\"\n\t\t\t\t\t\tdata-description=\"\" \n\t\t\titemprop=\"contentUrl\">\n\t\t\t<img loading=\"lazy\" decoding=\"async\" src=\"https:\/\/www.aleyork.com\/wp-content\/uploads\/2023\/04\/helicoptero-ny-2-300x200.jpg\" alt=\"\" data-no-lazy=\"1\" itemprop=\"thumbnail\" width=\"300\" height=\"200\" \/>\n\t\t\t<!-- Overlay Wrapper -->\n\t\t\t <!-- Overlay Wrapper Closed -->\n\t\t\t\t<\/a>\n\t\t\t\t\t\t\t<meta itemprop=\"width\" content=\"300\" \/>\n\t\t\t<meta itemprop=\"height\" content=\"200\" \/>\n\t\t\t\t<a\n\t\t\thref=\"https:\/\/www.aleyork.com\/wp-content\/uploads\/2023\/04\/helicoptero-ny-3.jpg\"\n\t\t\t\t\t\tdata-fancybox=\"images\" \n\t\t\ttitle=\"\" \n\t\t\t\t\t\tdata-caption=\"\"\n\t\t\t\t\t\tdata-description=\"\" \n\t\t\titemprop=\"contentUrl\">\n\t\t\t<img loading=\"lazy\" decoding=\"async\" src=\"https:\/\/www.aleyork.com\/wp-content\/uploads\/2023\/04\/helicoptero-ny-3-300x225.jpg\" alt=\"\" data-no-lazy=\"1\" itemprop=\"thumbnail\" width=\"300\" height=\"225\" \/>\n\t\t\t<!-- Overlay Wrapper -->\n\t\t\t <!-- Overlay Wrapper Closed -->\n\t\t\t\t<\/a>\n\t\t\t\t\t\t\t<meta itemprop=\"width\" content=\"300\" \/>\n\t\t\t<meta itemprop=\"height\" content=\"225\" \/>\n\t\t\t\t<a\n\t\t\thref=\"https:\/\/www.aleyork.com\/wp-content\/uploads\/2023\/04\/helicoptero-ny-4.jpg\"\n\t\t\t\t\t\tdata-fancybox=\"images\" \n\t\t\ttitle=\"\" \n\t\t\t\t\t\tdata-caption=\"\"\n\t\t\t\t\t\tdata-description=\"\" \n\t\t\titemprop=\"contentUrl\">\n\t\t\t<img loading=\"lazy\" decoding=\"async\" src=\"https:\/\/www.aleyork.com\/wp-content\/uploads\/2023\/04\/helicoptero-ny-4-300x223.jpg\" alt=\"\" data-no-lazy=\"1\" itemprop=\"thumbnail\" width=\"300\" height=\"223\" \/>\n\t\t\t<!-- Overlay Wrapper -->\n\t\t\t <!-- Overlay Wrapper Closed -->\n\t\t\t\t<\/a>\n\t\t\t\t\t\t\t<meta itemprop=\"width\" content=\"300\" \/>\n\t\t\t<meta itemprop=\"height\" content=\"223\" \/>\n\t\t\t\t<a\n\t\t\thref=\"https:\/\/www.aleyork.com\/wp-content\/uploads\/2023\/04\/helicoptero-ny-5.jpg\"\n\t\t\t\t\t\tdata-fancybox=\"images\" \n\t\t\ttitle=\"\" \n\t\t\t\t\t\tdata-caption=\"\"\n\t\t\t\t\t\tdata-description=\"\" \n\t\t\titemprop=\"contentUrl\">\n\t\t\t<img loading=\"lazy\" decoding=\"async\" src=\"https:\/\/www.aleyork.com\/wp-content\/uploads\/2023\/04\/helicoptero-ny-5-227x300.jpg\" alt=\"\" data-no-lazy=\"1\" itemprop=\"thumbnail\" width=\"227\" height=\"300\" \/>\n\t\t\t<!-- Overlay Wrapper -->\n\t\t\t <!-- Overlay Wrapper Closed -->\n\t\t\t\t<\/a>\n\t\t\t\t\t\t\t<meta itemprop=\"width\" content=\"227\" \/>\n\t\t\t<meta itemprop=\"height\" content=\"300\" \/>\n\t\t\t\t<a\n\t\t\thref=\"https:\/\/www.aleyork.com\/wp-content\/uploads\/2023\/04\/helicoptero-ny-6.jpg\"\n\t\t\t\t\t\tdata-fancybox=\"images\" \n\t\t\ttitle=\"\" \n\t\t\t\t\t\tdata-caption=\"\"\n\t\t\t\t\t\tdata-description=\"\" \n\t\t\titemprop=\"contentUrl\">\n\t\t\t<img loading=\"lazy\" decoding=\"async\" src=\"https:\/\/www.aleyork.com\/wp-content\/uploads\/2023\/04\/helicoptero-ny-6-226x300.jpg\" alt=\"\" data-no-lazy=\"1\" itemprop=\"thumbnail\" width=\"226\" height=\"300\" \/>\n\t\t\t<!-- Overlay Wrapper -->\n\t\t\t <!-- Overlay Wrapper Closed -->\n\t\t\t\t<\/a>\n\t\t\t\t\t\t\t<meta itemprop=\"width\" content=\"226\" \/>\n\t\t\t<meta itemprop=\"height\" content=\"300\" \/>\n\t\t\t\t<a\n\t\t\thref=\"https:\/\/www.aleyork.com\/wp-content\/uploads\/2023\/04\/helicoptero-ny-7.jpg\"\n\t\t\t\t\t\tdata-fancybox=\"images\" \n\t\t\ttitle=\"\" \n\t\t\t\t\t\tdata-caption=\"\"\n\t\t\t\t\t\tdata-description=\"\" \n\t\t\titemprop=\"contentUrl\">\n\t\t\t<img loading=\"lazy\" decoding=\"async\" src=\"https:\/\/www.aleyork.com\/wp-content\/uploads\/2023\/04\/helicoptero-ny-7-226x300.jpg\" alt=\"\" data-no-lazy=\"1\" itemprop=\"thumbnail\" width=\"226\" height=\"300\" \/>\n\t\t\t<!-- Overlay Wrapper -->\n\t\t\t <!-- Overlay Wrapper Closed -->\n\t\t\t\t<\/a>\n\t\t\t\t\t\t\t<meta itemprop=\"width\" content=\"226\" \/>\n\t\t\t<meta itemprop=\"height\" content=\"300\" \/>\n\t\t\t\t<a\n\t\t\thref=\"https:\/\/www.aleyork.com\/wp-content\/uploads\/2023\/04\/helicoptero-ny-8.jpg\"\n\t\t\t\t\t\tdata-fancybox=\"images\" \n\t\t\ttitle=\"\" \n\t\t\t\t\t\tdata-caption=\"\"\n\t\t\t\t\t\tdata-description=\"\" \n\t\t\titemprop=\"contentUrl\">\n\t\t\t<img loading=\"lazy\" decoding=\"async\" src=\"https:\/\/www.aleyork.com\/wp-content\/uploads\/2023\/04\/helicoptero-ny-8-226x300.jpg\" alt=\"\" data-no-lazy=\"1\" itemprop=\"thumbnail\" width=\"226\" height=\"300\" \/>\n\t\t\t<!-- Overlay Wrapper -->\n\t\t\t <!-- Overlay Wrapper Closed -->\n\t\t\t\t<\/a>\n\t\t\t\t\t\t\t<meta itemprop=\"width\" content=\"226\" \/>\n\t\t\t<meta itemprop=\"height\" content=\"300\" \/>\n\t\t\t\t<a\n\t\t\thref=\"https:\/\/www.aleyork.com\/wp-content\/uploads\/2023\/04\/helicoptero-ny-9.jpg\"\n\t\t\t\t\t\tdata-fancybox=\"images\" \n\t\t\ttitle=\"\" \n\t\t\t\t\t\tdata-caption=\"\"\n\t\t\t\t\t\tdata-description=\"\" \n\t\t\titemprop=\"contentUrl\">\n\t\t\t<img loading=\"lazy\" decoding=\"async\" src=\"https:\/\/www.aleyork.com\/wp-content\/uploads\/2023\/04\/helicoptero-ny-9-238x300.jpg\" alt=\"\" data-no-lazy=\"1\" itemprop=\"thumbnail\" width=\"238\" height=\"300\" \/>\n\t\t\t<!-- Overlay Wrapper -->\n\t\t\t <!-- Overlay Wrapper Closed -->\n\t\t\t\t<\/a>\n\t\t\t\t\t\t\t<meta itemprop=\"width\" content=\"238\" \/>\n\t\t\t<meta itemprop=\"height\" content=\"300\" \/>\n\t\t\t\t<a\n\t\t\thref=\"https:\/\/www.aleyork.com\/wp-content\/uploads\/2023\/04\/helicoptero-ny-10.jpg\"\n\t\t\t\t\t\tdata-fancybox=\"images\" \n\t\t\ttitle=\"\" \n\t\t\t\t\t\tdata-caption=\"\"\n\t\t\t\t\t\tdata-description=\"\" \n\t\t\titemprop=\"contentUrl\">\n\t\t\t<img loading=\"lazy\" decoding=\"async\" src=\"https:\/\/www.aleyork.com\/wp-content\/uploads\/2023\/04\/helicoptero-ny-10-300x200.jpg\" alt=\"\" data-no-lazy=\"1\" itemprop=\"thumbnail\" width=\"300\" height=\"200\" \/>\n\t\t\t<!-- Overlay Wrapper -->\n\t\t\t <!-- Overlay Wrapper Closed -->\n\t\t\t\t<\/a>\n\t\t\t\t\t\t\t<meta itemprop=\"width\" content=\"300\" \/>\n\t\t\t<meta itemprop=\"height\" content=\"200\" \/>\n\t\t\t\t<a\n\t\t\thref=\"https:\/\/www.aleyork.com\/wp-content\/uploads\/2023\/04\/helicoptero-ny-11.jpg\"\n\t\t\t\t\t\tdata-fancybox=\"images\" \n\t\t\ttitle=\"\" \n\t\t\t\t\t\tdata-caption=\"\"\n\t\t\t\t\t\tdata-description=\"\" \n\t\t\titemprop=\"contentUrl\">\n\t\t\t<img loading=\"lazy\" decoding=\"async\" src=\"https:\/\/www.aleyork.com\/wp-content\/uploads\/2023\/04\/helicoptero-ny-11-300x200.jpg\" alt=\"\" data-no-lazy=\"1\" itemprop=\"thumbnail\" width=\"300\" height=\"200\" \/>\n\t\t\t<!-- Overlay Wrapper -->\n\t\t\t <!-- Overlay Wrapper Closed -->\n\t\t\t\t<\/a>\n\t\t\t\t\t\t\t<meta itemprop=\"width\" content=\"300\" \/>\n\t\t\t<meta itemprop=\"height\" content=\"200\" \/>\n\t\t\t\t<a\n\t\t\thref=\"https:\/\/www.aleyork.com\/wp-content\/uploads\/2023\/04\/helicoptero-ny-12.jpg\"\n\t\t\t\t\t\tdata-fancybox=\"images\" \n\t\t\ttitle=\"\" \n\t\t\t\t\t\tdata-caption=\"\"\n\t\t\t\t\t\tdata-description=\"\" \n\t\t\titemprop=\"contentUrl\">\n\t\t\t<img loading=\"lazy\" decoding=\"async\" src=\"https:\/\/www.aleyork.com\/wp-content\/uploads\/2023\/04\/helicoptero-ny-12.jpg\" alt=\"\" data-no-lazy=\"1\" itemprop=\"thumbnail\" width=\"384\" height=\"576\" \/>\n\t\t\t<!-- Overlay Wrapper -->\n\t\t\t <!-- Overlay Wrapper Closed -->\n\t\t\t\t<\/a>\n\t\t\t\t\t\t\t<meta itemprop=\"width\" content=\"384\" \/>\n\t\t\t<meta itemprop=\"height\" content=\"576\" \/>\n\t\t\t\t<a\n\t\t\thref=\"https:\/\/www.aleyork.com\/wp-content\/uploads\/2023\/04\/helicoptero-ny-13.jpg\"\n\t\t\t\t\t\tdata-fancybox=\"images\" \n\t\t\ttitle=\"\" \n\t\t\t\t\t\tdata-caption=\"\"\n\t\t\t\t\t\tdata-description=\"\" \n\t\t\titemprop=\"contentUrl\">\n\t\t\t<img loading=\"lazy\" decoding=\"async\" src=\"https:\/\/www.aleyork.com\/wp-content\/uploads\/2023\/04\/helicoptero-ny-13-169x300.jpg\" alt=\"\" data-no-lazy=\"1\" itemprop=\"thumbnail\" width=\"169\" height=\"300\" \/>\n\t\t\t<!-- Overlay Wrapper -->\n\t\t\t <!-- Overlay Wrapper Closed -->\n\t\t\t\t<\/a>\n\t\t\t\t\t\t\t<meta itemprop=\"width\" content=\"169\" \/>\n\t\t\t<meta itemprop=\"height\" content=\"300\" \/>\n\t\t\t\t<a\n\t\t\thref=\"https:\/\/www.aleyork.com\/wp-content\/uploads\/2023\/04\/helicoptero-ny-14.jpg\"\n\t\t\t\t\t\tdata-fancybox=\"images\" \n\t\t\ttitle=\"\" \n\t\t\t\t\t\tdata-caption=\"\"\n\t\t\t\t\t\tdata-description=\"\" \n\t\t\titemprop=\"contentUrl\">\n\t\t\t<img loading=\"lazy\" decoding=\"async\" src=\"https:\/\/www.aleyork.com\/wp-content\/uploads\/2023\/04\/helicoptero-ny-14-300x225.jpg\" alt=\"\" data-no-lazy=\"1\" itemprop=\"thumbnail\" width=\"300\" height=\"225\" \/>\n\t\t\t<!-- Overlay Wrapper -->\n\t\t\t <!-- Overlay Wrapper Closed -->\n\t\t\t\t<\/a>\n\t\t\t\t\t\t\t<meta itemprop=\"width\" content=\"300\" \/>\n\t\t\t<meta itemprop=\"height\" content=\"225\" \/>\n\t<p><strong>Did you like the tip? Please share!<\/strong><\/p>\n\t\t\t\t\t\t\t\t\t\t<a class= \"uabb-ss-grid-button-link\" href=\"https:\/\/www.facebook.com\/sharer.php?u=https%3A%2F%2Fwww.aleyork.com%2F%3Fpage_id%3D3156%26fl_builder\" target=\"_blank\" onclick=\"window.open(this.href,'social-share','left=20,top=20,width=500,height=500,toolbar=1,resizable=0');return false;\">\n\t\t\t\t\t\t\t\t\t\t<\/a>\n\t\t\t\t\t\t\t\t\t\t<a class= \"uabb-ss-grid-button-link\" href=\"https:\/\/twitter.com\/share?url=https%3A%2F%2Fwww.aleyork.com%2F%3Fpage_id%3D3156%26fl_builder\" target=\"_blank\" onclick=\"window.open(this.href,'social-share','left=20,top=20,width=500,height=500,toolbar=1,resizable=0');return false;\">\n\t\t\t\t\t\t\t\t\t\t<\/a>\n\t\t\t\t\t\t\t\t\t\t<a class= \"uabb-ss-grid-button-link\" href=\"https:\/\/www.linkedin.com\/shareArticle?url=https%3A%2F%2Fwww.aleyork.com%2F%3Fpage_id%3D3156%26fl_builder\" target=\"_blank\" onclick=\"window.open(this.href,'social-share','left=20,top=20,width=500,height=500,toolbar=1,resizable=0');return false;\">\n\t\t\t\t\t\t\t\t\t\t<\/a>\n\t\t\t\t\t\t\t\t\t\t<a class= \"uabb-ss-grid-button-link\" href=\"mailto:?body=https%3A%2F%2Fwww.aleyork.com%2F%3Fpage_id%3D3156%26fl_builder\" target=\"_blank\" onclick=\"window.open(this.href,'social-share','left=20,top=20,width=500,height=500,toolbar=1,resizable=0');return false;\">\n\t\t\t\t\t\t\t\t\t\t<\/a>\n\t\t\t\t\t\t\t\t\t\t<a class= \"uabb-ss-grid-button-link\" href=\"https:\/\/api.whatsapp.com\/send?text=https%3A%2F%2Fwww.aleyork.com%2F%3Fpage_id%3D3156%26fl_builder\" target=\"_blank\" onclick=\"window.open(this.href,'social-share','left=20,top=20,width=500,height=500,toolbar=1,resizable=0');return false;\">\n\t\t\t\t\t\t\t\t\t\t<\/a>","protected":false},"excerpt":{"rendered":"<p>Passear de helic\u00f3ptero \u00e9 uma experi\u00eancia incr\u00edvel e inesquec\u00edvel. Para as pessoas que gostam de aventura sobrevoar pela cidade de Nova York seria um sonho! Claro que n\u00e3o \u00e9 para todo mundo, pois muitas pessoas tem medo de altura. Cada um possui um tipo de receio em rela\u00e7\u00e3o a alguma coisa e isso \u00e9 extremamente [&hellip;]<\/p>\n","protected":false},"author":3,"featured_media":0,"parent":1942,"menu_order":0,"comment_status":"closed","ping_status":"closed","template":"","meta":{"site-sidebar-layout":"no-sidebar","site-content-layout":"page-builder","ast-site-content-layout":"default","site-content-style":"default","site-sidebar-style":"default","ast-global-header-display":"","ast-banner-title-visibility":"","ast-main-header-display":"","ast-hfb-above-header-display":"","ast-hfb-below-header-display":"","ast-hfb-mobile-header-display":"","site-post-title":"disabled","ast-breadcrumbs-content":"disabled","ast-featured-img":"disabled","footer-sml-layout":"","ast-disable-related-posts":"","theme-transparent-header-meta":"enabled","adv-header-id-meta":"","stick-header-meta":"default","header-above-stick-meta":"","header-main-stick-meta":"","header-below-stick-meta":"","astra-migrate-meta-layouts":"default","ast-page-background-enabled":"default","ast-page-background-meta":{"desktop":{"background-color":"","background-image":"","background-repeat":"repeat","background-position":"center center","background-size":"auto","background-attachment":"scroll","background-type":"","background-media":"","overlay-type":"","overlay-color":"","overlay-opacity":"","overlay-gradient":""},"tablet":{"background-color":"","background-image":"","background-repeat":"repeat","background-position":"center center","background-size":"auto","background-attachment":"scroll","background-type":"","background-media":"","overlay-type":"","overlay-color":"","overlay-opacity":"","overlay-gradient":""},"mobile":{"background-color":"","background-image":"","background-repeat":"repeat","background-position":"center center","background-size":"auto","background-attachment":"scroll","background-type":"","background-media":"","overlay-type":"","overlay-color":"","overlay-opacity":"","overlay-gradient":""}},"ast-content-background-meta":{"desktop":{"background-color":"var(--ast-global-color-5)","background-image":"","background-repeat":"repeat","background-position":"center center","background-size":"auto","background-attachment":"scroll","background-type":"","background-media":"","overlay-type":"","overlay-color":"","overlay-opacity":"","overlay-gradient":""},"tablet":{"background-color":"var(--ast-global-color-5)","background-image":"","background-repeat":"repeat","background-position":"center center","background-size":"auto","background-attachment":"scroll","background-type":"","background-media":"","overlay-type":"","overlay-color":"","overlay-opacity":"","overlay-gradient":""},"mobile":{"background-color":"var(--ast-global-color-5)","background-image":"","background-repeat":"repeat","background-position":"center center","background-size":"auto","background-attachment":"scroll","background-type":"","background-media":"","overlay-type":"","overlay-color":"","overlay-opacity":"","overlay-gradient":""}},"footnotes":""},"class_list":["post-3156","page","type-page","status-publish","hentry"],"aioseo_notices":[],"jetpack_sharing_enabled":true,"_links":{"self":[{"href":"https:\/\/www.aleyork.com\/en\/wp-json\/wp\/v2\/pages\/3156","targetHints":{"allow":["GET"]}}],"collection":[{"href":"https:\/\/www.aleyork.com\/en\/wp-json\/wp\/v2\/pages"}],"about":[{"href":"https:\/\/www.aleyork.com\/en\/wp-json\/wp\/v2\/types\/page"}],"author":[{"embeddable":true,"href":"https:\/\/www.aleyork.com\/en\/wp-json\/wp\/v2\/users\/3"}],"replies":[{"embeddable":true,"href":"https:\/\/www.aleyork.com\/en\/wp-json\/wp\/v2\/comments?post=3156"}],"version-history":[{"count":11,"href":"https:\/\/www.aleyork.com\/en\/wp-json\/wp\/v2\/pages\/3156\/revisions"}],"predecessor-version":[{"id":5429,"href":"https:\/\/www.aleyork.com\/en\/wp-json\/wp\/v2\/pages\/3156\/revisions\/5429"}],"up":[{"embeddable":true,"href":"https:\/\/www.aleyork.com\/en\/wp-json\/wp\/v2\/pages\/1942"}],"wp:attachment":[{"href":"https:\/\/www.aleyork.com\/en\/wp-json\/wp\/v2\/media?parent=3156"}],"curies":[{"name":"wp","href":"https:\/\/api.w.org\/{rel}","templated":true}]}}