{"id":3444,"date":"2023-06-20T17:49:30","date_gmt":"2023-06-20T20:49:30","guid":{"rendered":"https:\/\/www.aleyork.com\/?page_id=3444"},"modified":"2024-06-07T18:04:11","modified_gmt":"2024-06-07T21:04:11","slug":"sites-para-trabalho-de-baba-nos-eua","status":"publish","type":"page","link":"https:\/\/www.aleyork.com\/en\/sites-para-trabalho-de-baba-nos-eua\/","title":{"rendered":"Sites para Trabalho de Bab\u00e1 nos EUA"},"content":{"rendered":"<p>Ser bab\u00e1 nos EUA \u00e9 um dos trabalhos mais comuns entre imigrantes.<\/p>\n<p>Pode ser uma boa op\u00e7\u00e3o para trabalho de meio per\u00edodo ou per\u00edodo integral tamb\u00e9m. Os requisitos variam de acordo com o estado dos EUA e o empregador.<\/p>\n<p><strong>Alguns requisitos s\u00e3o importantes:<\/strong><\/p>\n<ul>\n<li><strong>Idade<\/strong><\/li>\n<\/ul>\n<p>N\u00e3o h\u00e1 limite de idade nacional para ser bab\u00e1 nos EUA para quem tem permiss\u00e3o de trabalho, mas alguns estados ou empregadores individuais podem ter requisitos espec\u00edficos.<\/p>\n<p>Existem estados por exemplo que exigem que as bab\u00e1s tenham pelo menos 16 anos ou tenham conclu\u00eddo um curso de treinamento. Os empregadores tamb\u00e9m podem ter seus pr\u00f3prios requisitos de idade para bab\u00e1s. Isso \u00e9 muito relativo e depende de cada situa\u00e7\u00e3o. Normalmente, as bab\u00e1s mais jovens s\u00f3 podem trabalhar sob a supervis\u00e3o de um adulto, enquanto as adolescentes mais velhas podem cuidar das crian\u00e7as sozinhas. \u00c9 importante verificar com seu estado que voc\u00ea tem interesse e quaisquer empregadores em potencial para entender seus requisitos espec\u00edficos de idade para bab\u00e1s.<\/p>\n<ul>\n<li><strong>Ingl\u00eas intermedi\u00e1rio<\/strong><\/li>\n<\/ul>\n<p>Um bom dom\u00ednio da l\u00edngua \u00e9 necess\u00e1rio porque a bab\u00e1 precisa entender as instru\u00e7\u00f5es da fam\u00edlia e precisa tamb\u00e9m relatar as coisas que acontecem durante o cuidado com a crian\u00e7a.<\/p>\n<ul>\n<li><strong>Ser saud\u00e1vel<\/strong><\/li>\n<\/ul>\n<p>De prefer\u00eancia que a pessoa n\u00e3o seja fumante e n\u00e3o tenha alguma doen\u00e7a cr\u00f4nica grave. Para cuidar de crian\u00e7a requer muito esfor\u00e7o f\u00edsico, ent\u00e3o \u00e9 imprescind\u00edvel ser saud\u00e1vel e ter disposi\u00e7\u00e3o.<\/p>\n<ul>\n<li><strong>Ser flex\u00edvel<\/strong><\/li>\n<\/ul>\n<p>A pessoa precisa ser flex\u00edvel com o hor\u00e1rio e entrar em acordo com a fam\u00edlia. De prefer\u00eancia ter a disponibilidade para ficar com uma fam\u00edlia por um per\u00edodo m\u00ednimo de 1 ano ou mais. Consist\u00eancia \u00e9 importante na vida das crian\u00e7as.<\/p>\n<ul>\n<li><strong>Experi\u00eancia no cuidado de crian\u00e7as<\/strong><\/li>\n<\/ul>\n<p>A pessoa pode ter experi\u00eancia pr\u00f3pria com crian\u00e7as em casa ou em algum trabalho relacionado ao cuidado com crian\u00e7as.<\/p>\n<ul>\n<li><strong>Possuir carteira de motorista e ter experi\u00eancia de condu\u00e7\u00e3o<\/strong><\/li>\n<\/ul>\n<p>Muitos trabalhos exigem que a pessoa leve a crian\u00e7a \u00e0 creche, escola, atividades extracurriculares e etc.<\/p>\n<ul>\n<li><strong>N\u00e3o ter ficha criminal<\/strong><\/li>\n<\/ul>\n<p>Muitos empregadores fazem uma verifica\u00e7\u00e3o sobre a ficha criminal porque a pessoa vai cuidar de crian\u00e7as que s\u00e3o vulner\u00e1veis. Ent\u00e3o \u00e9 importante ter a ficha limpa.<\/p>\n<ul>\n<li><strong>Ter a certifica\u00e7\u00e3o de RCP (Ressuscita\u00e7\u00e3o Cardiopulmonar) exigido em v\u00e1rios lugares\n<\/strong><\/li>\n<li><strong>Ter experi\u00eancia<\/strong><\/li>\n<\/ul>\n<p>Muitos lugares exigem experi\u00eancia profissional ou pessoal. Existem alguns empregadores dispostos a treinar tamb\u00e9m. Ent\u00e3o \u00e9 relativo.<\/p>\n<p>Habilidades e Compet\u00eancias Necess\u00e1rias:<\/p>\n<p>Nem todo mundo tem as habilidades ou a personalidade para trabalhar com crian\u00e7as. Devemos ser realistas na hora de escolhermos essa profiss\u00e3o porque vidas est\u00e3o em jogo. Crian\u00e7as s\u00e3o vulner\u00e1veis e merecem ser cuidadas por pessoas com inten\u00e7\u00f5es genu\u00ednas.<\/p>\n<p><strong>Veja a lista abaixo e se voc\u00ea \u00e9 a pessoa ideal para o cargo:<\/strong><\/p>\n<ul>\n<li><strong>Precisa gostar de crian\u00e7as (parece \u00f3bvio, mas tem um monte de pessoas que trabalham com crian\u00e7as e n\u00e3o gostam)<\/strong><\/li>\n<li><strong>Precisa ser excelente ouvinte<\/strong><\/li>\n<li><strong>Ser pontual<\/strong><\/li>\n<li><strong>Ser confi\u00e1vel<\/strong><\/li>\n<li><strong>Ser organizada (o)<\/strong><\/li>\n<li><strong>Ser paciente<\/strong><\/li>\n<li><strong>Respeita a rotina e as regras das pessoas<\/strong><\/li>\n<li><strong>Ter conhecimento b\u00e1sico de primeiros socorros<\/strong><\/li>\n<li><strong>Ter conhecimento do desenvolvimento infantil<\/strong><\/li>\n<li><strong>Saber lidar racionalmente em momentos de emerg\u00eancia<\/strong><\/li>\n<li><strong>Tem lugares que pedem para ajudar nas tarefas escolares (n\u00e3o \u00e9 uma regra)<\/strong><\/li>\n<li><strong>Ser uma pessoa carinhosa<\/strong><\/li>\n<li><strong>Ser uma pessoa divertida<\/strong><\/li>\n<li><strong>Ter autocontrole<\/strong><\/li>\n<li><strong>Ser uma pessoa comunicativa<\/strong><\/li>\n<\/ul>\n\t\t\t\t\t\t\t\t\t<img loading=\"lazy\" decoding=\"async\" src=\"https:\/\/www.aleyork.com\/wp-content\/uploads\/2023\/06\/baba-eua.jpg\" alt=\"\" itemprop=\"image\" height=\"532\" width=\"567\" srcset=\"https:\/\/www.aleyork.com\/wp-content\/uploads\/2023\/06\/baba-eua.jpg 567w, https:\/\/www.aleyork.com\/wp-content\/uploads\/2023\/06\/baba-eua-300x281.jpg 300w, https:\/\/www.aleyork.com\/wp-content\/uploads\/2023\/06\/baba-eua-13x12.jpg 13w\" sizes=\"auto, (max-width: 567px) 100vw, 567px\" onerror=\"this.style.display='none'\"  \/>\n\t<p>Se voc\u00ea possuir essas habilidades e compet\u00eancias, voc\u00ea pode se tornar excelente um (a) profissional e fornecer atendimento de qualidade para crian\u00e7as nos EUA ou em qualquer outro lugar.<\/p>\n<p><strong>Algumas responsabilidades do trabalho de bab\u00e1:<\/strong><\/p>\n<ul>\n<li><strong>Presta cuidados a crian\u00e7as dentro e fora de casa durante o hor\u00e1rio de servi\u00e7o.<\/strong><\/li>\n<li><strong>Mant\u00e9m a programa\u00e7\u00e3o di\u00e1ria da crian\u00e7a.<\/strong><\/li>\n<li><strong>Cuida de beb\u00eas, incluindo alimenta\u00e7\u00e3o, troca de fraldas, vestir e etc.<\/strong><\/li>\n<li><strong>Prepara refei\u00e7\u00f5es saud\u00e1veis ou de acordo com o card\u00e1pio desejado da fam\u00edlia.<\/strong><\/li>\n<li><strong>Realiza tarefas dom\u00e9sticas leves relacionados as crian\u00e7as.<\/strong><\/li>\n<li><strong>Mant\u00e9m a \u00e1rea de lazer arrumada.<\/strong><\/li>\n<li><strong>Conduz as crian\u00e7as em atividades curriculares e extra curriculares.<\/strong><\/li>\n<li><strong>Ajuda com a li\u00e7\u00e3o da escola e aulas particulares, conforme necess\u00e1rio.<\/strong><\/li>\n<li><strong>Incentiva h\u00e1bitos saud\u00e1veis \u200b\u200be de higiene para as crian\u00e7as.<\/strong><\/li>\n<li><strong>Ajuda no treinamento do toalete.<\/strong><\/li>\n<\/ul>\n<p>Espero que voc\u00ea reflita sobre as informa\u00e7\u00f5es fornecidas e se prepare para o mercado de trabalho. N\u00e3o se esque\u00e7a de atualizar o seu curr\u00edculo antes de aplicar para as vagas no site.<\/p>\n<p>Caso voc\u00ea tenha d\u00favida de como fazer um curr\u00edculo, eu tenho v\u00eddeos que podem te ajudar. Assista e aprenda como fazer um curr\u00edculo eficiente.<\/p>\n\t\t\t\t\t<a href=\"https:\/\/www.youtube.com\/watch?v=4fMRLfHgBW4\" aria-label=\"uabb-video-gallery\" data-fancybox=\"uabb-video-gallery\" data-url=\"https:\/\/www.youtube.com\/embed\/4fMRLfHgBW4?autoplay=1&#038;version=3&#038;enablejsapi=1\"class=\"uabb-video-gallery-fancybox uabb-vg__play_full\">\t\t\t\t\t\t\n\t\t\t\t\t<\/a>\t\t\t\t\n\t\t\t\t\t<a href=\"https:\/\/www.youtube.com\/watch?v=4v8VbA7XLGU\" aria-label=\"uabb-video-gallery\" data-fancybox=\"uabb-video-gallery\" data-url=\"https:\/\/www.youtube.com\/embed\/4v8VbA7XLGU?autoplay=1&#038;version=3&#038;enablejsapi=1\"class=\"uabb-video-gallery-fancybox uabb-vg__play_full\">\t\t\t\t\t\t\n\t\t\t\t\t<\/a>\t\t\t\t\n\t<p>Selecionei alguns sites para facilitar a sua busca de onde procurar emprego de bab\u00e1 aqui nos Estados Unidos.<\/p>\n<p>Esses s\u00e3o os mais usados na maioria dos estados.<\/p>\n<p><strong>Sites para trabalho de bab\u00e1 nos EUA:<\/strong><\/p>\n\t\t\t\t\t\t\t<img decoding=\"async\" src=\"https:\/\/www.aleyork.com\/wp-content\/uploads\/2023\/06\/logo-urban-sitter.jpg\" alt=\"\" \/>\n\t\t<h4>Urban Sitter <\/h4>\n\t\t\t<p><strong><a href=\"https:\/\/www.urbansitter.com\"><img loading=\"lazy\" decoding=\"async\" src=\"https:\/\/www.aleyork.com\/wp-content\/uploads\/2023\/06\/site-ale.png\" alt=\"\" width=\"20\" height=\"20\" \/> \u00a0 <\/a><a href=\"https:\/\/www.urbansitter.com\">urbansitter.com<\/a><br \/><\/strong><strong><img loading=\"lazy\" decoding=\"async\" src=\"https:\/\/www.aleyork.com\/wp-content\/uploads\/2023\/06\/instagram-ale.png\" alt=\"\" width=\"20\" height=\"20\" \/>\u00a0 \u00a0<a href=\"https:\/\/www.instagram.com\/urbansitter\/\">instagram.com\/urbansitter<\/a><\/strong><strong>Baixe o aplicativo:<br \/><\/strong><strong><a href=\"https:\/\/apps.apple.com\/us\/app\/urbansitter-local-caregiver\/id548126716\">Iphone<\/a><br \/><a href=\"https:\/\/play.google.com\/store\/apps\/details?id=com.urbansitter.android&amp;referrer=utm_source%3Durbansitter%26utm_medium%3Dweb\">Android<\/a><\/strong><\/p>\t\t\n\t\t\t\t\t\t\t<img decoding=\"async\" src=\"https:\/\/www.aleyork.com\/wp-content\/uploads\/2023\/06\/logo-care.jpg\" alt=\"\" \/>\n\t\t<h4>Care &#8211; Nannies<\/h4>\n\t\t\t<p><strong><a href=\"https:\/\/www.urbansitter.com\"><img loading=\"lazy\" decoding=\"async\" src=\"https:\/\/www.aleyork.com\/wp-content\/uploads\/2023\/06\/site-ale.png\" alt=\"\" width=\"20\" height=\"20\" \/> \u00a0 <\/a><a href=\"https:\/\/www.care.com\/nannies\">care.com\/nannies<\/a><br \/><\/strong><strong><img loading=\"lazy\" decoding=\"async\" src=\"https:\/\/www.aleyork.com\/wp-content\/uploads\/2023\/06\/instagram-ale.png\" alt=\"\" width=\"20\" height=\"20\" \/>\u00a0 \u00a0<a href=\"https:\/\/instagram.com\/caredotcom\">instagram.com\/caredotcom<\/a><\/strong><strong>Baixe o aplicativo:<br \/><\/strong><strong><a href=\"https:\/\/apps.apple.com\/us\/app\/care-com-hire-caregivers\/id328453619\">Iphone<\/a><br \/><\/strong><\/p>\t\t\n\t\t\t\t\t\t\t<img decoding=\"async\" src=\"https:\/\/www.aleyork.com\/wp-content\/uploads\/2023\/06\/logo-sitter.jpg\" alt=\"\" \/>\n\t\t<h4>Sitter City<\/h4>\n\t\t\t<p><strong><a href=\"https:\/\/www.urbansitter.com\"><img loading=\"lazy\" decoding=\"async\" src=\"https:\/\/www.aleyork.com\/wp-content\/uploads\/2023\/06\/site-ale.png\" alt=\"\" width=\"20\" height=\"20\" \/> \u00a0 <\/a><a href=\"https:\/\/www.sittercity.com\">sittercity.com<\/a><br \/><\/strong><strong><img loading=\"lazy\" decoding=\"async\" src=\"https:\/\/www.aleyork.com\/wp-content\/uploads\/2023\/06\/instagram-ale.png\" alt=\"\" width=\"20\" height=\"20\" \/>\u00a0 \u00a0<a href=\"https:\/\/instagram.com\/sittercity\">instagram.com\/sittercity<\/a><\/strong><strong>Baixe o aplicativo:<br \/><\/strong><strong><a href=\"https:\/\/apps.apple.com\/us\/app\/find-child-care-sittercity\/id900660780\">Iphone<\/a><br \/><\/strong><\/p>\t\t\n\t\t\t\t\t\t\t<img decoding=\"async\" src=\"https:\/\/www.aleyork.com\/wp-content\/uploads\/2023\/06\/logo-bambino.jpg\" alt=\"\" \/>\n\t\t<h4>Bambino Sitters<\/h4>\n\t\t\t<p><strong><a href=\"https:\/\/www.urbansitter.com\"><img loading=\"lazy\" decoding=\"async\" src=\"https:\/\/www.aleyork.com\/wp-content\/uploads\/2023\/06\/site-ale.png\" alt=\"\" width=\"20\" height=\"20\" \/> \u00a0 <\/a><a href=\"https:\/\/www.bambinositters.com\">bambinositters.com<\/a><\/strong><strong>Baixe o aplicativo:<br \/><\/strong><strong><a href=\"https:\/\/apps.apple.com\/us\/app\/bambino-babysitting-made-easy\/id1078293068\">Iphone<\/a><br \/><a href=\"https:\/\/play.google.com\/store\/apps\/details?id=com.bambinoapp.bambino&amp;hl=en_US&amp;shortlink=playstore&amp;pid=Wordpress_download_link_Android\">Android<\/a><\/strong><\/p>\t\t\n\t\t\t\t\t\t\t<img decoding=\"async\" src=\"https:\/\/www.aleyork.com\/wp-content\/uploads\/2023\/06\/logo-busy.jpg\" alt=\"\" \/>\n\t\t<h4>Busy Bees <\/h4>\n\t\t\t<p><strong><a href=\"https:\/\/www.urbansitter.com\"><img loading=\"lazy\" decoding=\"async\" src=\"https:\/\/www.aleyork.com\/wp-content\/uploads\/2023\/06\/site-ale.png\" alt=\"\" width=\"20\" height=\"20\" \/> \u00a0 <\/a><a href=\"https:\/\/busybeesbabysitting.com\">busybeesbabysitting.com<\/a><br \/><\/strong><strong><img loading=\"lazy\" decoding=\"async\" src=\"https:\/\/www.aleyork.com\/wp-content\/uploads\/2023\/06\/instagram-ale.png\" alt=\"\" width=\"20\" height=\"20\" \/>\u00a0 \u00a0<a href=\"https:\/\/instagram.com\/busybeesbabysitting\">instagram.com\/busybeesbabysitting<\/a><\/strong><strong>Baixe o aplicativo:<br \/><\/strong><strong><a href=\"https:\/\/apps.apple.com\/us\/app\/busy-bees-babysitting\/id903874461\">Iphone<\/a><br \/><a href=\"https:\/\/play.google.com\/store\/apps\/details?id=com.mindmissiles.android.busybeesbabysitting&amp;hl=en_US\">Android<\/a><\/strong><\/p>\t\t\n\t\t\t\t\t\t\t<img decoding=\"async\" src=\"https:\/\/www.aleyork.com\/wp-content\/uploads\/2023\/02\/logo-indeed.png\" alt=\"\" \/>\n\t\t<h4>Indeed<\/h4>\n\t\t\t<p><strong><a href=\"https:\/\/www.urbansitter.com\"><img loading=\"lazy\" decoding=\"async\" src=\"https:\/\/www.aleyork.com\/wp-content\/uploads\/2023\/06\/site-ale.png\" alt=\"\" width=\"20\" height=\"20\" \/> \u00a0 <\/a><a href=\"https:\/\/www.indeed.com\">indeed.com<\/a><br \/><\/strong><strong><img loading=\"lazy\" decoding=\"async\" src=\"https:\/\/www.aleyork.com\/wp-content\/uploads\/2023\/06\/instagram-ale.png\" alt=\"\" width=\"20\" height=\"20\" \/>\u00a0 <a href=\"https:\/\/instagram.com\/indeedworks\">\u00a0instagram.com\/indeedworks<\/a><\/strong><strong>Baixe o aplicativo:<br \/><\/strong><strong><a href=\"https:\/\/apps.apple.com\/us\/app\/indeed-job-search\/id309735670\">Iphone<\/a><br \/><\/strong><\/p>\t\t\n\t\t\t\t\t\t\t<img decoding=\"async\" src=\"https:\/\/www.aleyork.com\/wp-content\/uploads\/2023\/06\/logo-aupair.jpg\" alt=\"\" \/>\n\t\t<h4>AuPair in America<\/h4>\n\t\t\t<p><strong><a href=\"https:\/\/www.urbansitter.com\"><img loading=\"lazy\" decoding=\"async\" src=\"https:\/\/www.aleyork.com\/wp-content\/uploads\/2023\/06\/site-ale.png\" alt=\"\" width=\"20\" height=\"20\" \/> \u00a0 <\/a><a href=\"https:\/\/www.aupairinamerica.com\">aupairinamerica.com<\/a><br \/><\/strong><strong><img loading=\"lazy\" decoding=\"async\" src=\"https:\/\/www.aleyork.com\/wp-content\/uploads\/2023\/06\/instagram-ale.png\" alt=\"\" width=\"20\" height=\"20\" \/>\u00a0 \u00a0<a href=\"https:\/\/instagram.com\/theaupairinamerica\">instagram.com\/theaupairinamerica<\/a><\/strong><\/p>\t\t\n\t\t\t\t\t\t\t<img decoding=\"async\" src=\"https:\/\/www.aleyork.com\/wp-content\/uploads\/2023\/08\/logo-cultural-care-aupair.jpg\" alt=\"\" \/>\n\t\t<h4>Cultural Care<\/h4>\n\t\t\t<p><strong><a href=\"https:\/\/www.culturalcare.com.br\"><img loading=\"lazy\" decoding=\"async\" src=\"https:\/\/www.aleyork.com\/wp-content\/uploads\/2023\/06\/site-ale.png\" alt=\"\" width=\"20\" height=\"20\" \/> \u00a0 culturalcare.com.br<\/a><br \/><\/strong><strong><img loading=\"lazy\" decoding=\"async\" src=\"https:\/\/www.aleyork.com\/wp-content\/uploads\/2023\/06\/instagram-ale.png\" alt=\"\" width=\"20\" height=\"20\" \/>\u00a0 \u00a0<a href=\"https:\/\/instagram.com\/culturalcare\">instagram.com\/culturalcare<\/a><\/strong><\/p>\t\t\n\t\t\t\t\t\t\t<img decoding=\"async\" src=\"https:\/\/www.aleyork.com\/wp-content\/uploads\/2023\/08\/logo-aupair-care.jpg\" alt=\"\" \/>\n\t\t<h4>Au Pair Care<\/h4>\n\t\t\t<p><strong><a href=\"https:\/\/www.aupaircare.com\"><img loading=\"lazy\" decoding=\"async\" src=\"https:\/\/www.aleyork.com\/wp-content\/uploads\/2023\/06\/site-ale.png\" alt=\"\" width=\"20\" height=\"20\" \/> \u00a0 aupaircare.com<\/a><br \/><\/strong><strong><img loading=\"lazy\" decoding=\"async\" src=\"https:\/\/www.aleyork.com\/wp-content\/uploads\/2023\/06\/instagram-ale.png\" alt=\"\" width=\"20\" height=\"20\" \/>\u00a0 <a href=\"https:\/\/instagram.com\/aupaircare\">\u00a0instagram.com\/aupaircare<\/a><\/strong><\/p>\t\t\n\t<p><strong>J\u00e1 pensou em ser AuPair nos EUA?<\/strong><\/p>\n<p>Ser AuPair \u00e9 diferente de bab\u00e1. Apesar dos dois cargos serem para cuidar de crian\u00e7as, existem algumas diferen\u00e7as significativas. A AuPair n\u00e3o apenas toma conta das crian\u00e7as da fam\u00edlia anfitri\u00e3 e vai embora no final do expediente. Uma pessoa que se torna AuPair come\u00e7a a fazer parte de uma fam\u00edlia americana durante um per\u00edodo. Ela tem direito a acomoda\u00e7\u00e3o, refei\u00e7\u00f5es, remunera\u00e7\u00e3o semanal de acordo com o contrato. Al\u00e9m disso, tem a oportunidade de viajar com a fam\u00edlia ou sem e estudar nos EUA. O que \u00e9 uma \u00f3tima oportunidade para qualquer pessoa crescer profissionalmente.<\/p>\n<p>A AuPair tem um visto de interc\u00e2mbio pr\u00f3prio para a fun\u00e7\u00e3o e \u00e9 protegida por uma regulamenta\u00e7\u00e3o federal.<\/p>\n<p>A grande diferen\u00e7a entre AuPair e bab\u00e1 \u00e9 a faixa et\u00e1ria. Conhe\u00e7o pessoas com mais se 50 anos e exercessem a profiss\u00e3o de bab\u00e1. Os programas de AuPair geralmente exigem que voc\u00ea tenha entre 18 e 26 anos. Tem ag\u00eancias que aceitam at\u00e9 30 anos.<\/p>\n<p>Ainda n\u00e3o tem certeza se quer ser AuPair? Fa\u00e7a o teste da Cultural Care AuPair pada saber se voc\u00ea est\u00e1 fazendo a escolha certa e acesse o blog para mais informa\u00e7\u00f5es.<\/p>\n<p><a href=\"https:\/\/culturalcareaupair.typeform.com\/to\/ZZE3BJ\"><strong>culturalcareaupair.typeform.com\/to\/ZZE3BJ<\/strong><\/a><\/p>\n\t\t\t\t\t\t\t\t\t<img loading=\"lazy\" decoding=\"async\" src=\"https:\/\/www.aleyork.com\/wp-content\/uploads\/2023\/06\/baba-eua-2.jpg\" alt=\"\" itemprop=\"image\" height=\"370\" width=\"743\" srcset=\"https:\/\/www.aleyork.com\/wp-content\/uploads\/2023\/06\/baba-eua-2.jpg 743w, https:\/\/www.aleyork.com\/wp-content\/uploads\/2023\/06\/baba-eua-2-600x299.jpg 600w, https:\/\/www.aleyork.com\/wp-content\/uploads\/2023\/06\/baba-eua-2-300x149.jpg 300w, https:\/\/www.aleyork.com\/wp-content\/uploads\/2023\/06\/baba-eua-2-18x9.jpg 18w\" sizes=\"auto, (max-width: 743px) 100vw, 743px\" onerror=\"this.style.display='none'\"  \/>\n\t<p>Lembrando que n\u00e3o \u00e9\u00a0poss\u00edvel ir para os EUA como Au Pair sem uma ag\u00eancia. Portando voc\u00ea precisa procurar uma ag\u00eancia perto de voc\u00ea que ofere\u00e7a essa oportunidade. Para facilitar a sua vida, eu selecionei aa melhores ag\u00eancias de interc\u00e2mbio para voc\u00ea entrar em contato e ficar por dentro.<\/p>\n<p>Boa sorte!<\/p>\n<p><a href=\"https:\/\/www.aleyork.com\/en\/dicas-dos-eua\/melhores-agencias-de-intercambio-no-brasil\/\"><strong>aleyork.com\/dicas-dos-eua\/melhores-agencias-de-intercambio-no-brasil\/<\/strong><\/a><\/p>\n\t\t\t\t\t\t\t\t<a href=\"https:\/\/www.aleyork.com\/en\/dicas-dos-eua\/melhores-agencias-de-intercambio-no-brasil\/\" target=\"_self\" itemprop=\"url\" rel=\"noopener\">\n\t\t\t\t\t\t\t\t\t<img loading=\"lazy\" decoding=\"async\" src=\"https:\/\/www.aleyork.com\/wp-content\/uploads\/2023\/01\/topo-dicas-intercambio-novo-home.jpg\" alt=\"Dicas dos EUA\" itemprop=\"image\" height=\"368\" width=\"368\" srcset=\"https:\/\/www.aleyork.com\/wp-content\/uploads\/2023\/01\/topo-dicas-intercambio-novo-home.jpg 368w, https:\/\/www.aleyork.com\/wp-content\/uploads\/2023\/01\/topo-dicas-intercambio-novo-home-300x300.jpg 300w, https:\/\/www.aleyork.com\/wp-content\/uploads\/2023\/01\/topo-dicas-intercambio-novo-home-100x100.jpg 100w, https:\/\/www.aleyork.com\/wp-content\/uploads\/2023\/01\/topo-dicas-intercambio-novo-home-150x150.jpg 150w\" sizes=\"auto, (max-width: 368px) 100vw, 368px\" onerror=\"this.style.display='none'\"  \/>\n\t\t\t\t\t\t\t\t\t\t\t\t\t<\/a>\n\tUma \u00f3tima op\u00e7\u00e3o para quem tem vergonha de falar em ingl\u00eas seria praticar para a entrevista. Qualquer entrevista gera ansiedade em qualquer l\u00edngua. Eu lembro da minha primeira entrevista em ingl\u00eas no Brasil. Eu pratiquei bastante em frente ao espelho e deu tudo certo porque eu comecei o est\u00e1gio no Consulado.\nEntao, se preparar \u00e9 essencial. Caso voc\u00ea precise de ajuda, voc\u00ea pode ter acesso ao Treinamento para entrevistas de emprego em ingl\u00eas via Zoom.\nPor meio desse treinamento voc\u00ea poder\u00e1 praticar em ingl\u00eas como fazer uma apresenta\u00e7\u00e3o pessoal e profissional.\nPara mais informa\u00e7\u00f5es acesse o link: <a href=\"https:\/\/go.hotmart.com\/I83998357M\"><strong>go.hotmart.com\/I83998357M<\/strong><\/a>\n\t\t\t\t\t\t\t\t\t<img loading=\"lazy\" decoding=\"async\" src=\"https:\/\/www.aleyork.com\/wp-content\/uploads\/2023\/06\/baba-teste-eua-2.jpg\" alt=\"\" itemprop=\"image\" height=\"455\" width=\"444\" srcset=\"https:\/\/www.aleyork.com\/wp-content\/uploads\/2023\/06\/baba-teste-eua-2.jpg 444w, https:\/\/www.aleyork.com\/wp-content\/uploads\/2023\/06\/baba-teste-eua-2-293x300.jpg 293w, https:\/\/www.aleyork.com\/wp-content\/uploads\/2023\/06\/baba-teste-eua-2-12x12.jpg 12w\" sizes=\"auto, (max-width: 444px) 100vw, 444px\" onerror=\"this.style.display='none'\"  \/>\n\t<p><strong>Did you like the tip? Please share!<\/strong><\/p>\n\t\t\t\t\t\t\t\t\t\t<a class=\"uabb-ss-grid-button-link\" href=\"https:\/\/www.facebook.com\/sharer.php?u=https%3A%2F%2Fwww.aleyork.com%2F%3Fpage_id%3D3444%26fl_builder\" target=\"_blank\" onclick=\"window.open(this.href,'social-share','left=20,top=20,width=500,height=500,toolbar=1,resizable=0');return false;\" rel=\"noopener\">\n\t\t\t\t\t\t\t\t\t\t<\/a>\n\t\t\t\t\t\t\t\t\t\t<a class=\"uabb-ss-grid-button-link\" href=\"https:\/\/twitter.com\/share?url=https%3A%2F%2Fwww.aleyork.com%2F%3Fpage_id%3D3444%26fl_builder\" target=\"_blank\" onclick=\"window.open(this.href,'social-share','left=20,top=20,width=500,height=500,toolbar=1,resizable=0');return false;\" rel=\"noopener\">\n\t\t\t\t\t\t\t\t\t\t<\/a>\n\t\t\t\t\t\t\t\t\t\t<a class=\"uabb-ss-grid-button-link\" href=\"https:\/\/www.linkedin.com\/shareArticle?url=https%3A%2F%2Fwww.aleyork.com%2F%3Fpage_id%3D3444%26fl_builder\" target=\"_blank\" onclick=\"window.open(this.href,'social-share','left=20,top=20,width=500,height=500,toolbar=1,resizable=0');return false;\" rel=\"noopener\">\n\t\t\t\t\t\t\t\t\t\t<\/a>\n\t\t\t\t\t\t\t\t\t\t<a class=\"uabb-ss-grid-button-link\" href=\"mailto:?body=https%3A%2F%2Fwww.aleyork.com%2F%3Fpage_id%3D3444%26fl_builder\" target=\"_blank\" onclick=\"window.open(this.href,'social-share','left=20,top=20,width=500,height=500,toolbar=1,resizable=0');return false;\" rel=\"noopener\">\n\t\t\t\t\t\t\t\t\t\t<\/a>\n\t\t\t\t\t\t\t\t\t\t<a class=\"uabb-ss-grid-button-link\" href=\"https:\/\/api.whatsapp.com\/send?text=https%3A%2F%2Fwww.aleyork.com%2F%3Fpage_id%3D3444%26fl_builder\" target=\"_blank\" onclick=\"window.open(this.href,'social-share','left=20,top=20,width=500,height=500,toolbar=1,resizable=0');return false;\" rel=\"noopener\">\n\t\t\t\t\t\t\t\t\t\t<\/a>","protected":false},"excerpt":{"rendered":"<p>Ser bab\u00e1 nos EUA \u00e9 um dos trabalhos mais comuns entre imigrantes. Pode ser uma boa op\u00e7\u00e3o para trabalho de meio per\u00edodo ou per\u00edodo integral tamb\u00e9m. Os requisitos variam de acordo com o estado dos EUA e o empregador. Alguns requisitos s\u00e3o importantes: Idade N\u00e3o h\u00e1 limite de idade nacional para ser bab\u00e1 nos EUA [&hellip;]<\/p>\n","protected":false},"author":3,"featured_media":3359,"parent":0,"menu_order":0,"comment_status":"closed","ping_status":"closed","template":"","meta":{"site-sidebar-layout":"no-sidebar","site-content-layout":"page-builder","ast-site-content-layout":"default","site-content-style":"default","site-sidebar-style":"default","ast-global-header-display":"","ast-banner-title-visibility":"","ast-main-header-display":"","ast-hfb-above-header-display":"","ast-hfb-below-header-display":"","ast-hfb-mobile-header-display":"","site-post-title":"disabled","ast-breadcrumbs-content":"disabled","ast-featured-img":"disabled","footer-sml-layout":"","ast-disable-related-posts":"","theme-transparent-header-meta":"enabled","adv-header-id-meta":"","stick-header-meta":"default","header-above-stick-meta":"","header-main-stick-meta":"","header-below-stick-meta":"","astra-migrate-meta-layouts":"default","ast-page-background-enabled":"default","ast-page-background-meta":{"desktop":{"background-color":"","background-image":"","background-repeat":"repeat","background-position":"center center","background-size":"auto","background-attachment":"scroll","background-type":"","background-media":"","overlay-type":"","overlay-color":"","overlay-opacity":"","overlay-gradient":""},"tablet":{"background-color":"","background-image":"","background-repeat":"repeat","background-position":"center center","background-size":"auto","background-attachment":"scroll","background-type":"","background-media":"","overlay-type":"","overlay-color":"","overlay-opacity":"","overlay-gradient":""},"mobile":{"background-color":"","background-image":"","background-repeat":"repeat","background-position":"center center","background-size":"auto","background-attachment":"scroll","background-type":"","background-media":"","overlay-type":"","overlay-color":"","overlay-opacity":"","overlay-gradient":""}},"ast-content-background-meta":{"desktop":{"background-color":"var(--ast-global-color-5)","background-image":"","background-repeat":"repeat","background-position":"center center","background-size":"auto","background-attachment":"scroll","background-type":"","background-media":"","overlay-type":"","overlay-color":"","overlay-opacity":"","overlay-gradient":""},"tablet":{"background-color":"var(--ast-global-color-5)","background-image":"","background-repeat":"repeat","background-position":"center center","background-size":"auto","background-attachment":"scroll","background-type":"","background-media":"","overlay-type":"","overlay-color":"","overlay-opacity":"","overlay-gradient":""},"mobile":{"background-color":"var(--ast-global-color-5)","background-image":"","background-repeat":"repeat","background-position":"center center","background-size":"auto","background-attachment":"scroll","background-type":"","background-media":"","overlay-type":"","overlay-color":"","overlay-opacity":"","overlay-gradient":""}},"footnotes":""},"class_list":["post-3444","page","type-page","status-publish","has-post-thumbnail","hentry"],"aioseo_notices":[],"jetpack_sharing_enabled":true,"_links":{"self":[{"href":"https:\/\/www.aleyork.com\/en\/wp-json\/wp\/v2\/pages\/3444","targetHints":{"allow":["GET"]}}],"collection":[{"href":"https:\/\/www.aleyork.com\/en\/wp-json\/wp\/v2\/pages"}],"about":[{"href":"https:\/\/www.aleyork.com\/en\/wp-json\/wp\/v2\/types\/page"}],"author":[{"embeddable":true,"href":"https:\/\/www.aleyork.com\/en\/wp-json\/wp\/v2\/users\/3"}],"replies":[{"embeddable":true,"href":"https:\/\/www.aleyork.com\/en\/wp-json\/wp\/v2\/comments?post=3444"}],"version-history":[{"count":21,"href":"https:\/\/www.aleyork.com\/en\/wp-json\/wp\/v2\/pages\/3444\/revisions"}],"predecessor-version":[{"id":5085,"href":"https:\/\/www.aleyork.com\/en\/wp-json\/wp\/v2\/pages\/3444\/revisions\/5085"}],"wp:featuredmedia":[{"embeddable":true,"href":"https:\/\/www.aleyork.com\/en\/wp-json\/wp\/v2\/media\/3359"}],"wp:attachment":[{"href":"https:\/\/www.aleyork.com\/en\/wp-json\/wp\/v2\/media?parent=3444"}],"curies":[{"name":"wp","href":"https:\/\/api.w.org\/{rel}","templated":true}]}}