{"id":3681,"date":"2023-07-17T21:14:24","date_gmt":"2023-07-18T00:14:24","guid":{"rendered":"https:\/\/www.aleyork.com\/?page_id=3681"},"modified":"2024-06-07T18:08:17","modified_gmt":"2024-06-07T21:08:17","slug":"servicos","status":"publish","type":"page","link":"https:\/\/www.aleyork.com\/en\/servicos\/","title":{"rendered":"Services"},"content":{"rendered":"\n\n\t\t\t<h3>Focando na sua Sa\u00fade Mental<\/h3>\t\t\t\n\t\t\t\t<p>Esse servi\u00e7o \u00e9 um bate-papo com a Al\u00ea York, que \u00e9 Auxiliar em Sa\u00fade Mental nos EUA.\u00a0 Ela possui experi\u00eancia na \u00e1rea e pode fornecer informa\u00e7\u00f5es valiosas sobre o cuidado com a sua sa\u00fade mental.<\/p>\n<p>No mundo acelerado e exigente de hoje, principalmente depois da pandemia em 2020, a nossa sa\u00fade mental \u00e9 mais importante do que nunca.<\/p>\n<p>Cuidar do nosso bem-estar mental \u00e9 crucial para enfrentar os desafios da vida, cultivar a resili\u00eancia e levar uma vida gratificante. A Al\u00ea j\u00e1 trabalha desde 2017 com sa\u00fade mental e tem ajudado v\u00e1rios clientes em Nova York. A mesma enfatiza que conversar com algu\u00e9m que entenda pode fornecer uma valiosa rede de apoio, por\u00e9m \u00e9 importante reconhecer que isso n\u00e3o substitui a terapia profissional.<\/p>\n<p>Este bate-papo \u00e9 informal com dura\u00e7\u00e3o de no m\u00ednimo uma hora; onde voc\u00ea ir\u00e1 conversar com a Al\u00ea sobre a sua sa\u00fade criando uma rede de apoio com recursos dispon\u00edveis e se necess\u00e1rio procurar ajuda profissional.<\/p>\n<p>Voc\u00ea ter\u00e1 a oportunidade de ganhar a confian\u00e7a e a compet\u00eancia necess\u00e1rias para navegar em situa\u00e7\u00f5es desafiadoras e utilizar o suporte criado quando precisar lutar com problemas de sa\u00fade mental.<\/p>\n<p><strong>Inscreva-se hoje para focar na sua sa\u00fade mental e embarque em uma jornada gratificante para causar um impacto positivo na sua vida e das pessoas ao seu redor.<\/strong><\/p>\n\u00a0\n\t\t\t<a href=\"https:\/\/www.aleyork.com\/focando-na-sua-saude-mental\/\" target=\"_self\" rel=\"noopener\">\n\t\t\t\t\t\t\t\tMAIS INFORMA\u00c7\u00d5ES\n\t\t\t\t\t\t\t<\/a>\n\t\t\t<a href=\"https:\/\/www.aleyork.com\/produto\/focando-na-sua-saude-mental\/\" target=\"_self\" rel=\"noopener\">\n\t\t\t\t\t\t\t\tCOMPRAR AGORA\n\t\t\t\t\t\t\t<\/a>\n\t\t\t<h3>Mentoria<\/h3>\t\t\t\n\t\t\t\t<p>Se voc\u00ea \u00e9 uma pessoa que sonha com uma carreira pr\u00f3spera nos EUA, no Brasil ou em outro pa\u00eds, o servi\u00e7o de Mentoria de Carreira com a Al\u00ea York \u00e9 ideal para voc\u00ea.<\/p>\n<p>Nesse servi\u00e7o voc\u00ea ter\u00e1 orienta\u00e7\u00e3o de uma Diretora de RH experiente em Nova York na \u00e1rea de servi\u00e7os humanos, que entende os desafios \u00fanicos que os estudantes e profissionais internacionais enfrentam. Ser\u00e1 fornecida a orienta\u00e7\u00e3o personalizada online e aconselhamento de carreira com base em sua forma\u00e7\u00e3o, habilidades e objetivos individuais.<\/p>\n<p>Voc\u00ea ter\u00e1 a oportunidade de ampliar n\u00e3o s\u00f3 apenas o seu desenvolvimento profissional, mas tamb\u00e9m o crescimento pessoal. Obtenha maior autoconfian\u00e7a, habilidades de comunica\u00e7\u00e3o eficazes e resili\u00eancia para enfrentar quaisquer desafios que surjam em seu caminho.<\/p>\n<p>A Al\u00ea ser\u00e1 como uma ponte cultural. Com a sua experi\u00eancia de estudante internacional, e viv\u00eancia no pa\u00eds desde 2008, ela entende a import\u00e2ncia de preencher as lacunas culturais. Ela ir\u00e1 te ajudar a enfrentar esses desafios, adaptar-se ao ambiente de trabalho dos EUA e abra\u00e7ar a diversidade cultural.<\/p>\n<p><strong>Inscreva-se na mentoria de carreira hoje para liberar todo o potencial do seu status nacional e internacional! Junto com a Al\u00ea, voc\u00ea tem a chance de transformar seus sonhos em realidade, abrindo um mundo de oportunidades na sua carreira de sucesso.<\/strong><\/p>\n\t\t\t<a href=\"https:\/\/www.aleyork.com\/mentoria\/\" target=\"_self\" rel=\"noopener\">\n\t\t\t\t\t\t\t\tMAIS INFORMA\u00c7\u00d5ES\n\t\t\t\t\t\t\t<\/a>\n\t\t\t<a href=\"https:\/\/www.aleyork.com\/produto\/mentoria\/\" target=\"_self\" rel=\"noopener\">\n\t\t\t\t\t\t\t\tCOMPRAR AGORA\n\t\t\t\t\t\t\t<\/a>\n\t<h3>\n\t\t\t\t&#8220;Voc\u00ea \u00e9 a \u00fanica pessoa que n\u00e3o pode desistir de voc\u00ea.&#8221;\n\t\t\t<\/h3>\n\t\t\t<p>Al\u00ea York<\/p>\t\n\t<h3>\n\t\t\t\tInvista na sua sa\u00fade mental e na sua carreira.\n\t\t\t<\/h3>\n\t<h2>\n\t\t\t\tDepoimentos\n\t\t\t<\/h2>\n\t\t\t\t<img decoding=\"async\" src=\"https:\/\/www.aleyork.com\/wp-content\/uploads\/bb-plugin\/cache\/depoimento-taniaa-circle.jpg\" alt=\"depoimento-taniaa\" title=\"depoimento-taniaa\" itemprop=\"image\"\/>\n\t\t\t\t\t\t\t<p>Ter voc\u00ea conhecido mesmo que<br \/>virtualmente foi muito importante para mim eu estava precisando de algu\u00e9m que me escutasse em um momento que eu me sentisse muito mal e voc\u00ea mesmo na sua correria tinha um tempo. Obrigado por ter me incentivado, por ter mostrado o caminho e por nunca ter desistido de mim.<\/p>\t\t\t\t\t\t\n\t\t\t\t\t\t\t\t<h3 class='uabb-testimonial-author-name testimonial-author-name'>Tania A.<\/h3>\t\t\t\t\t\t\t\t\n\t\t\t\t<img decoding=\"async\" src=\"https:\/\/www.aleyork.com\/wp-content\/uploads\/bb-plugin\/cache\/depoimento-josep-circle.jpg\" alt=\"depoimento-josep\" title=\"depoimento-josep\" itemprop=\"image\"\/>\n\t\t\t\t\t\t\t<p>Eu amo a forma que tu conduz nos stories incentivando as pessoas, falando de como conseguir emprego! A minha maior qualidade \u00e9 gratid\u00e3o! Sempre leio as suas caixinhas e acho sensacional! Seu trabalho e postagens s\u00e3o inspiradoras, Al\u00ea! Gratid\u00e3o de verdade por ser, seu amigo! Adoro gente que inspira!<\/p>\t\t\t\t\t\t\n\t\t\t\t\t\t\t\t<h3 class='uabb-testimonial-author-name testimonial-author-name'>Jos\u00e9 P.<\/h3>\t\t\t\t\t\t\t\t\n\t\t\t\t<img decoding=\"async\" src=\"https:\/\/www.aleyork.com\/wp-content\/uploads\/bb-plugin\/cache\/depoimento-roberta-rocha-circle.jpg\" alt=\"Depoimento Roberta Rocha\" title=\"depoimento-roberta-rocha\" itemprop=\"image\"\/>\n\t\t\t\t\t\t\t<p>Ale, voc\u00ea \u00e9 a melhor prova de que ainda existem pessoas especiais que valem a pena cada segundo do nosso tempo, sempre muito carinhosa, atenciosa e preocupada com todos! \u00c9 raro encontrar um ser humano incr\u00edvel como voc\u00ea! Gratid\u00e3o por voc\u00ea existir e fazer parte da minha vida. Love You!!!<\/p>\t\t\t\t\t\t\n\t\t\t\t\t\t\t\t<h3 class='uabb-testimonial-author-name testimonial-author-name'>Roberta R.<\/h3>\t\t\t\t\t\t\t\t\n\t\t\t\t<img decoding=\"async\" src=\"https:\/\/www.aleyork.com\/wp-content\/uploads\/bb-plugin\/cache\/depoimento-andy-circle.png\" alt=\"Depoimento\" title=\"\" itemprop=\"image\"\/>\n\t\t\t\t\t\t\t<p>Ale, eu li seu ebook ontem. Fui pra Albany e estava voltando da minha conex\u00e3o de Newark pra Tampa, e come\u00e7ei a ler seu ebook no voo. Nossa que del\u00edcia de leitura, muito informativo e inspirador. A cada dica que eu ia lendo do MHA ia enchendo o cora\u00e7\u00e3o de conforto e inspira\u00e7\u00e3o. Muito bom e fez meu voo de quase 3 horas num piscar de olho, foi uma \u00f3tima companhia! Parab\u00e9ns pelo trabalho. Gratid\u00e3o.<\/p>\t\t\t\t\t\t\n\t\t\t\t\t\t\t\t<h3 class='uabb-testimonial-author-name testimonial-author-name'>Andy F.<\/h3>\t\t\t\t\t\t\t\t\n\t\t\t\t<img decoding=\"async\" src=\"https:\/\/www.aleyork.com\/wp-content\/uploads\/bb-plugin\/cache\/depoimento-laura-circle.png\" alt=\"Depoimentos\" title=\"\" itemprop=\"image\"\/>\n\t\t\t\t\t\t\t<p>O e-book &#8221;Como melhorar sua sa\u00fade mental&#8221; \u00c9 muito bom, uma leitura simples q da pra l\u00ea em um dia, que te prende do in\u00edcio ao fim, tem v\u00e1rias dicas de como melhorar sua sa\u00fade mental&#8230;E a p\u00e1gina @gratidaocomale que sempre tem frases positivas, com posts pra ajudar e te orientar.<\/p>\t\t\t\t\t\t\n\t\t\t\t\t\t\t\t<h3 class='uabb-testimonial-author-name testimonial-author-name'>Laura W.<\/h3>\t\t\t\t\t\t\t\t\n\t\t\t<a href=\"#\" role=\"button\">\n\t\t\t\t\t\t\tDEIXE SEU DEPOIMENTO\n\t\t\t\t\t<\/a>\n\t\t<script>\nvar gform;gform||(document.addEventListener(\"gform_main_scripts_loaded\",function(){gform.scriptsLoaded=!0}),document.addEventListener(\"gform\/theme\/scripts_loaded\",function(){gform.themeScriptsLoaded=!0}),window.addEventListener(\"DOMContentLoaded\",function(){gform.domLoaded=!0}),gform={domLoaded:!1,scriptsLoaded:!1,themeScriptsLoaded:!1,isFormEditor:()=>\"function\"==typeof InitializeEditor,callIfLoaded:function(o){return!(!gform.domLoaded||!gform.scriptsLoaded||!gform.themeScriptsLoaded&&!gform.isFormEditor()||(gform.isFormEditor()&&console.warn(\"The use of gform.initializeOnLoaded() is deprecated in the form editor context and will be removed in Gravity Forms 3.1.\"),o(),0))},initializeOnLoaded:function(o){gform.callIfLoaded(o)||(document.addEventListener(\"gform_main_scripts_loaded\",()=>{gform.scriptsLoaded=!0,gform.callIfLoaded(o)}),document.addEventListener(\"gform\/theme\/scripts_loaded\",()=>{gform.themeScriptsLoaded=!0,gform.callIfLoaded(o)}),window.addEventListener(\"DOMContentLoaded\",()=>{gform.domLoaded=!0,gform.callIfLoaded(o)}))},hooks:{action:{},filter:{}},addAction:function(o,r,e,t){gform.addHook(\"action\",o,r,e,t)},addFilter:function(o,r,e,t){gform.addHook(\"filter\",o,r,e,t)},doAction:function(o){gform.doHook(\"action\",o,arguments)},applyFilters:function(o){return gform.doHook(\"filter\",o,arguments)},removeAction:function(o,r){gform.removeHook(\"action\",o,r)},removeFilter:function(o,r,e){gform.removeHook(\"filter\",o,r,e)},addHook:function(o,r,e,t,n){null==gform.hooks[o][r]&&(gform.hooks[o][r]=[]);var d=gform.hooks[o][r];null==n&&(n=r+\"_\"+d.length),gform.hooks[o][r].push({tag:n,callable:e,priority:t=null==t?10:t})},doHook:function(r,o,e){var t;if(e=Array.prototype.slice.call(e,1),null!=gform.hooks[r][o]&&((o=gform.hooks[r][o]).sort(function(o,r){return o.priority-r.priority}),o.forEach(function(o){\"function\"!=typeof(t=o.callable)&&(t=window[t]),\"action\"==r?t.apply(null,e):e[0]=t.apply(null,e)})),\"filter\"==r)return e[0]},removeHook:function(o,r,t,n){var e;null!=gform.hooks[o][r]&&(e=(e=gform.hooks[o][r]).filter(function(o,r,e){return!!(null!=n&&n!=o.tag||null!=t&&t!=o.priority)}),gform.hooks[o][r]=e)}});\n<\/script>\n\n                <div class='gf_browser_gecko gform_wrapper gravity-theme gform-theme--no-framework' data-form-theme='gravity-theme' data-form-index='0' id='gform_wrapper_2' ><div id='gf_2' class='gform_anchor' tabindex='-1'><\/div><form method='post' enctype='multipart\/form-data' target='gform_ajax_frame_2' id='gform_2'  action='\/en\/wp-json\/wp\/v2\/pages\/3681#gf_2' data-formid='2' novalidate>\n                        <div class='gform-body gform_body'><div id='gform_fields_2' class='gform_fields top_label form_sublabel_below description_below validation_below'><div id=\"field_2_1\" class=\"gfield gfield--type-text gfield--input-type-text gfield--width-half gfield_contains_required field_sublabel_below gfield--no-description field_description_below field_validation_below gfield_visibility_visible\"  ><label class='gfield_label gform-field-label' for='input_2_1'>Seu Nome<span class=\"gfield_required\"><span class=\"gfield_required gfield_required_text\">(Required)<\/span><\/span><\/label><div class='ginput_container ginput_container_text'><input name='input_1' id='input_2_1' type='text' value='' class='large'   tabindex='49'  aria-required=\"true\" aria-invalid=\"false\"   \/><\/div><\/div><div id=\"field_2_3\" class=\"gfield gfield--type-text gfield--input-type-text gfield--width-half field_sublabel_below gfield--no-description field_description_below field_validation_below gfield_visibility_visible\"  ><label class='gfield_label gform-field-label' for='input_2_3'>Seu Email<\/label><div class='ginput_container ginput_container_text'><input name='input_3' id='input_2_3' type='text' value='' class='large'   tabindex='50'   aria-invalid=\"false\"   \/><\/div><\/div><div id=\"field_2_6\" class=\"gfield gfield--type-fileupload gfield--input-type-fileupload gfield--width-full field_sublabel_below gfield--no-description field_description_below field_validation_below gfield_visibility_visible\"  ><label class='gfield_label gform-field-label' for='input_2_6'>Sua Foto<\/label><div class='ginput_container ginput_container_fileupload'><input type='hidden' name='MAX_FILE_SIZE' value='2097152' \/><input name='input_6' id='input_2_6' type='file' class='large' aria-describedby=\"gfield_upload_rules_2_6\" onchange='javascript:gformValidateFileSize( this, 2097152 );' tabindex='51' \/><span class='gfield_description gform_fileupload_rules' id='gfield_upload_rules_2_6'>Max. file size: 2 MB.<\/span><div class='gfield_description validation_message gfield_validation_message validation_message--hidden-on-empty' id='live_validation_message_2_6'><\/div> <\/div><\/div><div id=\"field_2_5\" class=\"gfield gfield--type-textarea gfield--input-type-textarea gfield--width-full field_sublabel_below gfield--no-description field_description_below field_validation_below gfield_visibility_visible\"  ><label class='gfield_label gform-field-label' for='input_2_5'>Deixe seu depoimento...<\/label><div class='ginput_container ginput_container_textarea'><textarea name='input_5' id='input_2_5' class='textarea medium' tabindex='52'     aria-invalid=\"false\"   rows='10' cols='50'><\/textarea><\/div><\/div><div id=\"field_2_7\" class=\"gfield gfield--type-captcha gfield--input-type-captcha gfield--width-full field_sublabel_below gfield--no-description field_description_below field_validation_below gfield_visibility_visible\"  ><label class='gfield_label gform-field-label screen-reader-text' for='input_2_7'><\/label><div id='input_2_7' class='ginput_container ginput_recaptcha' data-sitekey='6LdNevcpAAAAAM4oujDnhpe0MRZ7dVRNBugqX4Y3'  data-theme='dark' data-tabindex='-1' data-size='invisible' data-badge='bottomright'><\/div><\/div><\/div><\/div>\n        <div class='gform-footer gform_footer top_label'> <input type='submit' id='gform_submit_button_2' class='gform_button button' onclick='gform.submission.handleButtonClick(this);' data-submission-type='submit' value='Enviar' tabindex='53' \/> <input type='hidden' name='gform_ajax' value='form_id=2&amp;title=&amp;description=&amp;tabindex=49&amp;theme=gravity-theme&amp;styles=[]&amp;hash=b82c5b2563b6e137e95179c76364e635' \/>\n            <input type='hidden' class='gform_hidden' name='gform_submission_method' data-js='gform_submission_method_2' value='iframe' \/>\n            <input type='hidden' class='gform_hidden' name='gform_theme' data-js='gform_theme_2' id='gform_theme_2' value='gravity-theme' \/>\n            <input type='hidden' class='gform_hidden' name='gform_style_settings' data-js='gform_style_settings_2' id='gform_style_settings_2' value='[]' \/>\n            <input type='hidden' class='gform_hidden' name='is_submit_2' value='1' \/>\n            <input type='hidden' class='gform_hidden' name='gform_submit' value='2' \/>\n            \n            <input type='hidden' class='gform_hidden' name='gform_currency' data-currency='BRL' value='WxGwLH1uJs8RxvwleqQt4ha6fq4FaSMdHIzbwCDYKQALlWH1FfFUgEX6BFuaU9ebit9lFNolAdkuTBLT8TKJmh67YT4jG7dW8JS4kak+aAACWRo=' \/>\n            <input type='hidden' class='gform_hidden' name='gform_unique_id' value='' \/>\n            <input type='hidden' class='gform_hidden' name='state_2' value='WyJbXSIsIjljNTdkZDNhZmMyMWJhYjU0M2M1OTljYzAzMTllZjdiIl0=' \/>\n            <input type='hidden' autocomplete='off' class='gform_hidden' name='gform_target_page_number_2' id='gform_target_page_number_2' value='0' \/>\n            <input type='hidden' autocomplete='off' class='gform_hidden' name='gform_source_page_number_2' id='gform_source_page_number_2' value='1' \/>\n            <input type='hidden' name='gform_field_values' value='check=First+Choice%2CSecond+Choice' \/>\n            \n        <\/div>\n                        <\/form>\n                        <\/div>\n\t\t                <iframe style='display:none;width:0px;height:0px;' src='about:blank' name='gform_ajax_frame_2' id='gform_ajax_frame_2' title='This iframe contains the logic required to handle Ajax powered Gravity Forms.'><\/iframe>\n\t\t                <script>\ngform.initializeOnLoaded( function() {gformInitSpinner( 2, 'https:\/\/www.aleyork.com\/wp-content\/plugins\/gravityforms\/images\/spinner.svg', true );jQuery('#gform_ajax_frame_2').on('load',function(){var contents = jQuery(this).contents().find('*').html();var is_postback = contents.indexOf('GF_AJAX_POSTBACK') >= 0;if(!is_postback){return;}var form_content = jQuery(this).contents().find('#gform_wrapper_2');var is_confirmation = jQuery(this).contents().find('#gform_confirmation_wrapper_2').length > 0;var is_redirect = contents.indexOf('gformRedirect(){') >= 0;var is_form = form_content.length > 0 && ! is_redirect && ! is_confirmation;var mt = parseInt(jQuery('html').css('margin-top'), 10) + parseInt(jQuery('body').css('margin-top'), 10) + 100;if(is_form){jQuery('#gform_wrapper_2').html(form_content.html());if(form_content.hasClass('gform_validation_error')){jQuery('#gform_wrapper_2').addClass('gform_validation_error');} else {jQuery('#gform_wrapper_2').removeClass('gform_validation_error');}setTimeout( function() { \/* delay the scroll by 50 milliseconds to fix a bug in chrome *\/ jQuery(document).scrollTop(jQuery('#gform_wrapper_2').offset().top - mt); }, 50 );if(window['gformInitDatepicker']) {gformInitDatepicker();}if(window['gformInitPriceFields']) {gformInitPriceFields();}var current_page = jQuery('#gform_source_page_number_2').val();gformInitSpinner( 2, 'https:\/\/www.aleyork.com\/wp-content\/plugins\/gravityforms\/images\/spinner.svg', true );jQuery(document).trigger('gform_page_loaded', [2, current_page]);window['gf_submitting_2'] = false;}else if(!is_redirect){var confirmation_content = jQuery(this).contents().find('.GF_AJAX_POSTBACK').html();if(!confirmation_content){confirmation_content = contents;}jQuery('#gform_wrapper_2').replaceWith(confirmation_content);jQuery(document).scrollTop(jQuery('#gf_2').offset().top - mt);jQuery(document).trigger('gform_confirmation_loaded', [2]);window['gf_submitting_2'] = false;wp.a11y.speak(jQuery('#gform_confirmation_message_2').text());}else{jQuery('#gform_2').append(contents);if(window['gformRedirect']) {gformRedirect();}}jQuery(document).trigger(\"gform_pre_post_render\", [{ formId: \"2\", currentPage: \"current_page\", abort: function() { this.preventDefault(); } }]);        if (event && event.defaultPrevented) {                return;        }        const gformWrapperDiv = document.getElementById( \"gform_wrapper_2\" );        if ( gformWrapperDiv ) {            const visibilitySpan = document.createElement( \"span\" );            visibilitySpan.id = \"gform_visibility_test_2\";            gformWrapperDiv.insertAdjacentElement( \"afterend\", visibilitySpan );        }        const visibilityTestDiv = document.getElementById( \"gform_visibility_test_2\" );        let postRenderFired = false;        function triggerPostRender() {            if ( postRenderFired ) {                return;            }            postRenderFired = true;            gform.core.triggerPostRenderEvents( 2, current_page );            if ( visibilityTestDiv ) {                visibilityTestDiv.parentNode.removeChild( visibilityTestDiv );            }        }        function debounce( func, wait, immediate ) {            var timeout;            return function() {                var context = this, args = arguments;                var later = function() {                    timeout = null;                    if ( !immediate ) func.apply( context, args );                };                var callNow = immediate && !timeout;                clearTimeout( timeout );                timeout = setTimeout( later, wait );                if ( callNow ) func.apply( context, args );            };        }        const debouncedTriggerPostRender = debounce( function() {            triggerPostRender();        }, 200 );        if ( visibilityTestDiv && visibilityTestDiv.offsetParent === null ) {            const observer = new MutationObserver( ( mutations ) => {                mutations.forEach( ( mutation ) => {                    if ( mutation.type === 'attributes' && visibilityTestDiv.offsetParent !== null ) {                        debouncedTriggerPostRender();                        observer.disconnect();                    }                });            });            observer.observe( document.body, {                attributes: true,                childList: false,                subtree: true,                attributeFilter: [ 'style', 'class' ],            });        } else {            triggerPostRender();        }    } );} );\n<\/script>\n\t\n\t\t\t<a href=\"https:\/\/www.aleyork.com\/depoimentos\/\" target=\"_self\" rel=\"noopener\">\n\t\t\t\t\t\t\tVER TODOS OS DEPOIMENTOS\n\t\t\t\t\t<\/a>\n\t\t\t\t\t\t\t\t\t<img loading=\"lazy\" decoding=\"async\" src=\"https:\/\/www.aleyork.com\/wp-content\/uploads\/2023\/09\/video-interna-servicos-ale.gif\" alt=\"\" itemprop=\"image\" height=\"688\" width=\"390\" onerror=\"this.style.display='none'\"  \/>\n\n","protected":false},"excerpt":{"rendered":"<p>Focando na sua Sa\u00fade Mental Esse servi\u00e7o \u00e9 um bate-papo com a Al\u00ea York, que \u00e9 Auxiliar em Sa\u00fade Mental nos EUA.\u00a0 Ela possui experi\u00eancia na \u00e1rea e pode fornecer informa\u00e7\u00f5es valiosas sobre o cuidado com a sua sa\u00fade mental. No mundo acelerado e exigente de hoje, principalmente depois da pandemia em 2020, a nossa [&hellip;]<\/p>\n","protected":false},"author":3,"featured_media":0,"parent":0,"menu_order":0,"comment_status":"closed","ping_status":"closed","template":"","meta":{"site-sidebar-layout":"no-sidebar","site-content-layout":"page-builder","ast-site-content-layout":"default","site-content-style":"default","site-sidebar-style":"default","ast-global-header-display":"","ast-banner-title-visibility":"","ast-main-header-display":"","ast-hfb-above-header-display":"","ast-hfb-below-header-display":"","ast-hfb-mobile-header-display":"","site-post-title":"disabled","ast-breadcrumbs-content":"disabled","ast-featured-img":"disabled","footer-sml-layout":"","ast-disable-related-posts":"","theme-transparent-header-meta":"enabled","adv-header-id-meta":"","stick-header-meta":"default","header-above-stick-meta":"","header-main-stick-meta":"","header-below-stick-meta":"","astra-migrate-meta-layouts":"default","ast-page-background-enabled":"default","ast-page-background-meta":{"desktop":{"background-color":"","background-image":"","background-repeat":"repeat","background-position":"center center","background-size":"auto","background-attachment":"scroll","background-type":"","background-media":"","overlay-type":"","overlay-color":"","overlay-opacity":"","overlay-gradient":""},"tablet":{"background-color":"","background-image":"","background-repeat":"repeat","background-position":"center center","background-size":"auto","background-attachment":"scroll","background-type":"","background-media":"","overlay-type":"","overlay-color":"","overlay-opacity":"","overlay-gradient":""},"mobile":{"background-color":"","background-image":"","background-repeat":"repeat","background-position":"center center","background-size":"auto","background-attachment":"scroll","background-type":"","background-media":"","overlay-type":"","overlay-color":"","overlay-opacity":"","overlay-gradient":""}},"ast-content-background-meta":{"desktop":{"background-color":"var(--ast-global-color-5)","background-image":"","background-repeat":"repeat","background-position":"center center","background-size":"auto","background-attachment":"scroll","background-type":"","background-media":"","overlay-type":"","overlay-color":"","overlay-opacity":"","overlay-gradient":""},"tablet":{"background-color":"var(--ast-global-color-5)","background-image":"","background-repeat":"repeat","background-position":"center center","background-size":"auto","background-attachment":"scroll","background-type":"","background-media":"","overlay-type":"","overlay-color":"","overlay-opacity":"","overlay-gradient":""},"mobile":{"background-color":"var(--ast-global-color-5)","background-image":"","background-repeat":"repeat","background-position":"center center","background-size":"auto","background-attachment":"scroll","background-type":"","background-media":"","overlay-type":"","overlay-color":"","overlay-opacity":"","overlay-gradient":""}},"footnotes":""},"class_list":["post-3681","page","type-page","status-publish","hentry"],"aioseo_notices":[],"jetpack_sharing_enabled":true,"_links":{"self":[{"href":"https:\/\/www.aleyork.com\/en\/wp-json\/wp\/v2\/pages\/3681","targetHints":{"allow":["GET"]}}],"collection":[{"href":"https:\/\/www.aleyork.com\/en\/wp-json\/wp\/v2\/pages"}],"about":[{"href":"https:\/\/www.aleyork.com\/en\/wp-json\/wp\/v2\/types\/page"}],"author":[{"embeddable":true,"href":"https:\/\/www.aleyork.com\/en\/wp-json\/wp\/v2\/users\/3"}],"replies":[{"embeddable":true,"href":"https:\/\/www.aleyork.com\/en\/wp-json\/wp\/v2\/comments?post=3681"}],"version-history":[{"count":31,"href":"https:\/\/www.aleyork.com\/en\/wp-json\/wp\/v2\/pages\/3681\/revisions"}],"predecessor-version":[{"id":5088,"href":"https:\/\/www.aleyork.com\/en\/wp-json\/wp\/v2\/pages\/3681\/revisions\/5088"}],"wp:attachment":[{"href":"https:\/\/www.aleyork.com\/en\/wp-json\/wp\/v2\/media?parent=3681"}],"curies":[{"name":"wp","href":"https:\/\/api.w.org\/{rel}","templated":true}]}}