{"id":3689,"date":"2023-07-17T21:46:31","date_gmt":"2023-07-18T00:46:31","guid":{"rendered":"https:\/\/www.aleyork.com\/?page_id=3689"},"modified":"2025-02-06T19:37:02","modified_gmt":"2025-02-06T22:37:02","slug":"focando-na-sua-saude-mental","status":"publish","type":"page","link":"https:\/\/www.aleyork.com\/en\/focando-na-sua-saude-mental\/","title":{"rendered":"Focusing on your Mental Health"},"content":{"rendered":"<p>Our mental health affects every aspect of our lives, from our relationships and work performance to our physical health. Taking care of our mental health allows us to maintain a positive self-image, deal effectively with stress and face life's challenges with resilience. By prioritizing mental health, we can improve our overall quality of life, find a sense of inner balance, and experience greater personal growth.<\/p>\n<p>Talking openly with someone who understands us is a valuable source of support. Friends, family, or support groups can provide a safe space to express our thoughts and emotions. You will feel heard and validated. This sympathetic support helps alleviate feelings of loneliness, builds connections and reinforces the sense of belonging that is crucial to your mental well-being.<\/p>\n\t\t\t\t\t\t\t\t\t<img loading=\"lazy\" decoding=\"async\" src=\"https:\/\/www.aleyork.com\/wp-content\/uploads\/2023\/07\/focando-saude-mental-servico.jpg\" alt=\"\" itemprop=\"image\" height=\"540\" width=\"540\" srcset=\"https:\/\/www.aleyork.com\/wp-content\/uploads\/2023\/07\/focando-saude-mental-servico.jpg 540w, https:\/\/www.aleyork.com\/wp-content\/uploads\/2023\/07\/focando-saude-mental-servico-300x300.jpg 300w, https:\/\/www.aleyork.com\/wp-content\/uploads\/2023\/07\/focando-saude-mental-servico-150x150.jpg 150w, https:\/\/www.aleyork.com\/wp-content\/uploads\/2023\/07\/focando-saude-mental-servico-12x12.jpg 12w, https:\/\/www.aleyork.com\/wp-content\/uploads\/2023\/07\/focando-saude-mental-servico-100x100.jpg 100w\" sizes=\"auto, (max-width: 540px) 100vw, 540px\" onerror=\"this.style.display='none'\"  \/>\n\t<p>However, while understanding support is essential, it is important to recognize its limitations. Friends and family may not have the expertise to deal with complex mental health issues effectively. Furthermore, they may be influenced by personal relationships or lack sufficient knowledge of evidence-based therapeutic techniques. This is where the importance of talking to a Mental Health Aide and having therapy with a professional comes in.<\/p>\n<p>The uniqueness of talking to someone outside your circle offers a non-invasive and structured approach to mental health care.<\/p>\n<p>Al\u00ea York is a trained professional with years of experience to listen to you without any judgement. But she has her limitations because she is not a psychologist. Psychologists, therapists and psychiatrists are trained professionals equipped with psychological knowledge and techniques to diagnose and treat a variety of mental health conditions. Their experiences allow them to navigate the complexities of the human mind, empowering individuals to gain insights, overcome obstacles and develop effective coping strategies tailored to their specific needs. So, it is recommended that you, in addition to chatting with Al\u00ea, seek professional help<\/p>\n<p>Prioritizing your mental health is essential to leading a fulfilling life. While connecting with understanding family members, friends, or support groups plays an important role in our well-being, it is crucial to recognize that professional therapy offers unique benefits that complement these relationships. Therapists possess the knowledge and skills to effectively address complex mental health issues, providing a safe and confidential environment in which to explore, heal and Grow.<\/p>\n<p><strong>How does the chat work?<\/strong><\/p>\n<ul>\n<li><strong>You choose the most appropriate day and time for you;<\/strong><\/li>\n<li><strong>You can purchase more than one session to focus on your mental health;<\/strong><\/li>\n<li><strong>Make the payment online;<\/strong><\/li>\n<li><strong>Service is done via zoom or via WhatsApp;<\/strong><\/li>\n<li><strong>You will have access to exclusive materials on mental health.\u00a0<\/strong><\/li>\n<\/ul>\n<p><strong>Service Hours:<\/strong><\/p>\n<blockquote><strong>MONDAY: <\/strong>From 7 pm to 9 pm<strong><br \/>\n<\/strong>\n<p><strong>TUESDAY: <\/strong>From 7 pm to 10 pm<\/p>\n<p><strong>WEDNESDAY: <\/strong>From 7 pm to 9 pm<\/p>\n<p><strong><em>Note: Timetables in Brasilia (Brazil) | Service duration 1 hour<\/em><\/strong><\/p><\/blockquote>\n<p><strong>Sign up today to focus on your mental health with Al\u00ea York and embark on a rewarding Journey!<\/strong><\/p>\n\t\t\t\t<img decoding=\"async\" src=\"https:\/\/www.aleyork.com\/wp-content\/uploads\/2023\/07\/servico-focando-saude-mental-loja-ale3.jpg\" alt=\"\" title=\"\" itemprop=\"image\"\/>\n\t\t<h3>Focusing on your Mental Health<\/h3>\t\t\t\n\t\t\t\t<p><bdi>A partir de R$100,00<\/bdi><\/p>\n\t\t\t<a href=\"https:\/\/www.aleyork.com\/en\/product\/focando-na-sua-saude-mental\/\" title=\"Click Here\" target=\"_self\"   role=\"button\" aria-label=\"BUY NOW\">\n\t\t\t\t\t\t\tBUY NOW\n\t\t<\/a>","protected":false},"excerpt":{"rendered":"<p>Nossa sa\u00fade mental afeta todos os aspectos de nossas vidas, desde nossos relacionamentos e desempenho no trabalho at\u00e9 nossa sa\u00fade f\u00edsica. Cuidar de nossa sa\u00fade mental nos permite manter uma autoimagem positiva, lidar de forma eficaz com o estresse e enfrentar os desafios da vida com resili\u00eancia. Ao priorizar a sa\u00fade mental, podemos melhorar nossa [&hellip;]<\/p>\n","protected":false},"author":3,"featured_media":0,"parent":0,"menu_order":0,"comment_status":"closed","ping_status":"closed","template":"","meta":{"site-sidebar-layout":"no-sidebar","site-content-layout":"page-builder","ast-site-content-layout":"default","site-content-style":"default","site-sidebar-style":"default","ast-global-header-display":"","ast-banner-title-visibility":"","ast-main-header-display":"","ast-hfb-above-header-display":"","ast-hfb-below-header-display":"","ast-hfb-mobile-header-display":"","site-post-title":"disabled","ast-breadcrumbs-content":"disabled","ast-featured-img":"disabled","footer-sml-layout":"","ast-disable-related-posts":"","theme-transparent-header-meta":"enabled","adv-header-id-meta":"","stick-header-meta":"default","header-above-stick-meta":"","header-main-stick-meta":"","header-below-stick-meta":"","astra-migrate-meta-layouts":"default","ast-page-background-enabled":"default","ast-page-background-meta":{"desktop":{"background-color":"","background-image":"","background-repeat":"repeat","background-position":"center center","background-size":"auto","background-attachment":"scroll","background-type":"","background-media":"","overlay-type":"","overlay-color":"","overlay-opacity":"","overlay-gradient":""},"tablet":{"background-color":"","background-image":"","background-repeat":"repeat","background-position":"center center","background-size":"auto","background-attachment":"scroll","background-type":"","background-media":"","overlay-type":"","overlay-color":"","overlay-opacity":"","overlay-gradient":""},"mobile":{"background-color":"","background-image":"","background-repeat":"repeat","background-position":"center center","background-size":"auto","background-attachment":"scroll","background-type":"","background-media":"","overlay-type":"","overlay-color":"","overlay-opacity":"","overlay-gradient":""}},"ast-content-background-meta":{"desktop":{"background-color":"var(--ast-global-color-5)","background-image":"","background-repeat":"repeat","background-position":"center center","background-size":"auto","background-attachment":"scroll","background-type":"","background-media":"","overlay-type":"","overlay-color":"","overlay-opacity":"","overlay-gradient":""},"tablet":{"background-color":"var(--ast-global-color-5)","background-image":"","background-repeat":"repeat","background-position":"center center","background-size":"auto","background-attachment":"scroll","background-type":"","background-media":"","overlay-type":"","overlay-color":"","overlay-opacity":"","overlay-gradient":""},"mobile":{"background-color":"var(--ast-global-color-5)","background-image":"","background-repeat":"repeat","background-position":"center center","background-size":"auto","background-attachment":"scroll","background-type":"","background-media":"","overlay-type":"","overlay-color":"","overlay-opacity":"","overlay-gradient":""}},"footnotes":""},"class_list":["post-3689","page","type-page","status-publish","hentry"],"aioseo_notices":[],"jetpack_sharing_enabled":true,"_links":{"self":[{"href":"https:\/\/www.aleyork.com\/en\/wp-json\/wp\/v2\/pages\/3689","targetHints":{"allow":["GET"]}}],"collection":[{"href":"https:\/\/www.aleyork.com\/en\/wp-json\/wp\/v2\/pages"}],"about":[{"href":"https:\/\/www.aleyork.com\/en\/wp-json\/wp\/v2\/types\/page"}],"author":[{"embeddable":true,"href":"https:\/\/www.aleyork.com\/en\/wp-json\/wp\/v2\/users\/3"}],"replies":[{"embeddable":true,"href":"https:\/\/www.aleyork.com\/en\/wp-json\/wp\/v2\/comments?post=3689"}],"version-history":[{"count":32,"href":"https:\/\/www.aleyork.com\/en\/wp-json\/wp\/v2\/pages\/3689\/revisions"}],"predecessor-version":[{"id":5398,"href":"https:\/\/www.aleyork.com\/en\/wp-json\/wp\/v2\/pages\/3689\/revisions\/5398"}],"wp:attachment":[{"href":"https:\/\/www.aleyork.com\/en\/wp-json\/wp\/v2\/media?parent=3689"}],"curies":[{"name":"wp","href":"https:\/\/api.w.org\/{rel}","templated":true}]}}