{"id":3749,"date":"2023-07-21T11:53:07","date_gmt":"2023-07-21T14:53:07","guid":{"rendered":"https:\/\/www.aleyork.com\/?page_id=3749"},"modified":"2024-06-07T18:36:38","modified_gmt":"2024-06-07T21:36:38","slug":"download-positive-affirmations","status":"publish","type":"page","link":"https:\/\/www.aleyork.com\/en\/saude-mental\/download-positive-affirmations\/","title":{"rendered":"Download Positive Affirmations"},"content":{"rendered":"<img loading=\"lazy\" decoding=\"async\" src=\"https:\/\/www.aleyork.com\/wp-content\/uploads\/2023\/07\/ale-york-positive-affirmations.jpg\" alt=\"\" itemprop=\"image\" height=\"720\" width=\"405\" srcset=\"https:\/\/www.aleyork.com\/wp-content\/uploads\/2023\/07\/ale-york-positive-affirmations.jpg 405w, https:\/\/www.aleyork.com\/wp-content\/uploads\/2023\/07\/ale-york-positive-affirmations-169x300.jpg 169w, https:\/\/www.aleyork.com\/wp-content\/uploads\/2023\/07\/ale-york-positive-affirmations-7x12.jpg 7w\" sizes=\"auto, (max-width: 405px) 100vw, 405px\" onerror=\"this.style.display='none'\"  \/>\n\t\t\t<a href=\"https:\/\/www.aleyork.com\/wp-content\/uploads\/2023\/07\/positive-affirmations-ale-york.pdf\" target=\"_blank\" rel=\"noopener\">\n\t\t\t\t\t\t\tBAIXAR PDF\n\t\t\t\t\t<\/a>\n\t<p>Obrigada por baixar o arquivo! Espero que esses materiais tenham um impacto positivo para voc\u00ea.<\/p>\n<p><strong>Fa\u00e7a a sua doa\u00e7\u00e3o aqui!<\/strong><\/p>\n\t\t\t<a href=\"https:\/\/www.paypal.com\/donate\/?hosted_button_id=J7DT7HKESFZN4\" target=\"_blank\" rel=\"noopener\">\n\t\t\t\t\t\t\tDOE AQUI!\n\t\t\t\t\t<\/a>","protected":false},"excerpt":{"rendered":"<p>BAIXAR PDF Obrigada por baixar o arquivo! Espero que esses materiais tenham um impacto positivo para voc\u00ea. Fa\u00e7a a sua doa\u00e7\u00e3o aqui! DOE AQUI!<\/p>","protected":false},"author":3,"featured_media":0,"parent":1955,"menu_order":0,"comment_status":"closed","ping_status":"closed","template":"","meta":{"site-sidebar-layout":"no-sidebar","site-content-layout":"page-builder","ast-site-content-layout":"default","site-content-style":"default","site-sidebar-style":"default","ast-global-header-display":"","ast-banner-title-visibility":"","ast-main-header-display":"","ast-hfb-above-header-display":"","ast-hfb-below-header-display":"","ast-hfb-mobile-header-display":"","site-post-title":"disabled","ast-breadcrumbs-content":"disabled","ast-featured-img":"disabled","footer-sml-layout":"","ast-disable-related-posts":"","theme-transparent-header-meta":"enabled","adv-header-id-meta":"","stick-header-meta":"","header-above-stick-meta":"","header-main-stick-meta":"","header-below-stick-meta":"","astra-migrate-meta-layouts":"default","ast-page-background-enabled":"default","ast-page-background-meta":{"desktop":{"background-color":"","background-image":"","background-repeat":"repeat","background-position":"center center","background-size":"auto","background-attachment":"scroll","background-type":"","background-media":"","overlay-type":"","overlay-color":"","overlay-opacity":"","overlay-gradient":""},"tablet":{"background-color":"","background-image":"","background-repeat":"repeat","background-position":"center center","background-size":"auto","background-attachment":"scroll","background-type":"","background-media":"","overlay-type":"","overlay-color":"","overlay-opacity":"","overlay-gradient":""},"mobile":{"background-color":"","background-image":"","background-repeat":"repeat","background-position":"center center","background-size":"auto","background-attachment":"scroll","background-type":"","background-media":"","overlay-type":"","overlay-color":"","overlay-opacity":"","overlay-gradient":""}},"ast-content-background-meta":{"desktop":{"background-color":"var(--ast-global-color-5)","background-image":"","background-repeat":"repeat","background-position":"center center","background-size":"auto","background-attachment":"scroll","background-type":"","background-media":"","overlay-type":"","overlay-color":"","overlay-opacity":"","overlay-gradient":""},"tablet":{"background-color":"var(--ast-global-color-5)","background-image":"","background-repeat":"repeat","background-position":"center center","background-size":"auto","background-attachment":"scroll","background-type":"","background-media":"","overlay-type":"","overlay-color":"","overlay-opacity":"","overlay-gradient":""},"mobile":{"background-color":"var(--ast-global-color-5)","background-image":"","background-repeat":"repeat","background-position":"center center","background-size":"auto","background-attachment":"scroll","background-type":"","background-media":"","overlay-type":"","overlay-color":"","overlay-opacity":"","overlay-gradient":""}},"footnotes":""},"class_list":["post-3749","page","type-page","status-publish","hentry"],"aioseo_notices":[],"jetpack_sharing_enabled":true,"_links":{"self":[{"href":"https:\/\/www.aleyork.com\/en\/wp-json\/wp\/v2\/pages\/3749","targetHints":{"allow":["GET"]}}],"collection":[{"href":"https:\/\/www.aleyork.com\/en\/wp-json\/wp\/v2\/pages"}],"about":[{"href":"https:\/\/www.aleyork.com\/en\/wp-json\/wp\/v2\/types\/page"}],"author":[{"embeddable":true,"href":"https:\/\/www.aleyork.com\/en\/wp-json\/wp\/v2\/users\/3"}],"replies":[{"embeddable":true,"href":"https:\/\/www.aleyork.com\/en\/wp-json\/wp\/v2\/comments?post=3749"}],"version-history":[{"count":4,"href":"https:\/\/www.aleyork.com\/en\/wp-json\/wp\/v2\/pages\/3749\/revisions"}],"predecessor-version":[{"id":5109,"href":"https:\/\/www.aleyork.com\/en\/wp-json\/wp\/v2\/pages\/3749\/revisions\/5109"}],"up":[{"embeddable":true,"href":"https:\/\/www.aleyork.com\/en\/wp-json\/wp\/v2\/pages\/1955"}],"wp:attachment":[{"href":"https:\/\/www.aleyork.com\/en\/wp-json\/wp\/v2\/media?parent=3749"}],"curies":[{"name":"wp","href":"https:\/\/api.w.org\/{rel}","templated":true}]}}