{"id":4291,"date":"2023-08-30T21:00:11","date_gmt":"2023-08-31T00:00:11","guid":{"rendered":"https:\/\/www.aleyork.com\/?page_id=4291"},"modified":"2023-08-31T21:18:53","modified_gmt":"2023-09-01T00:18:53","slug":"lidando-com-a-dor-do-luto","status":"publish","type":"page","link":"https:\/\/www.aleyork.com\/en\/lidando-com-a-dor-do-luto\/","title":{"rendered":"Dealing with Grief"},"content":{"rendered":"<p><strong>Baixe o di\u00e1rio &#8220;Lidando com a dor do luto&#8221; de Al\u00ea York.<\/strong><\/p>\n\t\t\t\t\t\t\t\t\t<img loading=\"lazy\" decoding=\"async\" src=\"https:\/\/www.aleyork.com\/wp-content\/uploads\/2023\/08\/diario-ale-york-interna-flores.jpg\" alt=\"\" itemprop=\"image\" height=\"370\" width=\"479\" srcset=\"https:\/\/www.aleyork.com\/wp-content\/uploads\/2023\/08\/diario-ale-york-interna-flores.jpg 479w, https:\/\/www.aleyork.com\/wp-content\/uploads\/2023\/08\/diario-ale-york-interna-flores-300x232.jpg 300w, https:\/\/www.aleyork.com\/wp-content\/uploads\/2023\/08\/diario-ale-york-interna-flores-16x12.jpg 16w\" sizes=\"auto, (max-width: 479px) 100vw, 479px\" onerror=\"this.style.display='none'\"  \/>\n\t\t\t<a href=\"https:\/\/www.aleyork.com\/wp-content\/uploads\/2023\/08\/lidando-com-a-dor-do-luto-ale-york-capa-flores.pdf\" target=\"_blank\" rel=\"noopener\" role=\"button\" aria-label=\"Download version with flowers\">\n\t\t\t\t\t\t\tDownload version with flowers\n\t\t<\/a>\n\t\t\t\t\t\t\t\t\t<img loading=\"lazy\" decoding=\"async\" src=\"https:\/\/www.aleyork.com\/wp-content\/uploads\/2023\/08\/diario-ale-york-interna.jpg\" alt=\"\" itemprop=\"image\" height=\"370\" width=\"479\" srcset=\"https:\/\/www.aleyork.com\/wp-content\/uploads\/2023\/08\/diario-ale-york-interna.jpg 479w, https:\/\/www.aleyork.com\/wp-content\/uploads\/2023\/08\/diario-ale-york-interna-300x232.jpg 300w, https:\/\/www.aleyork.com\/wp-content\/uploads\/2023\/08\/diario-ale-york-interna-16x12.jpg 16w\" sizes=\"auto, (max-width: 479px) 100vw, 479px\" onerror=\"this.style.display='none'\"  \/>\n\t\t\t<a href=\"https:\/\/www.aleyork.com\/wp-content\/uploads\/2023\/08\/lidando-com-a-dor-do-luto-ale-york.pdf\" target=\"_blank\" rel=\"noopener\" role=\"button\" aria-label=\"Download version without flowers\">\n\t\t\t\t\t\t\tDownload version without flowers\n\t\t<\/a>","protected":false},"excerpt":{"rendered":"<p>Baixe o di\u00e1rio &#8220;Lidando com a dor do luto&#8221; de Al\u00ea York. Baixar vers\u00e3o com flores Baixar vers\u00e3o sem flores<\/p>","protected":false},"author":3,"featured_media":0,"parent":0,"menu_order":0,"comment_status":"closed","ping_status":"closed","template":"","meta":{"site-sidebar-layout":"no-sidebar","site-content-layout":"page-builder","ast-site-content-layout":"default","site-content-style":"default","site-sidebar-style":"default","ast-global-header-display":"","ast-banner-title-visibility":"","ast-main-header-display":"","ast-hfb-above-header-display":"","ast-hfb-below-header-display":"","ast-hfb-mobile-header-display":"","site-post-title":"disabled","ast-breadcrumbs-content":"disabled","ast-featured-img":"disabled","footer-sml-layout":"","ast-disable-related-posts":"","theme-transparent-header-meta":"enabled","adv-header-id-meta":"","stick-header-meta":"","header-above-stick-meta":"","header-main-stick-meta":"","header-below-stick-meta":"","astra-migrate-meta-layouts":"default","ast-page-background-enabled":"default","ast-page-background-meta":{"desktop":{"background-color":"","background-image":"","background-repeat":"repeat","background-position":"center center","background-size":"auto","background-attachment":"scroll","background-type":"","background-media":"","overlay-type":"","overlay-color":"","overlay-opacity":"","overlay-gradient":""},"tablet":{"background-color":"","background-image":"","background-repeat":"repeat","background-position":"center center","background-size":"auto","background-attachment":"scroll","background-type":"","background-media":"","overlay-type":"","overlay-color":"","overlay-opacity":"","overlay-gradient":""},"mobile":{"background-color":"","background-image":"","background-repeat":"repeat","background-position":"center center","background-size":"auto","background-attachment":"scroll","background-type":"","background-media":"","overlay-type":"","overlay-color":"","overlay-opacity":"","overlay-gradient":""}},"ast-content-background-meta":{"desktop":{"background-color":"var(--ast-global-color-5)","background-image":"","background-repeat":"repeat","background-position":"center center","background-size":"auto","background-attachment":"scroll","background-type":"","background-media":"","overlay-type":"","overlay-color":"","overlay-opacity":"","overlay-gradient":""},"tablet":{"background-color":"var(--ast-global-color-5)","background-image":"","background-repeat":"repeat","background-position":"center center","background-size":"auto","background-attachment":"scroll","background-type":"","background-media":"","overlay-type":"","overlay-color":"","overlay-opacity":"","overlay-gradient":""},"mobile":{"background-color":"var(--ast-global-color-5)","background-image":"","background-repeat":"repeat","background-position":"center center","background-size":"auto","background-attachment":"scroll","background-type":"","background-media":"","overlay-type":"","overlay-color":"","overlay-opacity":"","overlay-gradient":""}},"footnotes":""},"class_list":["post-4291","page","type-page","status-publish","hentry"],"aioseo_notices":[],"jetpack_sharing_enabled":true,"_links":{"self":[{"href":"https:\/\/www.aleyork.com\/en\/wp-json\/wp\/v2\/pages\/4291","targetHints":{"allow":["GET"]}}],"collection":[{"href":"https:\/\/www.aleyork.com\/en\/wp-json\/wp\/v2\/pages"}],"about":[{"href":"https:\/\/www.aleyork.com\/en\/wp-json\/wp\/v2\/types\/page"}],"author":[{"embeddable":true,"href":"https:\/\/www.aleyork.com\/en\/wp-json\/wp\/v2\/users\/3"}],"replies":[{"embeddable":true,"href":"https:\/\/www.aleyork.com\/en\/wp-json\/wp\/v2\/comments?post=4291"}],"version-history":[{"count":6,"href":"https:\/\/www.aleyork.com\/en\/wp-json\/wp\/v2\/pages\/4291\/revisions"}],"predecessor-version":[{"id":4314,"href":"https:\/\/www.aleyork.com\/en\/wp-json\/wp\/v2\/pages\/4291\/revisions\/4314"}],"wp:attachment":[{"href":"https:\/\/www.aleyork.com\/en\/wp-json\/wp\/v2\/media?parent=4291"}],"curies":[{"name":"wp","href":"https:\/\/api.w.org\/{rel}","templated":true}]}}